{"id":20097,"date":"2018-05-16T08:16:32","date_gmt":"2018-05-16T07:16:32","guid":{"rendered":"https:\/\/beta.mpm-quality.cz\/?page_id=20097"},"modified":"2025-01-06T16:06:45","modified_gmt":"2025-01-06T14:06:45","slug":"contacts","status":"publish","type":"page","link":"https:\/\/www.mpm-quality.cz\/en\/contacts\/","title":{"rendered":"Contacts"},"content":{"rendered":"<section class=\" vc_custom_1520339012655 \" ><div class=\"wpb_column hcode-column-container  col-xs-mobile-fullwidth col-sm-12 no-padding\"><div class=\"vc-column-innner-wrapper\">[vc_gmaps link=\"#E-8_JTNDaWZyYW1lJTIwc3JjJTNEJTIyaHR0cHMlM0ElMkYlMkZ3d3cuZ29vZ2xlLmNvbSUyRm1hcHMlMkZlbWJlZCUzRnBiJTNEJTIxMW0xNCUyMTFtOCUyMTFtMyUyMTFkMTAzMjguNTY0OTg0MTEwOTgzJTIxMmQxOC4zMzEyMzElMjEzZDQ5LjY3MDQ3OCUyMTNtMiUyMTFpMTAyNCUyMTJpNzY4JTIxNGYxMy4xJTIxM20zJTIxMW0yJTIxMXMweDAlMjUzQTB4Y2Q5NDViOTQzYThhOGM5NiUyMTJzTVBNLVFVQUxJVFklMkJ2Lm8ucy4lMjE1ZTAlMjEzbTIlMjExc2NzJTIxMnNjeiUyMTR2MTUyMDI1ODA0Njc0NCUyMiUyMHdpZHRoJTNEJTIyNjAwJTIyJTIwaGVpZ2h0JTNEJTIyNDUwJTIyJTIwZnJhbWVib3JkZXIlM0QlMjIwJTIyJTIwc3R5bGUlM0QlMjJib3JkZXIlM0EwJTIyJTIwYWxsb3dmdWxsc2NyZWVuJTNFJTNDJTJGaWZyYW1lJTNF\" css=\".vc_custom_1520338988716{padding-right: 0px !important;padding-left: 0px !important;}\"]<\/div><\/div><\/section><section class=\" vc_custom_1525347858797  row-equal-height row-content-middle no-padding xs-padding-lr-15px\"  style=\"  \"><div class=\"container\"><div class=\"row\"><div class=\"wpb_column hcode-column-container  col-lg-6 col-md-6 col-xs-mobile-fullwidth col-sm-6 sm-padding-five xs-padding-eight\" style=\" padding: 50px; background:#f6f6f6;\"><div class=\"vc-column-innner-wrapper\"><h2 class=\"text-large letter-spacing-2 text-uppercase agency-title  margin-eight-bottom\" style=\"font-size:24px !important;font-weight:500 !important;;\">Contact us<\/h2>\n<div class=\"wpcf7 no-js\" id=\"wpcf7-f20578-o1\" lang=\"cs-CZ\" dir=\"ltr\">\n<div class=\"screen-reader-response\"><p role=\"status\" aria-live=\"polite\" aria-atomic=\"true\"><\/p> <ul><\/ul><\/div>\n<form action=\"\/en\/wp-json\/wp\/v2\/pages\/20097#wpcf7-f20578-o1\" method=\"post\" class=\"wpcf7-form init\" aria-label=\"Kontaktn\u00ed formul\u00e1\u0159\" novalidate=\"novalidate\" data-status=\"init\">\n<div style=\"display: none;\">\n<input type=\"hidden\" name=\"_wpcf7\" value=\"20578\" \/>\n<input type=\"hidden\" name=\"_wpcf7_version\" value=\"5.8.5\" \/>\n<input type=\"hidden\" name=\"_wpcf7_locale\" value=\"cs_CZ\" \/>\n<input type=\"hidden\" name=\"_wpcf7_unit_tag\" value=\"wpcf7-f20578-o1\" \/>\n<input type=\"hidden\" name=\"_wpcf7_container_post\" value=\"0\" \/>\n<input type=\"hidden\" name=\"_wpcf7_posted_data_hash\" value=\"\" \/>\n<input type=\"hidden\" name=\"_wpcf7_recaptcha_response\" value=\"\" \/>\n<\/div>\n<p style=\"margin-bottom: 0px;\"><span class=\"wpcf7-form-control-wrap\" data-name=\"your-name\"><input size=\"40\" class=\"wpcf7-form-control wpcf7-text wpcf7-validates-as-required\" aria-required=\"true\" aria-invalid=\"false\" placeholder=\"NAME\" value=\"\" type=\"text\" name=\"your-name\" \/><\/span><br \/>\n<span class=\"wpcf7-form-control-wrap\" data-name=\"your-email\"><input size=\"40\" class=\"wpcf7-form-control wpcf7-email wpcf7-validates-as-required wpcf7-text wpcf7-validates-as-email\" aria-required=\"true\" aria-invalid=\"false\" placeholder=\"E-MAIL\" value=\"\" type=\"email\" name=\"your-email\" \/><\/span><br \/>\n<span class=\"wpcf7-form-control-wrap\" data-name=\"your-subject\"><input size=\"40\" class=\"wpcf7-form-control wpcf7-text wpcf7-validates-as-required\" aria-required=\"true\" aria-invalid=\"false\" placeholder=\"SUBJECT\" value=\"\" type=\"text\" name=\"your-subject\" \/><\/span><br \/>\n<span class=\"wpcf7-form-control-wrap\" data-name=\"your-message\"><textarea cols=\"40\" rows=\"4\" class=\"wpcf7-form-control wpcf7-textarea wpcf7-validates-as-required\" aria-required=\"true\" aria-invalid=\"false\" placeholder=\"MESSAGE\" name=\"your-message\"><\/textarea><\/span>\n<\/p>\n<p style=\"margin: -10px 0 20px; font-size: 13px;\">By submitting the query, you agree to <a href=\"\/en\/data-protection-policy\/\"><strong>the processing of your personal data<\/strong><\/a>.\n<\/p>\n<div style=\"width=\"100%;\">\n\t<div style=\"display: inline-block; float: left; margin-bottom: 22px;\">\n\t\t<p><input class=\"wpcf7-form-control wpcf7-submit has-spinner tlacitko_web highlight-button-dark btn-medium button btn\" type=\"submit\" value=\"SUBMIT\" \/>\n\t\t<\/p>\n\t<\/div>\n\t<div style=\"display: inline-block; float: right;\">\n\t\n\t<\/div>\n\t<div style=\"clear: both;\">\n\t<\/div>\n<\/div><div class=\"wpcf7-response-output\" aria-hidden=\"true\"><\/div>\n<\/form>\n<\/div>\n<\/div><\/div><div class=\"wpb_column hcode-column-container vc_custom_1702545111253  adresa col-lg-6 col-md-6 col-xs-mobile-fullwidth col-sm-6 sm-padding-five xs-padding-eight\" style=\" padding: 50px 50px;\"><div class=\"vc-column-innner-wrapper\"><div class=\"agency2-onepage adresa_sidlo\"><span><i class=\"fa fa-map-marker\" style=\"color:#000000 !important\"><\/i><\/span><strong  style=\"color:#000000 !important\">Headquarters<\/strong><div><p style=\"color: black;\">MPM-Quality, a. s.<br \/>\nP\u0159\u00edborsk\u00e1 1473<br \/>\n738 02 Fr\u00fddek-M\u00edstek, Czech Republic<\/p>\n<\/div><\/div><div class=\"agency2-onepage adresa_mail\"><span><i class=\"fa fa-envelope-o\" style=\"color:#000000 !important\"><\/i><\/span><strong  style=\"color:#000000 !important\">Email<\/strong><div><p><a style=\"color: black;\" href=\"mailto:mpm@mpm-quality.cz\">mpm@mpm-quality.cz<\/a><\/p>\n<\/div><\/div><div class=\"agency2-onepage adresa_tel\"><span><i class=\"fa fa-phone\" style=\"color:#000000 !important\"><\/i><\/span><strong  style=\"color:#000000 !important\">Telefone number<\/strong><div><p style=\"color: black;\">+420 558 441 170<\/p>\n<\/div><\/div><div class=\"agency2-onepage adresa_ic\"><span><i class=\"fa fa-list-alt\" style=\"color:#000000 !important\"><\/i><\/span><strong  style=\"color:#000000 !important\">IN: 479 87 430<\/strong><div><p style=\"color: black;\">TIN: CZ 479 87 430<br \/>\nCOMPANY MAINTAINED BY KOS OSTRAVA, SECTION B XVIII, FILE NO. 11618<\/p>\n<\/div><\/div><\/div><\/div><\/div><\/div><\/section><section class=\" vc_custom_1525342329234  no-padding\"  style=\"  \"><div class=\"container\"><div class=\"row\"><div class=\"wpb_column hcode-column-container  col-xs-mobile-fullwidth col-sm-12 text-center\"><div class=\"vc-column-innner-wrapper\"><h2 class=\"section-title  no-padding\" style=\"font-size:24px !important;font-weight:500 !important;;\">You can find us abroad<\/h2><\/div><\/div><\/div><\/div><\/section><section class=\"  no-padding\"  style=\"  \"><div class=\"container\"><div class=\"row\"><div class=\"wpb_column hcode-column-container  col-lg-4 col-md-4 col-xs-mobile-fullwidth col-sm-6 text-center padding-lr-15px sm-padding-lr-15px xs-padding-lr-15px\"><div class=\"vc-column-innner-wrapper\"><h3 class=\"section-title  black-text padding-one-bottom\" style=\"font-size:18px !important;font-weight:500 !important;;\">Slovakia<\/h3><p class=\"text-med black-text\" style=\"margin-bottom: 12px;\">Legion\u00e1rska 618, 911 01 Tren\u010d\u00edn<\/p>\n<p style=\"margin-bottom: 10px;\"><iframe loading=\"lazy\" style=\"border: 1px solid #e5e5e5; margin-bottom: 0px;\" src=\"https:\/\/www.google.com\/maps\/embed?pb=!1m18!1m12!1m3!1d2623.577611517626!2d18.03255331587314!3d48.8853282067633!2m3!1f0!2f0!3f0!3m2!1i1024!2i768!4f13.1!3m3!1m2!1s0x4714a18209eeb9f5%3A0xf0d25c6bf27c6781!2sMPM+QUALITY+s.r.o.!5e0!3m2!1scs!2scz!4v1518437318518\" width=\"300\" height=\"273\" frameborder=\"0\" allowfullscreen=\"allowfullscreen\"><\/iframe><\/p>\n<div  class=\" adresy_zahr_bez  \" ><p><strong><a href=\"mailto:obchod@mpm-quality.sk\">obchod@mpm-quality.sk<\/a><\/strong><br \/>\ntel.\/fax: +421 32 658 75 73, +421 32 640 05 32<\/p>\n<\/div><\/div><\/div><div class=\"wpb_column hcode-column-container  col-lg-4 col-md-4 col-xs-mobile-fullwidth col-sm-6 text-center padding-lr-15px sm-padding-lr-15px xs-padding-lr-15px\"><div class=\"vc-column-innner-wrapper\"><h3 class=\"section-title  black-text padding-one-bottom\" style=\"font-size:18px !important;font-weight:500 !important;;\">Poland<\/h3><p class=\"text-med black-text\" style=\"margin-bottom: 12px;\">Karpacka 24, 43-300 Bielsko-Bia\u0142a<\/p>\n<p style=\"margin-bottom: 10px;\"><iframe loading=\"lazy\" style=\"border: 1px solid #e5e5e5;\" src=\"https:\/\/www.google.com\/maps\/embed?pb=!1m14!1m8!1m3!1d10299.462966189358!2d19.0388619!3d49.8073917!3m2!1i1024!2i768!4f13.1!3m3!1m2!1s0x0%3A0x21e2bcf6bb3f0189!2sMPM-Quality+Sp.+z+o.o.+D%C5%82ugopisy%2C+artyku%C5%82y+reklamowe%2C+zegary!5e0!3m2!1scs!2scz!4v1518437603790\" width=\"300\" height=\"273\" frameborder=\"0\" allowfullscreen=\"allowfullscreen\"><\/iframe><\/p>\n<div  class=\" adresy_zahr_bez  \" ><p><strong><a href=\"mailto:biznes@mpm-quality.com\">biznes@mpm-quality.com<\/a><\/strong><br \/>\ntel.: +48 33 822 70 08, +48 33 811 50 27<br \/>\nfax: +48 33 812 45 21<\/p>\n<\/div><\/div><\/div><div class=\"wpb_column hcode-column-container  col-lg-4 col-md-4 col-xs-mobile-fullwidth col-sm-6 text-center padding-lr-15px sm-padding-lr-15px xs-padding-lr-15px\"><div class=\"vc-column-innner-wrapper\"><h3 class=\"section-title  black-text padding-one-bottom\" style=\"font-size:18px !important;font-weight:500 !important;;\">Hungary<\/h3><p class=\"text-med black-text\" style=\"margin-bottom: 12px;\">2900 Kom\u00e1rom, Jedlik \u00c1nyos utca 8<\/p>\n<p><iframe loading=\"lazy\" style=\"border: 0;\" src=\"https:\/\/www.google.com\/maps\/embed?pb=!1m18!1m12!1m3!1d2682.98781633107!2d18.119642833537966!3d47.742891112645665!2m3!1f0!2f0!3f0!3m2!1i1024!2i768!4f13.1!3m3!1m2!1s0x476bb2b32d226625%3A0x803f6eef3afe682!2zS29tw6Fyb20sIEplZGxpayDDgW55b3MgdS4gOCwgMjkwMCBNYcSPYXJza28!5e0!3m2!1scs!2scz!4v1672830943592!5m2!1scs!2scz\" width=\"300\" height=\"273\" allowfullscreen=\"allowfullscreen\"><\/iframe><\/p>\n<div  class=\" adresy_zahr_bez  \" ><p><strong><a href=\"mailto:uzlet@mpm-quality.hu\">uzlet@mpm-quality.hu<\/a><\/strong><br \/>\ntel.\/fax: +36 34 340 137<\/p>\n<\/div><\/div><\/div><\/div><\/div><\/section><section class=\" vc_custom_1525416549803  no-padding\" ><div class=\"container\"><div class=\"row\"><div class=\"wpb_column hcode-column-container  col-xs-mobile-fullwidth col-sm-12 text-center center-col\"><div class=\"vc-column-innner-wrapper\"><div class=\"dividers-header double-line\"><div class=\"subheader\" style = \"background-color: #fff;\"><h2 class=\"section-title  no-padding\" style=\"font-weight:500 !important;;\">Management of the company<\/h2><\/div><\/div><\/div><\/div><\/div><\/div><\/section><section class=\" vc_custom_1525416533411  no-padding\" ><div class=\"container\"><div class=\"row\"><div class=\"wpb_column hcode-column-container  col-lg-6 col-md-6 col-xs-mobile-fullwidth col-sm-4 text-center\"><div class=\"vc-column-innner-wrapper\">[vc_single_image image=\"19843\" img_size=\"full\" alignment=\"center\" css=\".vc_custom_1525674190600{margin-top: 10px !important;}\"]<h3 class=\"section-title  black-text no-padding\" style=\" margin: 15px 0 0 0;font-size:18px !important;font-weight:500 !important;;\">Petr Hanko<\/h3><div  class=\" testimonial-style2 black-text  \" ><p>CEO<br \/>\n<a href=\"mailto:mpm@mpm-quality.cz\">mpm@mpm-quality.cz<\/a><br \/>\n+420 558 441 170<\/p>\n<\/div><\/div><\/div><div class=\"wpb_column hcode-column-container  col-lg-6 col-md-6 col-xs-mobile-fullwidth col-sm-4 text-center\"><div class=\"vc-column-innner-wrapper\">[vc_single_image image=\"19859\" img_size=\"full\" alignment=\"center\" css=\".vc_custom_1525674200288{margin-top: 10px !important;}\"]<h3 class=\"section-title  black-text no-padding\" style=\" margin: 15px 0 0 0;font-size:18px !important;font-weight:500 !important;;\">Barbara Uher Hankov\u00e1<\/h3><div  class=\" testimonial-style2 black-text  \" ><p>Junior CEO, marketing<br \/>\n<a href=\"mailto:barbarahankova@mpm-quality.cz\">barbarahankova@mpm-quality.cz<\/a><br \/>\n+420 558 441 170<\/p>\n<\/div><\/div><\/div><\/div><\/div><\/section><section class=\" vc_custom_1525415156774  no-padding\" ><div class=\"container\"><div class=\"row\"><div class=\"wpb_column hcode-column-container  col-xs-mobile-fullwidth col-sm-12 text-center center-col\"><div class=\"vc-column-innner-wrapper\"><div class=\"dividers-header double-line\"><div class=\"subheader\" style = \"background-color: #fff;\"><h2 class=\"section-title  no-padding\" style=\"font-weight:500 !important;;\">Promotional business department<\/h2><\/div><\/div><\/div><\/div><\/div><\/div><\/section><section class=\" vc_custom_1611742106645  no-padding\" ><div class=\"container\"><div class=\"row\"><div class=\"wpb_column hcode-column-container  col-xs-mobile-fullwidth col-sm-4\"><div class=\"vc-column-innner-wrapper\"><\/div><\/div><div class=\"wpb_column hcode-column-container  col-xs-mobile-fullwidth col-sm-4 text-center\"><div class=\"vc-column-innner-wrapper\">[vc_single_image image=\"19843\" img_size=\"full\" alignment=\"center\" css=\".vc_custom_1525674214838{margin-top: 10px !important;}\"]<h3 class=\"section-title  black-text no-padding\" style=\" margin: 15px 0 0 0;font-size:18px !important;font-weight:500 !important;;\">Miroslav Gajda<\/h3><div  class=\" testimonial-style2 black-text  \" ><p>Commercial managing director<br \/>\n<a href=\"mailto:gajda@mpm-quality.cz\">gajda@mpm-quality.cz<\/a><br \/>\n+420 558 441 171<\/p>\n<\/div><\/div><\/div><div class=\"wpb_column hcode-column-container  col-xs-mobile-fullwidth col-sm-4\"><div class=\"vc-column-innner-wrapper\"><\/div><\/div><\/div><\/div><\/section><section class=\" vc_custom_1525416533411  no-padding\" ><div class=\"container\"><div class=\"row\"><div class=\"wpb_column hcode-column-container  col-lg-4 col-md-4 hidden-xs col-xs-mobile-fullwidth col-sm-4 text-center\"><div class=\"vc-column-innner-wrapper\"><div  class=\" testimonial-style2 black-text  \" ><p><strong>Miroslava Janul\u00edkov\u00e1<\/strong><br \/>\nOffice<br \/>\n<a href=\"mailto:obchod@mpm-quality.cz\">obchod@mpm-quality.cz<\/a><\/p>\n<\/div><\/div><\/div><div class=\"wpb_column hcode-column-container  col-lg-4 col-md-4 hidden-xs col-xs-mobile-fullwidth col-sm-4 text-center\"><div class=\"vc-column-innner-wrapper\"><div  class=\" testimonial-style2 black-text  \" ><p><strong>Monika \u017d\u016frkov\u00e1<\/strong><br \/>\nSales Representative<br \/>\nMoravian-Silesian region<\/p>\n<\/div><\/div><\/div><div class=\"wpb_column hcode-column-container  col-lg-4 col-md-4 hidden-xs col-xs-mobile-fullwidth col-sm-4 text-center\"><div class=\"vc-column-innner-wrapper\"><div  class=\" testimonial-style2 black-text  \" ><p><strong>Elena Dvo\u0159\u00e1\u010dkov\u00e1<\/strong><br \/>\nOffice<br \/>\n<a href=\"mailto:obchod@mpm-quality.cz\">obchod@mpm-quality.cz<\/a><\/p>\n<\/div><\/div><\/div><div class=\"wpb_column hcode-column-container  hidden-lg hidden-md hidden-sm col-xs-mobile-fullwidth col-sm-4 text-center\"><div class=\"vc-column-innner-wrapper\"><div  class=\" testimonial-style2 black-text  \" ><p><strong>Miroslava Janul\u00edkov\u00e1<\/strong><br \/>\nOffice<br \/>\n<a href=\"mailto:obchod@mpm-quality.cz\">obchod@mpm-quality.cz<\/a><\/p>\n<\/div><\/div><\/div><div class=\"wpb_column hcode-column-container  hidden-lg hidden-md hidden-sm col-xs-mobile-fullwidth col-sm-4 text-center\"><div class=\"vc-column-innner-wrapper\"><div  class=\" testimonial-style2 black-text  \" ><p><strong>Monika \u017d\u016frkov\u00e1<\/strong><br \/>\nSales Representative<br \/>\nMoravian-Silesian region<\/p>\n<\/div><\/div><\/div><div class=\"wpb_column hcode-column-container  hidden-lg hidden-md hidden-sm col-xs-mobile-fullwidth col-sm-4 text-center\"><div class=\"vc-column-innner-wrapper\"><div  class=\" testimonial-style2 black-text  \" ><p><strong>Elena Dvo\u0159\u00e1\u010dkov\u00e1<\/strong><br \/>\nOffice<br \/>\n<a href=\"mailto:obchod@mpm-quality.cz\">obchod@mpm-quality.cz<\/a><\/p>\n<\/div><\/div><\/div><\/div><\/div><\/section><section class=\" vc_custom_1525415156774  no-padding\" ><div class=\"container\"><div class=\"row\"><div class=\"wpb_column hcode-column-container  col-xs-mobile-fullwidth col-sm-12 text-center center-col\"><div class=\"vc-column-innner-wrapper\"><div class=\"dividers-header double-line\"><div class=\"subheader\" style = \"background-color: #fff;\"><h2 class=\"section-title  no-padding\" style=\"font-weight:500 !important;;\">Horological goods<\/h2><\/div><\/div><\/div><\/div><\/div><\/div><\/section><section class=\" vc_custom_1525416533411  no-padding\" ><div class=\"container\"><div class=\"row\"><div class=\"wpb_column hcode-column-container  col-xs-mobile-fullwidth col-sm-4 text-center center-col\"><div class=\"vc-column-innner-wrapper\">[vc_single_image image=\"19843\" img_size=\"full\" alignment=\"center\" css=\".vc_custom_1525674222967{margin-top: 10px !important;}\"]<h3 class=\"section-title  black-text no-padding\" style=\" margin: 15px 0 0 0;font-size:18px !important;font-weight:500 !important;;\">Pavel Houdek<\/h3><div  class=\" testimonial-style2 black-text  \" ><p>Commercial manager<br \/>\n<a href=\"mailto:houdek@mpm-quality.cz\">houdek@mpm-quality.cz<\/a><br \/>\n+420 558 441 144<\/p>\n<\/div><\/div><\/div><\/div><\/div><\/section>","protected":false},"excerpt":{"rendered":"<p>[vc_gmaps link=&#8221;#E-8_JTNDaWZyYW1lJTIwc3JjJTNEJTIyaHR0cHMlM0ElMkYlMkZ3d3cuZ29vZ2xlLmNvbSUyRm1hcHMlMkZlbWJlZCUzRnBiJTNEJTIxMW0xNCUyMTFtOCUyMTFtMyUyMTFkMTAzMjguNTY0OTg0MTEwOTgzJTIxMmQxOC4zMzEyMzElMjEzZDQ5LjY3MDQ3OCUyMTNtMiUyMTFpMTAyNCUyMTJpNzY4JTIxNGYxMy4xJTIxM20zJTIxMW0yJTIxMXMweDAlMjUzQTB4Y2Q5NDViOTQzYThhOGM5NiUyMTJzTVBNLVFVQUxJVFklMkJ2Lm8ucy4lMjE1ZTAlMjEzbTIlMjExc2NzJTIxMnNjeiUyMTR2MTUyMDI1ODA0Njc0NCUyMiUyMHdpZHRoJTNEJTIyNjAwJTIyJTIwaGVpZ2h0JTNEJTIyNDUwJTIyJTIwZnJhbWVib3JkZXIlM0QlMjIwJTIyJTIwc3R5bGUlM0QlMjJib3JkZXIlM0EwJTIyJTIwYWxsb3dmdWxsc2NyZWVuJTNFJTNDJTJGaWZyYW1lJTNF&#8221; css=&#8221;.vc_custom_1520338988716{padding-right: 0px !important;padding-left: 0px !important;}&#8221;]Contact us By submitting the query, you agree to the processing of your personal data.<\/p>\n","protected":false},"author":3,"featured_media":0,"parent":0,"menu_order":0,"comment_status":"closed","ping_status":"closed","template":"","meta":{"footnotes":""},"_links":{"self":[{"href":"https:\/\/www.mpm-quality.cz\/en\/wp-json\/wp\/v2\/pages\/20097"}],"collection":[{"href":"https:\/\/www.mpm-quality.cz\/en\/wp-json\/wp\/v2\/pages"}],"about":[{"href":"https:\/\/www.mpm-quality.cz\/en\/wp-json\/wp\/v2\/types\/page"}],"author":[{"embeddable":true,"href":"https:\/\/www.mpm-quality.cz\/en\/wp-json\/wp\/v2\/users\/3"}],"replies":[{"embeddable":true,"href":"https:\/\/www.mpm-quality.cz\/en\/wp-json\/wp\/v2\/comments?post=20097"}],"version-history":[{"count":21,"href":"https:\/\/www.mpm-quality.cz\/en\/wp-json\/wp\/v2\/pages\/20097\/revisions"}],"predecessor-version":[{"id":23803,"href":"https:\/\/www.mpm-quality.cz\/en\/wp-json\/wp\/v2\/pages\/20097\/revisions\/23803"}],"wp:attachment":[{"href":"https:\/\/www.mpm-quality.cz\/en\/wp-json\/wp\/v2\/media?parent=20097"}],"curies":[{"name":"wp","href":"https:\/\/api.w.org\/{rel}","templated":true}]}}