{"id":20749,"date":"2018-06-18T14:28:35","date_gmt":"2018-06-18T12:28:35","guid":{"rendered":"https:\/\/www.mpm-quality.cz\/?page_id=20749"},"modified":"2024-01-08T11:57:47","modified_gmt":"2024-01-08T09:57:47","slug":"hu","status":"publish","type":"page","link":"https:\/\/www.mpm-quality.cz\/hu\/","title":{"rendered":"MPM-Quality Kft."},"content":{"rendered":"<section class=\" vc_custom_1524226551352  no-padding content-top-margin\"  style=\"  \"><div class=\"container-fluid\"><div class=\"row\"><div class=\"wpb_column hcode-column-container  col-xs-mobile-fullwidth\"><div class=\"vc-column-innner-wrapper\">[rev_slider_vc alias=\"hu-slider\"]<\/div><\/div><\/div><\/div><\/section><section class=\" vc_custom_1527765046990  no-padding-bottom\" ><div class=\"container\"><div class=\"row\"><div class=\"wpb_column hcode-column-container  col-md-12 col-xs-mobile-fullwidth no-padding\"><div class=\"vc-column-innner-wrapper\"><p style=\"text-align: center; font-variant: small-caps; font-size: 18px; font-family: 'Roboto', sans-serif; font-weight: 300;\">az online \u00e1ruh\u00e1zba val\u00f3 bel\u00e9p\u00e9shez kattintson a log\u00f3ra<\/p>\n\n\t\t<style>\n\t\t\t#wpls-logo-showcase-slider-1 .wpls-fix-box,\n\t\t\t#wpls-logo-showcase-slider-1 .wpls-fix-box img.wp-post-image{max-height:250px; }\n\t\t<\/style>\n\n\t\t<div class=\"wpls-wrap wpls-logo-showcase-slider-wrp wpls-logo-clearfix wpls-design-1 \" data-conf=\"{&quot;slides_column&quot;:4,&quot;slides_scroll&quot;:1,&quot;dots&quot;:&quot;false&quot;,&quot;arrows&quot;:&quot;true&quot;,&quot;autoplay&quot;:&quot;true&quot;,&quot;autoplay_interval&quot;:3000,&quot;loop&quot;:&quot;true&quot;,&quot;rtl&quot;:&quot;false&quot;,&quot;speed&quot;:&quot;2000&quot;,&quot;center_mode&quot;:&quot;false&quot;,&quot;lazyload&quot;:&quot;&quot;}\">\n\t\t\t<div class=\"wpls-logo-showcase logo_showcase wpls-logo-slider  sliderimage_hide_border wpls-dots-false\" id=\"wpls-logo-showcase-slider-1\" >\n\t\t\t\t<div class=\"wpls-logo-cnt\">\n\t<div class=\"wpls-fix-box\">\n\t\t\t\t<a href=\"https:\/\/www.mpm-reklama.cz\/\" target=\"_blank\">\n\t\t\t<img decoding=\"async\" class=\"wp-post-image\"  src=\"https:\/\/www.mpm-quality.cz\/wp-content\/uploads\/2025\/12\/MPM-Reklama_256x176px.jpg\" alt=\"\" \/>\n\t\t<\/a>\n\t\t\t<\/div>\n\t<\/div><div class=\"wpls-logo-cnt\">\n\t<div class=\"wpls-fix-box\">\n\t\t\t\t<a href=\"http:\/\/www.empen.eu\/\" target=\"_blank\">\n\t\t\t<img decoding=\"async\" class=\"wp-post-image\"  src=\"https:\/\/www.mpm-quality.cz\/wp-content\/uploads\/2025\/12\/Empen_256x176px.jpg\" alt=\"\" \/>\n\t\t<\/a>\n\t\t\t<\/div>\n\t<\/div><div class=\"wpls-logo-cnt\">\n\t<div class=\"wpls-fix-box\">\n\t\t\t\t<img decoding=\"async\" class=\"wp-post-image\"  src=\"https:\/\/www.mpm-quality.cz\/wp-content\/uploads\/2025\/12\/Prim_256x176px.jpg\" alt=\"\" \/>\n\t\t\t<\/div>\n\t<\/div><div class=\"wpls-logo-cnt\">\n\t<div class=\"wpls-fix-box\">\n\t\t\t\t<img decoding=\"async\" class=\"wp-post-image\"  src=\"https:\/\/www.mpm-quality.cz\/wp-content\/uploads\/2025\/12\/MPM-Time_256x176px.jpg\" alt=\"\" \/>\n\t\t\t<\/div>\n\t<\/div>\t\t\t<\/div>\n\t\t<\/div>\n\n\t\t\n<\/div><\/div><\/div><\/div><\/section><section class=\" vc_custom_1638466396596 \" ><div class=\"container\"><div class=\"row\"><div class=\"wpb_column hcode-column-container vc_custom_1638465759741  col-lg-offset-1 col-md-offset-1 col-sm-offset-1 col-xs-12 col-sm-10\"><div class=\"vc-column-innner-wrapper\"><p style=\"text-align: center; font-variant: small-caps; font-size: 18px; font-family: 'Roboto', sans-serif; font-weight: 300;\">zerm\u00e9keinket megtal\u00e1lja partnereinkn\u00e9l is<\/p>\n\n\t\t<style>\n\t\t\t#wpls-logo-showcase-slider-2 .wpls-fix-box,\n\t\t\t#wpls-logo-showcase-slider-2 .wpls-fix-box img.wp-post-image{max-height:250px; }\n\t\t<\/style>\n\n\t\t<div class=\"wpls-wrap wpls-logo-showcase-slider-wrp wpls-logo-clearfix wpls-design-1 \" data-conf=\"{&quot;slides_column&quot;:&quot;2&quot;,&quot;slides_scroll&quot;:1,&quot;dots&quot;:&quot;false&quot;,&quot;arrows&quot;:&quot;true&quot;,&quot;autoplay&quot;:&quot;true&quot;,&quot;autoplay_interval&quot;:3000,&quot;loop&quot;:&quot;true&quot;,&quot;rtl&quot;:&quot;false&quot;,&quot;speed&quot;:&quot;2000&quot;,&quot;center_mode&quot;:&quot;false&quot;,&quot;lazyload&quot;:&quot;&quot;}\">\n\t\t\t<div class=\"wpls-logo-showcase logo_showcase wpls-logo-slider  sliderimage_hide_border wpls-dots-false\" id=\"wpls-logo-showcase-slider-2\" >\n\t\t\t\t<div class=\"wpls-logo-cnt\">\n\t<div class=\"wpls-fix-box\">\n\t\t\t\t<a href=\"https:\/\/www.amazon.de\/stores\/page\/908D5380-07C2-42BF-BE15-FA27505261D0\" target=\"_blank\">\n\t\t\t<img decoding=\"async\" class=\"wp-post-image\"  src=\"https:\/\/www.mpm-quality.cz\/wp-content\/uploads\/2021\/12\/Amazon_logo_160.jpg\" alt=\"\" \/>\n\t\t<\/a>\n\t\t\t<\/div>\n\t<\/div><div class=\"wpls-logo-cnt\">\n\t<div class=\"wpls-fix-box\">\n\t\t\t\t<a href=\"https:\/\/www.alza.cz\/mpm\/v19510.htm\" target=\"_blank\">\n\t\t\t<img decoding=\"async\" class=\"wp-post-image\"  src=\"https:\/\/www.mpm-quality.cz\/wp-content\/uploads\/2021\/12\/Alza_logo_160.jpg\" alt=\"\" \/>\n\t\t<\/a>\n\t\t\t<\/div>\n\t<\/div>\t\t\t<\/div>\n\t\t<\/div>\n\n\t\t\n<\/div><\/div><\/div><\/div><\/section><section class=\" vc_custom_1529486595491  no-padding-bottom\" ><div class=\"container\"><div class=\"row\"><div class=\"wpb_column hcode-column-container  col-md-12 col-xs-mobile-fullwidth no-padding\"><div class=\"vc-column-innner-wrapper\"><div class=\"portfolio-short-description parallax-portfolio-gallery-parent col-md-12 col-sm-12 col-xs-12\">\n<div class=\"portfolio-short-description-bg pull-right bg-image-srcset\" style=\"background-image: url('https:\/\/www.mpm-quality.cz\/wp-content\/uploads\/2023\/12\/PRIM-JANSKY_1920x1022_03-rozmaz-e1702469870976.jpg');\">\n<figure class=\"pull-right wow fadeInRight animated\" style=\"visibility: visible; animation-name: fadeInRight;\"><figcaption>\n<div class=\"separator-line bg-white no-margin-lr no-margin\"><\/div>\n<p>&nbsp;<\/p>\n<h2 class=\"white-text\"><a href=\"\/hu\/orak-es-ekszerek\/\">\u00d3R\u00c1K \u00c9S \u00c9KSZEREK<\/a><\/h2>\n<p class=\"light-gray-text margin-seven\">A min\u0151s\u00e9ges \u00f3r\u00e1k a legszebb \u00e9s leg\u00e9rt\u00e9kesebb aj\u00e1nd\u00e9kok k\u00f6z\u00e9 tartoznak, ez\u00e9rt c\u00e9lunk,hogy \u00fcgyfeleinknek az elad\u00e1shoz,individualiz\u00e1ci\u00f3hoz \u00e9s szervizel\u00e9shez magas sz\u00ednvonal\u00fa,nagyon min\u0151s\u00e9ges szolg\u00e1ltat\u00e1st ny\u00fajtsuk.<\/p>\n<p class=\"light-gray-text margin-seven\">PRIM, MPM-Quality m\u00e1rk\u00e1j\u00fa kar\u00f3r\u00e1k, fali\u00f3r\u00e1k, \u00e9breszt\u0151\u00f3r\u00e1k,id\u0151j\u00e1r\u00e1s \u00e1llom\u00e1sok, valamint m\u00e1s divatm\u00e1rk\u00e1k sz\u00e9les v\u00e1laszt\u00e9ka. St\u00edlusos nemesac\u00e9l \u00e9kszereket is k\u00edn\u00e1lunk.<\/p>\n<p class=\"no-margin-bottom\"><a class=\"btn-small-white-background btn margin-three no-margin-bottom\" href=\"\/hu\/orak-es-ekszerek\/\">MEGN\u00c9ZEM<\/a><\/p>\n<\/figcaption><\/figure>\n<\/div>\n<\/div>\n<\/div><\/div><\/div><\/div><\/section><section class=\" vc_custom_1519903042393  no-padding-bottom\" ><div class=\"container\"><div class=\"row\"><div class=\"wpb_column hcode-column-container  col-md-12 col-xs-mobile-fullwidth no-padding\"><div class=\"vc-column-innner-wrapper\"><div class=\"portfolio-short-description parallax-portfolio-gallery-parent col-md-12 col-sm-12 col-xs-12\">\n<div class=\"portfolio-short-description-bg pull-left bg-image-srcset\" style=\"background-image: url('https:\/\/www.mpm-quality.cz\/wp-content\/uploads\/2018\/04\/reklamka_UK_2.jpg');\">\n<figure class=\"pull-left wow fadeInLeft animated\" style=\"visibility: visible; animation-name: fadeInLeft;\"><figcaption>\n<div class=\"separator-line bg-white no-margin-lr no-margin\"><\/div>\n<p>&nbsp;<\/p>\n<h2 class=\"white-text\"><a href=\"\/hu\/reklam-es-iroda\/\">Rekl\u00e1m -\u00e9s iroda<\/a><\/h2>\n<p class=\"light-gray-text margin-seven\">Rekl\u00e1m\u00fcgyn\u00f6ks\u00e9g\u00fcnk imm\u00e1r 18 \u00e9ve szem\u00e9lyre szabott szolg\u00e1ltat\u00e1sokat ny\u00fajt \u00fcgyfeleinek .Szenved\u00e9ly\u00fcnk a rekl\u00e1m aj\u00e1nd\u00e9kok k\u00e9sz\u00edt\u00e9se.<\/p>\n<p class=\"light-gray-text margin-seven\">Aj\u00e1nd\u00e9kt\u00e1rgy rakt\u00e1rk\u00e9szlet\u00fcnk t\u00f6bb mint 3500 f\u00e9le term\u00e9ket tartalmaz,a standard k\u00edn\u00e1latunkon k\u00edv\u00fcl elk\u00e9szitj\u00fck az \u00d6n egyedi 3D propag\u00e1ci\u00f3j\u00e1t is.<\/p>\n<p class=\"no-margin-bottom\"><a class=\"btn-small-white-background btn margin-three no-margin-bottom\" href=\"\/hu\/reklam-es-iroda\/\">MEGN\u00c9ZEM<\/a><\/p>\n<\/figcaption><\/figure>\n<\/div>\n<\/div>\n<\/div><\/div><\/div><\/div><\/section><section class=\" vc_custom_1522912434414  no-padding-bottom\" ><div class=\"container\"><div class=\"row\"><div class=\"wpb_column hcode-column-container  col-md-12 col-xs-mobile-fullwidth no-padding\"><div class=\"vc-column-innner-wrapper\"><div class=\"portfolio-short-description parallax-portfolio-gallery-parent col-md-12 col-sm-12 col-xs-12\">\n<div class=\"portfolio-short-description-bg pull-right bg-image-srcset\" style=\"background-image: url('https:\/\/www.mpm-quality.cz\/wp-content\/uploads\/2018\/05\/sluzby_tampon_uprava2.jpg');\">\n<figure class=\"pull-right wow fadeInRight animated\" style=\"visibility: visible; animation-name: fadeInRight;\"><figcaption>\n<div class=\"separator-line bg-white no-margin-lr no-margin\"><\/div>\n<p>&nbsp;<\/p>\n<h2 class=\"white-text\"><a href=\"\/hu\/reklam-szolgaltatasok\/\">REKL\u00c1M SZOLG\u00c1LTAT\u00c1SOK<\/a><\/h2>\n<p class=\"light-gray-text margin-seven\">Eredeti, fant\u00e1ziad\u00fas \u00e9s megb\u00edzhat\u00f3 munk\u00e1val seg\u00edtj\u00fck \u00f6tletei megval\u00f3s\u00edt\u00e1s\u00e1ban, az els\u0151 grafikai tervez\u00e9st\u0151l kezdve eg\u00e9szen a gy\u00e1rt\u00e1sig.<\/p>\n<p class=\"light-gray-text margin-seven\">A rekl\u00e1m\u00fcgyn\u00f6ks\u00e9g munk\u00e1j\u00e1nak elengedhetetlen r\u00e9sze a megfelel\u0151 technik\u00e1val elhelyezett log\u00f3k vagy m\u00e1s grafikai elemek k\u00fcl\u00f6nb\u00f6z\u0151 anyagokb\u00f3l k\u00e9sz\u00fclt prom\u00f3ci\u00f3s term\u00e9kekre - amely lehet tamponnyom\u00e1s, l\u00e9zergrav\u00edroz\u00e1s, dombornyom\u00e1s, h\u00edmz\u00e9s, f\u00f3li\u00e1k \u00e9s matric\u00e1k ragaszt\u00e1sa, UV nyomtat\u00e1s stb.<\/p>\n<p class=\"no-margin-bottom\"><a class=\"btn-small-white-background btn margin-three no-margin-bottom\" href=\"\/hu\/reklam-szolgaltatasok\/\">MEGN\u00c9ZEM<\/a><\/p>\n<\/figcaption><\/figure>\n<\/div>\n<\/div>\n<\/div><\/div><\/div><\/div><\/section><section class=\" vc_custom_1520947413960 \"  style=\" background-color:#f7f7f7; \"><div class=\"container\"><div class=\"row\"><div class=\"wpb_column hcode-column-container  col-xs-mobile-fullwidth col-sm-12\"><div class=\"vc-column-innner-wrapper\">[vc_separator color=\"mulled_wine\" style=\"shadow\"]<\/div><\/div><\/div><\/div><\/section><section class=\" vc_custom_1522128956526 \"  style=\" background-color:#e4e4e4; \"><div class=\"container\"><div class=\"row\"><div class=\"wpb_column hcode-column-container  col-md-5 col-xs-mobile-fullwidth col-sm-8 text-center center-col\"><div class=\"vc-column-innner-wrapper\"><div><div class=\"subheader\"  style = \"background-color: rgba(228,228,228,0.01);\"><h2 class=\"section-title  no-padding\" style=\"font-size:24px !important;font-weight:400 !important;;\">\u00fcgyfeleink<\/h2><\/div><\/div><\/div><\/div><\/div><\/div><\/section><section class=\" vc_custom_1522067926327 \"  style=\" background-color:#e4e4e4; \"><div class=\"container\"><div class=\"row\"><div class=\"wpb_column hcode-column-container  col-xs-mobile-fullwidth col-sm-12\"><div class=\"vc-column-innner-wrapper\">\n\t\t<style>\n\t\t\t#wpls-logo-showcase-slider-3 .wpls-fix-box,\n\t\t\t#wpls-logo-showcase-slider-3 .wpls-fix-box img.wp-post-image{max-height:250px; }\n\t\t<\/style>\n\n\t\t<div class=\"wpls-wrap wpls-logo-showcase-slider-wrp wpls-logo-clearfix wpls-design-1 \" data-conf=\"{&quot;slides_column&quot;:&quot;7&quot;,&quot;slides_scroll&quot;:1,&quot;dots&quot;:&quot;false&quot;,&quot;arrows&quot;:&quot;true&quot;,&quot;autoplay&quot;:&quot;true&quot;,&quot;autoplay_interval&quot;:3000,&quot;loop&quot;:&quot;true&quot;,&quot;rtl&quot;:&quot;false&quot;,&quot;speed&quot;:&quot;2000&quot;,&quot;center_mode&quot;:&quot;false&quot;,&quot;lazyload&quot;:&quot;&quot;}\">\n\t\t\t<div class=\"wpls-logo-showcase logo_showcase wpls-logo-slider  sliderimage_hide_border wpls-dots-false\" id=\"wpls-logo-showcase-slider-3\" >\n\t\t\t\t<div class=\"wpls-logo-cnt\">\n\t<div class=\"wpls-fix-box\">\n\t\t\t\t<a href=\"https:\/\/www.demos-trade.cz\/\" target=\"_self\">\n\t\t\t<img decoding=\"async\" class=\"wp-post-image\"  src=\"https:\/\/www.mpm-quality.cz\/wp-content\/uploads\/2018\/03\/demos_2.png\" alt=\"\" \/>\n\t\t<\/a>\n\t\t\t<\/div>\n\t<\/div><div class=\"wpls-logo-cnt\">\n\t<div class=\"wpls-fix-box\">\n\t\t\t\t<a href=\"https:\/\/www.elvac.eu\/\" target=\"_self\">\n\t\t\t<img decoding=\"async\" class=\"wp-post-image\"  src=\"https:\/\/www.mpm-quality.cz\/wp-content\/uploads\/2018\/03\/elvac_2.png\" alt=\"\" \/>\n\t\t<\/a>\n\t\t\t<\/div>\n\t<\/div><div class=\"wpls-logo-cnt\">\n\t<div class=\"wpls-fix-box\">\n\t\t\t\t<a href=\"https:\/\/www.coca-cola.cz\/cs\/home\/\" target=\"_self\">\n\t\t\t<img decoding=\"async\" class=\"wp-post-image\"  src=\"https:\/\/www.mpm-quality.cz\/wp-content\/uploads\/2018\/06\/coca_cola_logo.png\" alt=\"\" \/>\n\t\t<\/a>\n\t\t\t<\/div>\n\t<\/div><div class=\"wpls-logo-cnt\">\n\t<div class=\"wpls-fix-box\">\n\t\t\t\t<a href=\"https:\/\/pepsi.cz\/\" target=\"_self\">\n\t\t\t<img decoding=\"async\" class=\"wp-post-image\"  src=\"https:\/\/www.mpm-quality.cz\/wp-content\/uploads\/2018\/06\/pepsi_logo.png\" alt=\"\" \/>\n\t\t<\/a>\n\t\t\t<\/div>\n\t<\/div><div class=\"wpls-logo-cnt\">\n\t<div class=\"wpls-fix-box\">\n\t\t\t\t<a href=\"https:\/\/www.koop.cz\/\" target=\"_self\">\n\t\t\t<img decoding=\"async\" class=\"wp-post-image\"  src=\"https:\/\/www.mpm-quality.cz\/wp-content\/uploads\/2018\/03\/koop_2.png\" alt=\"\" \/>\n\t\t<\/a>\n\t\t\t<\/div>\n\t<\/div><div class=\"wpls-logo-cnt\">\n\t<div class=\"wpls-fix-box\">\n\t\t\t\t<a href=\"https:\/\/www.cuni.cz\/\" target=\"_self\">\n\t\t\t<img decoding=\"async\" class=\"wp-post-image\"  src=\"https:\/\/www.mpm-quality.cz\/wp-content\/uploads\/2018\/03\/karlova-univerzita_3.png\" alt=\"\" \/>\n\t\t<\/a>\n\t\t\t<\/div>\n\t<\/div><div class=\"wpls-logo-cnt\">\n\t<div class=\"wpls-fix-box\">\n\t\t\t\t<a href=\"http:\/\/www.cervenykriz.eu\/\" target=\"_self\">\n\t\t\t<img decoding=\"async\" class=\"wp-post-image\"  src=\"https:\/\/www.mpm-quality.cz\/wp-content\/uploads\/2018\/03\/cck_2.png\" alt=\"\" \/>\n\t\t<\/a>\n\t\t\t<\/div>\n\t<\/div><div class=\"wpls-logo-cnt\">\n\t<div class=\"wpls-fix-box\">\n\t\t\t\t<a href=\"https:\/\/www.allianz.cz\/\" target=\"_self\">\n\t\t\t<img decoding=\"async\" class=\"wp-post-image\"  src=\"https:\/\/www.mpm-quality.cz\/wp-content\/uploads\/2018\/03\/allianz_2.png\" alt=\"\" \/>\n\t\t<\/a>\n\t\t\t<\/div>\n\t<\/div><div class=\"wpls-logo-cnt\">\n\t<div class=\"wpls-fix-box\">\n\t\t\t\t<a href=\"http:\/\/ostrava.arcelormittal.com\/\" target=\"_self\">\n\t\t\t<img decoding=\"async\" class=\"wp-post-image\"  src=\"https:\/\/www.mpm-quality.cz\/wp-content\/uploads\/2018\/03\/arcelor_2.png\" alt=\"\" \/>\n\t\t<\/a>\n\t\t\t<\/div>\n\t<\/div><div class=\"wpls-logo-cnt\">\n\t<div class=\"wpls-fix-box\">\n\t\t\t\t<a href=\"http:\/\/www.hcocelari.cz\/\" target=\"_self\">\n\t\t\t<img decoding=\"async\" class=\"wp-post-image\"  src=\"https:\/\/www.mpm-quality.cz\/wp-content\/uploads\/2018\/03\/ocelari_2.png\" alt=\"\" \/>\n\t\t<\/a>\n\t\t\t<\/div>\n\t<\/div><div class=\"wpls-logo-cnt\">\n\t<div class=\"wpls-fix-box\">\n\t\t\t\t<a href=\"https:\/\/www.ceskaposta.cz\/\" target=\"_self\">\n\t\t\t<img decoding=\"async\" class=\"wp-post-image\"  src=\"https:\/\/www.mpm-quality.cz\/wp-content\/uploads\/2018\/03\/ceska_posta_2.png\" alt=\"\" \/>\n\t\t<\/a>\n\t\t\t<\/div>\n\t<\/div><div class=\"wpls-logo-cnt\">\n\t<div class=\"wpls-fix-box\">\n\t\t\t\t<a href=\"http:\/\/www.distep.cz\/\" target=\"_self\">\n\t\t\t<img decoding=\"async\" class=\"wp-post-image\"  src=\"https:\/\/www.mpm-quality.cz\/wp-content\/uploads\/2018\/03\/distep_2.png\" alt=\"\" \/>\n\t\t<\/a>\n\t\t\t<\/div>\n\t<\/div><div class=\"wpls-logo-cnt\">\n\t<div class=\"wpls-fix-box\">\n\t\t\t\t<a href=\"http:\/\/www.frydekmistek.cz\/\" target=\"_self\">\n\t\t\t<img decoding=\"async\" class=\"wp-post-image\"  src=\"https:\/\/www.mpm-quality.cz\/wp-content\/uploads\/2018\/03\/fm_2.png\" alt=\"\" \/>\n\t\t<\/a>\n\t\t\t<\/div>\n\t<\/div><div class=\"wpls-logo-cnt\">\n\t<div class=\"wpls-fix-box\">\n\t\t\t\t<a href=\"https:\/\/apicom.cz\/\" target=\"_self\">\n\t\t\t<img decoding=\"async\" class=\"wp-post-image\"  src=\"https:\/\/www.mpm-quality.cz\/wp-content\/uploads\/2018\/03\/api_2.png\" alt=\"\" \/>\n\t\t<\/a>\n\t\t\t<\/div>\n\t<\/div><div class=\"wpls-logo-cnt\">\n\t<div class=\"wpls-fix-box\">\n\t\t\t\t<a href=\"http:\/\/ridera.cz\/\" target=\"_self\">\n\t\t\t<img decoding=\"async\" class=\"wp-post-image\"  src=\"https:\/\/www.mpm-quality.cz\/wp-content\/uploads\/2018\/03\/ridera_2.png\" alt=\"\" \/>\n\t\t<\/a>\n\t\t\t<\/div>\n\t<\/div><div class=\"wpls-logo-cnt\">\n\t<div class=\"wpls-fix-box\">\n\t\t\t\t<a href=\"http:\/\/www.zapa.cz\/uvod\/\" target=\"_self\">\n\t\t\t<img decoding=\"async\" class=\"wp-post-image\"  src=\"https:\/\/www.mpm-quality.cz\/wp-content\/uploads\/2018\/03\/zapa_2.png\" alt=\"\" \/>\n\t\t<\/a>\n\t\t\t<\/div>\n\t<\/div><div class=\"wpls-logo-cnt\">\n\t<div class=\"wpls-fix-box\">\n\t\t\t\t<a href=\"https:\/\/www.teleflex.com\/emea\/?language_id=6\" target=\"_self\">\n\t\t\t<img decoding=\"async\" class=\"wp-post-image\"  src=\"https:\/\/www.mpm-quality.cz\/wp-content\/uploads\/2018\/03\/teleflex_2.png\" alt=\"\" \/>\n\t\t<\/a>\n\t\t\t<\/div>\n\t<\/div><div class=\"wpls-logo-cnt\">\n\t<div class=\"wpls-fix-box\">\n\t\t\t\t<a href=\"https:\/\/www.rksting.cz\/\" target=\"_self\">\n\t\t\t<img decoding=\"async\" class=\"wp-post-image\"  src=\"https:\/\/www.mpm-quality.cz\/wp-content\/uploads\/2018\/03\/sting_2.png\" alt=\"\" \/>\n\t\t<\/a>\n\t\t\t<\/div>\n\t<\/div><div class=\"wpls-logo-cnt\">\n\t<div class=\"wpls-fix-box\">\n\t\t\t\t<a href=\"http:\/\/www.hksrot.cz\/\" target=\"_self\">\n\t\t\t<img decoding=\"async\" class=\"wp-post-image\"  src=\"https:\/\/www.mpm-quality.cz\/wp-content\/uploads\/2018\/03\/hk_srot_2.png\" alt=\"\" \/>\n\t\t<\/a>\n\t\t\t<\/div>\n\t<\/div>\t\t\t<\/div>\n\t\t<\/div>\n\n\t\t\n<\/div><\/div><\/div><\/div><\/section>","protected":false},"excerpt":{"rendered":"","protected":false},"author":3,"featured_media":0,"parent":0,"menu_order":0,"comment_status":"closed","ping_status":"closed","template":"","meta":{"footnotes":""},"_links":{"self":[{"href":"https:\/\/www.mpm-quality.cz\/hu\/wp-json\/wp\/v2\/pages\/20749"}],"collection":[{"href":"https:\/\/www.mpm-quality.cz\/hu\/wp-json\/wp\/v2\/pages"}],"about":[{"href":"https:\/\/www.mpm-quality.cz\/hu\/wp-json\/wp\/v2\/types\/page"}],"author":[{"embeddable":true,"href":"https:\/\/www.mpm-quality.cz\/hu\/wp-json\/wp\/v2\/users\/3"}],"replies":[{"embeddable":true,"href":"https:\/\/www.mpm-quality.cz\/hu\/wp-json\/wp\/v2\/comments?post=20749"}],"version-history":[{"count":17,"href":"https:\/\/www.mpm-quality.cz\/hu\/wp-json\/wp\/v2\/pages\/20749\/revisions"}],"predecessor-version":[{"id":23605,"href":"https:\/\/www.mpm-quality.cz\/hu\/wp-json\/wp\/v2\/pages\/20749\/revisions\/23605"}],"wp:attachment":[{"href":"https:\/\/www.mpm-quality.cz\/hu\/wp-json\/wp\/v2\/media?parent=20749"}],"curies":[{"name":"wp","href":"https:\/\/api.w.org\/{rel}","templated":true}]}}