{"id":20756,"date":"2018-06-18T14:28:36","date_gmt":"2018-06-18T12:28:36","guid":{"rendered":"https:\/\/www.mpm-quality.cz\/?page_id=20756"},"modified":"2025-01-06T15:57:20","modified_gmt":"2025-01-06T13:57:20","slug":"rolunk","status":"publish","type":"page","link":"https:\/\/www.mpm-quality.cz\/hu\/rolunk\/","title":{"rendered":"R\u00f3lunk"},"content":{"rendered":"<section class=\" vc_custom_1575970472506  no-padding\" ><div class=\"container\"><div class=\"row\"><div class=\"wpb_column hcode-column-container  col-xs-mobile-fullwidth col-sm-12 text-center\"><div class=\"vc-column-innner-wrapper\"><h1 class=\"section-title  black-text no-padding\" style=\"font-weight:500 !important;;\">TRAD\u00cdCI\u00d3 \u00c9S ELEGANCIA<\/h1><\/div><\/div><\/div><\/div><\/section><section class=\"  row-equal-height row-content-middle no-padding sm-no-padding xs-no-padding\" ><div class=\"container\"><div class=\"row\"><div class=\"wpb_column hcode-column-container  col-lg-6 col-md-6 col-xs-mobile-fullwidth col-sm-12\"><div class=\"vc-column-innner-wrapper\"><h2 class=\"section-title  black-text no-padding\" style=\" margin: 0 0 22px 0;font-weight:500 !important;;\">ALAP\u00cdT\u00c1S<\/h2><p class=\"text-med black-text\" style=\"text-align: justify; font-size: 15px; margin-bottom: 0px;\">C\u00e9g\u00fcnk MPM-QUALITY, a. s. 1993-ban alakult,amely ekkor m\u00e9g \u00f3r\u00e1k import\u00e1l\u00e1s\u00e1val \u00e9s elad\u00e1s\u00e1val foglalkozott.A megalakul\u00e1sunk kezdeteit\u0151l m\u00e1r arra t\u00f6rekedt\u00fcnk hogy min\u00e9l t\u00f6bb m\u00e1rk\u00e1val \u00e9s sz\u00e9les v\u00e1laszt\u00e9kkal b\u0151v\u00edts\u00fck a cseh \u00e9s szlov\u00e1k piacot.<\/p>\n[vc_empty_space height=\"1rem\"][vc_single_image image=\"19732\" img_size=\"500x100\" alignment=\"center\"][vc_empty_space height=\"1.5rem\"]<h2 class=\"section-title  black-text no-padding\" style=\" margin: 0 0 22px 0;font-weight:500 !important;;\">SAJ\u00c1T M\u00c1RKA<\/h2><p class=\"text-med black-text\" style=\"text-align: justify; font-size: 15px; margin-bottom: 0px;\">1994-ben c\u00e9g\u00fcnk \u00faj filoz\u00f3fi\u00e1j\u00e1v\u00e1 v\u00e1lt,hogy az MPM-QUALITY, a. s. saj\u00e1t \u00f3r\u00e1kat gy\u00e1rtson \u00e9s forgalmazzon a cseh piacon ugyanezen,azaz MPM-QUALITY n\u00e9ven. Az \u00f6tletes tervez\u00e9s,a min\u0151s\u00e9g \u00e9s a megfizethet\u0151 \u00e1rak seg\u00edts\u00e9g\u00e9vel siker\u00fclt versenyk\u00e9pess\u00e9 v\u00e1lni a t\u00f6bbi m\u00e1rk\u00e1val szemben a m\u00e1r el\u0151rehaladott piacon.<\/p>\n<\/div><\/div><div class=\"wpb_column hcode-column-container  col-lg-6 col-md-6 hidden-sm hidden-xs col-xs-mobile-fullwidth col-sm-12\"><div class=\"vc-column-innner-wrapper\">[vc_single_image image=\"23348\" img_size=\"500x500\" alignment=\"center\"]<\/div><\/div><div class=\"wpb_column hcode-column-container  col-lg-6 hidden-lg col-md-6 hidden-md col-xs-mobile-fullwidth col-sm-12\"><div class=\"vc-column-innner-wrapper\">[vc_empty_space height=\"30px\"][vc_single_image image=\"23348\" img_size=\"full\" alignment=\"center\"]<\/div><\/div><\/div><\/div><\/section><section class=\"  no-padding\" ><div class=\"container\"><div class=\"row\"><div class=\"wpb_column hcode-column-container  hidden-md hidden-sm hidden-xs col-xs-mobile-fullwidth col-sm-12\"><div class=\"vc-column-innner-wrapper\">[vc_empty_space height=\"5rem\"]<\/div><\/div><div class=\"wpb_column hcode-column-container  hidden-lg col-xs-mobile-fullwidth col-sm-12\"><div class=\"vc-column-innner-wrapper\">[vc_empty_space height=\"3rem\"]<\/div><\/div><\/div><\/div><\/section><section class=\"  row-equal-height row-content-middle no-padding sm-no-padding xs-no-padding\" ><div class=\"container\"><div class=\"row\"><div class=\"wpb_column hcode-column-container  hidden-sm hidden-xs col-xs-mobile-fullwidth col-sm-6\"><div class=\"vc-column-innner-wrapper\">[vc_single_image image=\"19718\" img_size=\"530x530\" alignment=\"center\"]<\/div><\/div><div class=\"wpb_column hcode-column-container  col-lg-6 col-md-6 col-xs-mobile-fullwidth col-sm-12\"><div class=\"vc-column-innner-wrapper\"><h2 class=\"section-title  black-text no-padding\" style=\" margin: 0 0 22px 0;font-weight:500 !important;;\">NEMZETK\u00d6ZI PIAC<\/h2><p class=\"text-med black-text\" style=\"text-align: justify; font-size: 15px;\">A c\u00e9g fejl\u0151d\u00e9s\u00e9nek keretein bel\u00fcl fokozatosan terjeszkedni kezdett m\u00e1s orsz\u00e1gokban is.El\u0151sz\u00f6r Szlov\u00e1ki\u00e1ban,Trencs\u00e9n v\u00e1rosban alap\u00edtottunk le\u00e1nyv\u00e1llalatot MPM-QUALITY,s.r.o n\u00e9ven,majd ezt k\u00f6vet\u0151en harmadik k\u00e9nt MPM-QUALITY, Sp.z.o. o n\u00e9ven Lengyelorsz\u00e1gban. A 2010-es \u00e9vben megalakultunk MPM-QUALITY Kft. k\u00e9nt Magyarorsz\u00e1gon is.<\/p>\n[vc_empty_space height=\"1.5rem\"]<h2 class=\"section-title  black-text no-padding\" style=\" margin: 0 0 22px 0;font-weight:500 !important;;\">SZOLG\u00c1LTAT\u00c1SOK<\/h2><p class=\"text-med black-text\" style=\"text-align: justify; font-size: 15px;\">Az MPM-QUALITY arra t\u00f6rekszik, hogy b\u0151v\u00edtse term\u00e9kei \u00e9s szolg\u00e1ltat\u00e1si portf\u00f3li\u00f3j\u00e1t, az \u00e1tfog\u00f3 \u00e9s sz\u00e9lesk\u00f6r\u0171 aj\u00e1nlat tov\u00e1bbra is vonz\u00f3 maradjon h\u0171s\u00e9ges \u00fcgyfelei sz\u00e1m\u00e1ra, de mindek\u00f6zben \u00faj \u00fcgyfeleket is megsz\u00f3l\u00edtson. Az \u00fcgyfelek k\u00e9nyelmes,k\u00f6nnyed kiszolg\u00e1l\u00e1s\u00e1ra t\u00f6reksz\u00fcnk, melynek k\u00f6z\u00e9ppontj\u00e1ban a bar\u00e1ts\u00e1gos \u00e9s professzion\u00e1lis \u00fcgyf\u00e9lszolg\u00e1latunk \u00e1ll.<\/p>\n<p class=\"text-med black-text\" style=\"text-align: justify; font-size: 15px; margin-bottom: 0px;\">Minden \u00fcgyfel\u00fcnknek igyeksz\u00fcnk megfelni a munkaf\u00e1zis b\u00e1rmelyik szakasz\u00e1ban.A stabil piaci poz\u00edci\u00f3 \u00e9s rendszeres munkav\u00e1llal\u00f3i k\u00e9pz\u00e9sek kombin\u00e1ci\u00f3ja garant\u00e1lja az \u00e9rt\u00e9kes\u00edtett term\u00e9kek \u00e9s hozz\u00e1 tartoz\u00f3 szolg\u00e1ltat\u00e1sok min\u0151s\u00e9g\u00e9t.<\/p>\n<\/div><\/div><div class=\"wpb_column hcode-column-container  hidden-lg hidden-md col-xs-mobile-fullwidth col-sm-12\"><div class=\"vc-column-innner-wrapper\">[vc_empty_space height=\"30px\"][vc_single_image image=\"19718\" img_size=\"full\" alignment=\"center\"]<\/div><\/div><\/div><\/div><\/section><section class=\"  no-padding\" ><div class=\"container\"><div class=\"row\"><div class=\"wpb_column hcode-column-container  hidden-md hidden-sm hidden-xs col-xs-mobile-fullwidth col-sm-12\"><div class=\"vc-column-innner-wrapper\">[vc_empty_space height=\"5rem\"]<\/div><\/div><div class=\"wpb_column hcode-column-container  hidden-lg col-xs-mobile-fullwidth col-sm-12\"><div class=\"vc-column-innner-wrapper\">[vc_empty_space height=\"3rem\"]<\/div><\/div><\/div><\/div><\/section><section class=\" vc_custom_1526367270619  row-equal-height row-content-middle no-padding sm-no-padding xs-no-padding\" ><div class=\"container\"><div class=\"row\"><div class=\"wpb_column hcode-column-container  col-lg-6 col-md-6 col-xs-mobile-fullwidth col-sm-12\"><div class=\"vc-column-innner-wrapper\"><h2 class=\"section-title  black-text no-padding\" style=\" margin: 0 0 22px 0;font-weight:500 !important;;\">K\u00cdN\u00c1LAT B\u0150V\u00cdT\u00c9SE<\/h2><p class=\"text-med black-text\" style=\"text-align: justify; font-size: 15px;\">M\u0171k\u00f6d\u00e9s\u00fcnk kezdte \u00f3ta rengeteg tapasztalatot szerezt\u00fcnk \u00e9s nagyon sok mindennel kib\u0151v\u00edtett\u00fck k\u00edn\u00e1latunkat. <strong>Rakt\u00e1runk<\/strong> \u00f3ri\u00e1si mennyis\u00e9g\u0171 term\u00e9kkel rendelekzik, melynek ter\u00fclete megk\u00f6zel\u00edt\u0151leg <strong>4000 m\u00b2<\/strong>, \u00e9s t\u00f6bb mint <strong>3500 fajta term\u00e9ket<\/strong> k\u00edn\u00e1l. Az \u00fcgyfelek ig\u00e9nyei szerint folyamatosan b\u0151v\u00edtj\u00fck term\u00e9k k\u00edn\u00e1latunkat olyan term\u00e9kekkel,amelyek nem tartunk rakt\u00e1ron. A Cseh K\u00f6zt\u00e1rsas\u00e1gban,Szlov\u00e1k K\u00f6zt\u00e1rsas\u00e1gban, Lengyelorsz\u00e1gban,Magyar K\u00f6zt\u00e1rsas\u00e1gban \u00e9s az EU-ban kiszolg\u00e1ljuk a kisv\u00e1llalkoz\u00f3kat, nagykeresked\u00e9seket \u00e9s \u00e1llami int\u00e9zm\u00e9nyeket.<\/p>\n<p class=\"text-med black-text\" style=\"text-align: justify; font-size: 15px; margin-bottom: 10px;\">A dinamikus n\u00f6veked\u00e9ssel \u00e9s a k\u00f6z\u00e9p-eur\u00f3pai piac megismer\u00e9s\u00e9vel a c\u00e9g tev\u00e9kenys\u00e9ge t\u00f6bb \u00e1gazatra oszlott,azaz:export,import,gy\u00e1rt\u00e1s \u00e9s forgalmaz\u00e1s.Az egyre sz\u00e9lesebb k\u00f6r\u0171 \u00e1ruk\u00edn\u00e1lat \u00e9s n\u00f6veked\u0151 keresletnek k\u00f6sz\u00f6nhet\u0151en jelenleg az MPM-QUALITY, v. o.s a k\u00f6vetkez\u0151 \u00e1gazatokra oszlik:<\/p>\n<table style=\"border: 0px;\">\n<tbody>\n<tr>\n<td style=\"border: 0px; padding-bottom: 0px;\" width=\"60%\">\n<ul class=\"text-med black-text\" style=\"margin-bottom: 0px;\">\n<li><a href=\"https:\/\/prim-hodinky.cz\/en\/\" target=\"_blank\" rel=\"noopener\"><strong>\u00d3r\u00e1k<\/strong><\/a> (<a href=\"https:\/\/eshop.prim-hodinky.cz\/en\/\" target=\"_blank\" rel=\"noopener\">PRIM<\/a>, <a href=\"https:\/\/www.mpm-time.cz\/en\/\" target=\"_blank\" rel=\"noopener\">MPM-Quality<\/a>)<\/li>\n<li><a href=\"https:\/\/eshop.prim-hodinky.cz\/en\/accessories\/prim_steel\/\" target=\"_blank\" rel=\"noopener\"><strong>Nemesac\u00e9l \u00e9kszerek<\/strong><\/a> (PRIM Steel)<\/li>\n<li><a href=\"https:\/\/www.mpm-reklama.cz\/hu\" target=\"_blank\" rel=\"noopener\"><strong>Rekl\u00e1mt\u00e1rgyak<\/strong><\/a><\/li>\n<li><strong>Grafikai st\u00fadi\u00f3<\/strong><\/li>\n<li><a href=\"https:\/\/www.mpm-reklama.cz\/hu\/kategorie\/empen-3\" target=\"_blank\" rel=\"noopener\"><strong>Irodaszerek<\/strong><\/a> (Empen)<\/li>\n<\/ul>\n<\/td>\n<td style=\"border: 0px; padding-bottom: 0px;\" width=\"5%\"><\/td>\n<td style=\"border: 0px; padding-bottom: 0px;\" width=\"35%\">\n<p class=\"text-med black-text\" style=\"text-align: justify; margin-bottom: 0px;\"><strong>Vend\u00e9gl\u00e1t\u00e1s:<\/strong><\/p>\n<ul class=\"text-med black-text\" style=\"margin-bottom: 0px;\">\n<li><a href=\"https:\/\/www.troyer.cz\/\" target=\"_blank\" rel=\"noopener\"><strong>Hotel Troyer<\/strong><\/a><\/li>\n<li><a href=\"http:\/\/www.skipark-grun.cz\/\" target=\"_blank\" rel=\"noopener\"><strong>Ski Park Gru\u0148<\/strong><\/a><\/li>\n<li><a href=\"http:\/\/www.raztoka.cz\/\" target=\"_blank\" rel=\"noopener\"><strong>Hotel R\u00e1ztoka<\/strong><\/a><\/li>\n<li><a href=\"https:\/\/www.pustevny.cz\/\" target=\"_blank\" rel=\"noopener\"><strong>Pustevny<\/strong><\/a><\/li>\n<\/ul>\n<\/td>\n<\/tr>\n<\/tbody>\n<\/table>\n<\/div><\/div><div class=\"wpb_column hcode-column-container  col-lg-6 col-md-6 hidden-sm hidden-xs col-xs-mobile-fullwidth col-sm-12\"><div class=\"vc-column-innner-wrapper\">[vc_single_image image=\"19540\" img_size=\"530x530\" alignment=\"center\"]<\/div><\/div><div class=\"wpb_column hcode-column-container  col-lg-6 hidden-lg col-md-6 hidden-md col-xs-mobile-fullwidth col-sm-12\"><div class=\"vc-column-innner-wrapper\">[vc_empty_space height=\"30px\"][vc_single_image image=\"19540\" img_size=\"full\" alignment=\"center\"]<\/div><\/div><\/div><\/div><\/section>","protected":false},"excerpt":{"rendered":"<p>TRAD\u00cdCI\u00d3 \u00c9S ELEGANCIAALAP\u00cdT\u00c1SC\u00e9g\u00fcnk MPM-QUALITY, a. s. 1993-ban alakult,amely ekkor m\u00e9g \u00f3r\u00e1k import\u00e1l\u00e1s\u00e1val \u00e9s elad\u00e1s\u00e1val foglalkozott.A megalakul\u00e1sunk kezdeteit\u0151l m\u00e1r arra t\u00f6rekedt\u00fcnk hogy min\u00e9l t\u00f6bb m\u00e1rk\u00e1val \u00e9s sz\u00e9les v\u00e1laszt\u00e9kkal b\u0151v\u00edts\u00fck a cseh \u00e9s szlov\u00e1k piacot. [vc_empty_space height=&#8221;1rem&#8221;][vc_single_image image=&#8221;19732&#8243; img_size=&#8221;500&#215;100&#8243; alignment=&#8221;center&#8221;][vc_empty_space height=&#8221;1.5rem&#8221;]SAJ\u00c1T M\u00c1RKA1994-ben c\u00e9g\u00fcnk \u00faj filoz\u00f3fi\u00e1j\u00e1v\u00e1 v\u00e1lt,hogy az MPM-QUALITY, a. s. saj\u00e1t \u00f3r\u00e1kat gy\u00e1rtson \u00e9s forgalmazzon a cseh [&hellip;]<\/p>\n","protected":false},"author":3,"featured_media":0,"parent":0,"menu_order":0,"comment_status":"closed","ping_status":"closed","template":"","meta":{"footnotes":""},"_links":{"self":[{"href":"https:\/\/www.mpm-quality.cz\/hu\/wp-json\/wp\/v2\/pages\/20756"}],"collection":[{"href":"https:\/\/www.mpm-quality.cz\/hu\/wp-json\/wp\/v2\/pages"}],"about":[{"href":"https:\/\/www.mpm-quality.cz\/hu\/wp-json\/wp\/v2\/types\/page"}],"author":[{"embeddable":true,"href":"https:\/\/www.mpm-quality.cz\/hu\/wp-json\/wp\/v2\/users\/3"}],"replies":[{"embeddable":true,"href":"https:\/\/www.mpm-quality.cz\/hu\/wp-json\/wp\/v2\/comments?post=20756"}],"version-history":[{"count":22,"href":"https:\/\/www.mpm-quality.cz\/hu\/wp-json\/wp\/v2\/pages\/20756\/revisions"}],"predecessor-version":[{"id":23801,"href":"https:\/\/www.mpm-quality.cz\/hu\/wp-json\/wp\/v2\/pages\/20756\/revisions\/23801"}],"wp:attachment":[{"href":"https:\/\/www.mpm-quality.cz\/hu\/wp-json\/wp\/v2\/media?parent=20756"}],"curies":[{"name":"wp","href":"https:\/\/api.w.org\/{rel}","templated":true}]}}