{"id":20832,"date":"2018-06-18T14:28:36","date_gmt":"2018-06-18T12:28:36","guid":{"rendered":"https:\/\/www.mpm-quality.cz\/?page_id=20832"},"modified":"2019-12-05T15:27:53","modified_gmt":"2019-12-05T13:27:53","slug":"reklam-szolgaltatasok","status":"publish","type":"page","link":"https:\/\/www.mpm-quality.cz\/hu\/reklam-szolgaltatasok\/","title":{"rendered":"Rekl\u00e1m szolg\u00e1ltat\u00e1sok"},"content":{"rendered":"<section class=\" vc_custom_1529489868395  no-padding\"  style=\"  \"><div class=\"container-fluid\"><div class=\"row\"><div class=\"wpb_column hcode-column-container  hidden-sm hidden-xs col-xs-mobile-fullwidth col-sm-12 text-center center-col\"><div class=\"vc-column-innner-wrapper\"><div  class=\" menu-kategorie2  \" ><div class=\"letter-spacing-2\"><a href=\"\/hu\/reklam-szolgaltatasok\/#grafikai_studio\">GRAFIKAI ST\u00daDI\u00d3<\/a> \u00a0\u00a0\u00a0\u00a0\u00a0| \u00a0\u00a0\u00a0\u00a0\u00a0<a href=\"\/hu\/reklam-szolgaltatasok\/#branding\">BRANDING<\/a><\/div>\n<\/div><\/div><\/div><\/div><\/div><\/section><section class=\"  no-padding\"  style=\"  \"><div class=\"container-fluid\"><div class=\"row\"><div id=\"grafikai_studio2\" class=\"wpb_column hcode-column-container  hidden-lg hidden-md col-xs-mobile-fullwidth col-sm-12 text-center center-col\"><div class=\"vc-column-innner-wrapper\"><div  class=\" menu-kategorie2  \" ><div class=\"letter-spacing-2\"><a href=\"\/hu\/reklam-szolgaltatasok\/#grafikai_studio2\">GRAFIKAI ST\u00daDI\u00d3<\/a> \u00a0\u00a0\u00a0|\u00a0 \u00a0 <a href=\"\/hu\/reklam-szolgaltatasok\/#branding2\">BRANDING<\/a><\/div>\n<\/div>[vc_empty_space height=\"10px\"]<\/div><\/div><\/div><\/div><\/section><section class=\"  xs-no-margin no-padding\"  style=\" margin: 10px 0px 15px 0px;  \"><div class=\"container-fluid\"><div class=\"row\"><div id=\"grafikai_studio\" class=\"wpb_column hcode-column-container  hidden-sm hidden-xs col-xs-mobile-fullwidth col-sm-12 text-center center-col\"><div class=\"vc-column-innner-wrapper\"><div  class=\" menu-kategorie2  \" ><div class=\"letter-spacing-2\"><a href=\"https:\/\/www.mpm-reklama.cz\/hu\" target=\"_blank\" rel=\"noopener\"><img decoding=\"async\" src=\"https:\/\/www.mpm-quality.cz\/wp-content\/uploads\/2018\/06\/mpm_reklama_logo_2.jpg\" alt=\"eshop prim\" width=\"75px\" \/> \u00a0E-SHOP MPM REKL\u00c1M<\/a> \u00a0\u00a0\u00a0\u00a0\u00a0\u00a0 \u00a0 \u00a0\u00a0<a href=\"https:\/\/www.mpm-reklama.cz\/hu\/kategorie\/empen-3\" target=\"_blank\" rel=\"noopener\"><img decoding=\"async\" src=\"https:\/\/www.mpm-quality.cz\/wp-content\/uploads\/2018\/06\/empen_logo_2.png\" alt=\"eshop mpm hodinky\" width=\"75px\" \/> \u00a0E-SHOP EMPEN<\/a><\/div>\n<\/div><\/div><\/div><\/div><\/div><\/section><section class=\"  no-padding\"  style=\"  \"><div class=\"container\"><div class=\"row\"><div id=\"grafikai_studio2\" class=\"wpb_column hcode-column-container  hidden-lg hidden-md col-xs-mobile-fullwidth col-sm-12 text-center center-col\"><div class=\"vc-column-innner-wrapper\"><div  class=\" menu-kategorie2  \" ><div class=\"letter-spacing-2\"><a href=\"https:\/\/www.mpm-reklama.cz\/hu\" target=\"_blank\" rel=\"noopener\"><img decoding=\"async\" src=\"https:\/\/www.mpm-quality.cz\/wp-content\/uploads\/2018\/06\/mpm_reklama_logo_2.jpg\" alt=\"eshop prim\" width=\"75px\" \/> \u00a0E-SHOP<\/a>\u00a0 \u00a0 \u00a0\u00a0<a href=\"https:\/\/www.mpm-reklama.cz\/hu\/kategorie\/empen-3\" target=\"_blank\" rel=\"noopener\"><img decoding=\"async\" src=\"https:\/\/www.mpm-quality.cz\/wp-content\/uploads\/2018\/06\/empen_logo_2.png\" alt=\"eshop mpm hodinky\" width=\"75px\" \/> \u00a0E-SHOP<\/a><\/div>\n<\/div><\/div><\/div><\/div><\/div><\/section><section class=\"  no-padding sm-no-padding xs-no-padding\" ><div class=\"container-fluid\"><div class=\"row\"><div class=\"wpb_column hcode-column-container  col-lg-6 hidden-lg col-md-7 col-xs-mobile-fullwidth col-sm-12 text-center\" style=\" padding: 50px 5% 0px;\"><div class=\"vc-column-innner-wrapper\"><h1 class=\"section-title  no-margin black-text no-padding\" style=\"font-weight:500 !important;;\">GRAFIKAI ST\u00daDI\u00d3<\/h1><p><span class=\"text-small black-text text-uppercase letter-spacing-3\">EGYEDI ST\u00cdLUS TERVEZ\u00c9SE \u00c9S NYOMTAT\u00c1SA<\/span><\/p>\n<p class=\"text-med black-text\" style=\"text-align: justify;\">Az MPM-QUALITY saj\u00e1t rekl\u00e1m\u00fcgyn\u00f6ks\u00e9g\u00e9n kereszt\u00fcl sz\u00e9lesk\u00f6r\u0171 rekl\u00e1m szolg\u00e1ltat\u00e1sokat ny\u00fajt. A rekl\u00e1m\u00fcgyn\u00f6ks\u00e9g alapja a grafikai st\u00fadi\u00f3, ahol az \u00fcgyfelek ig\u00e9nyeinek megfelel\u0151en k\u00e9sz\u00fclnek a grafik\u00e1k ill.l\u00e1tv\u00e1nytervek, amelyek az \u00fcgyfelek j\u00f3v\u00e1hagy\u00e1sa ut\u00e1n tov\u00e1bbi feldolgoz\u00e1sra ker\u00fclnek,ez alapj\u00e1n k\u00e9sz\u00fclnek a k\u00fcl\u00f6nb\u00f6z\u0151 nyomtat\u00e1ssal ell\u00e1tott rekl\u00e1m aj\u00e1nd\u00e9kt\u00e1rgyak. A grafik\u00e1ban felhaszn\u00e1lhat\u00f3ak log\u00f3k, szimb\u00f3lumok, dekorat\u00edv feliratok, k\u00e9pek vagy m\u00e1s grafikai elemek.<\/p>\n<p class=\"text-med black-text\" style=\"text-align: justify;\">Arra t\u00f6reksz\u00fcnk csapatunkat \u00fagy alak\u00edtsuk ki, hogy k\u00fcl\u00f6nb\u00f6z\u0151 szem\u00e9lyis\u00e9gekb\u0151l \u00e1lljon, mert \u00fagy v\u00e9lj\u00fck, hogy mindegyik\u00fck teljesen m\u00e1s k\u00e9pet adhat a dolgokr\u00f3l,hogy az legjobban megfeleljen az \u00d6n ig\u00e9nyeinek. Vessen egy pillant\u00e1st a grafikai szolg\u00e1ltat\u00e1saink kateg\u00f3ri\u00e1jira, vagy l\u00e9pjen kapcsolatba vel\u00fcnk konkr\u00e9t k\u00e9r\u00e9s\u00e9vel.<\/p>\n<\/div><\/div><div class=\"wpb_column hcode-column-container  col-lg-6 col-md-7 hidden-md hidden-sm hidden-xs col-xs-mobile-fullwidth col-sm-12 text-center\" style=\" padding: 50px 5% 0px 5%;\"><div class=\"vc-column-innner-wrapper\"><h1 class=\"section-title  no-margin black-text no-padding\" style=\"font-weight:500 !important;;\">GRAFIKAI ST\u00daDI\u00d3<\/h1><p><span class=\"text-small black-text text-uppercase letter-spacing-3\">EGYEDI ST\u00cdLUS TERVEZ\u00c9SE \u00c9S NYOMTAT\u00c1SA<\/span><\/p>\n<p class=\"text-med black-text\" style=\"text-align: justify;\">Az MPM-QUALITY saj\u00e1t rekl\u00e1m\u00fcgyn\u00f6ks\u00e9g\u00e9n kereszt\u00fcl sz\u00e9lesk\u00f6r\u0171 rekl\u00e1m szolg\u00e1ltat\u00e1sokat ny\u00fajt. A rekl\u00e1m\u00fcgyn\u00f6ks\u00e9g alapja a grafikai st\u00fadi\u00f3, ahol az \u00fcgyfelek ig\u00e9nyeinek megfelel\u0151en k\u00e9sz\u00fclnek a grafik\u00e1k ill.l\u00e1tv\u00e1nytervek, amelyek az \u00fcgyfelek j\u00f3v\u00e1hagy\u00e1sa ut\u00e1n tov\u00e1bbi feldolgoz\u00e1sra ker\u00fclnek,ez alapj\u00e1n k\u00e9sz\u00fclnek a k\u00fcl\u00f6nb\u00f6z\u0151 nyomtat\u00e1ssal ell\u00e1tott rekl\u00e1m aj\u00e1nd\u00e9kt\u00e1rgyak. A grafik\u00e1ban felhaszn\u00e1lhat\u00f3ak log\u00f3k, szimb\u00f3lumok, dekorat\u00edv feliratok, k\u00e9pek vagy m\u00e1s grafikai elemek.<\/p>\n<p class=\"text-med black-text\" style=\"text-align: justify;\">Arra t\u00f6reksz\u00fcnk csapatunkat \u00fagy alak\u00edtsuk ki, hogy k\u00fcl\u00f6nb\u00f6z\u0151 szem\u00e9lyis\u00e9gekb\u0151l \u00e1lljon, mert \u00fagy v\u00e9lj\u00fck, hogy mindegyik\u00fck teljesen m\u00e1s k\u00e9pet adhat a dolgokr\u00f3l,hogy az legjobban megfeleljen az \u00d6n ig\u00e9nyeinek. Vessen egy pillant\u00e1st a grafikai szolg\u00e1ltat\u00e1saink kateg\u00f3ri\u00e1jira, vagy l\u00e9pjen kapcsolatba vel\u00fcnk konkr\u00e9t k\u00e9r\u00e9s\u00e9vel.<\/p>\n<\/div><\/div><div class=\"wpb_column hcode-column-container  col-lg-6 col-md-5 col-xs-mobile-fullwidth col-sm-12 no-padding sm-padding-five-lr xs-padding-five-lr\"><div class=\"vc-column-innner-wrapper\"><div  class=\"cover-background  min-height-450 bg-image-srcset\" style=\"background-image:url(https:\/\/www.mpm-quality.cz\/wp-content\/uploads\/2018\/04\/TYM.jpg);min-height:550px;\" data-bg-srcset=\"https:\/\/www.mpm-quality.cz\/wp-content\/uploads\/2018\/04\/TYM.jpg 1000w, https:\/\/www.mpm-quality.cz\/wp-content\/uploads\/2018\/04\/TYM-150x150.jpg 150w, https:\/\/www.mpm-quality.cz\/wp-content\/uploads\/2018\/04\/TYM-300x300.jpg 300w, https:\/\/www.mpm-quality.cz\/wp-content\/uploads\/2018\/04\/TYM-768x768.jpg 768w, https:\/\/www.mpm-quality.cz\/wp-content\/uploads\/2018\/04\/TYM-81x81.jpg 81w\"><div class=\"img-border\"><\/div><\/div><\/div><\/div><\/div><\/div><\/section><section class=\"  no-padding\" ><div class=\"container-fluid\"><div class=\"row\"><div class=\"wpb_column hcode-column-container  hidden-lg hidden-md col-xs-mobile-fullwidth col-sm-12\"><div class=\"vc-column-innner-wrapper\">[vc_empty_space height=\"4rem\"]<\/div><\/div><\/div><\/div><\/section><section class=\" vc_custom_1526887516894  no-padding\"  style=\" background-color:#e4e4e4; \"><div class=\"container-fluid\"><div class=\"row\"><div class=\"wpb_column hcode-column-container  col-xs-mobile-fullwidth col-sm-12 text-center\"><div class=\"vc-column-innner-wrapper\"><h3 class=\"section-title  no-margin black-text no-padding\" style=\"font-weight:400 !important;;line-height:1.3 !important;\">MIN\u0150S\u00c9GES GRAFIK\u00c1T \u00c9S VONZ\u00d3-DIZ\u00c1JNOS NYOMTAT\u00c1SI ANYAGOT K\u00c9SZ\u00cdT\u00dcNK TERM\u00c9KEK A CSOMAGOL\u00c1SAIRA<\/h3><div id=branding2 class=\"  \" ><\/div><\/div><\/div><\/div><\/div><\/section><section class=\"  position-relative sm-margin-top-20px xs-margin-top-20px no-padding sm-no-padding xs-no-padding\"  style=\"  \"><div class=\"container-fluid\"><div class=\"row\"><div class=\"wpb_column hcode-column-container  col-lg-7 col-md-7 hidden-sm hidden-xs col-xs-mobile-fullwidth col-sm-12 no-padding\"><div class=\"vc-column-innner-wrapper\"><div  class=\"cover-background  min-height-450 ramecek bg-image-srcset\" style=\"background-image:url(https:\/\/www.mpm-quality.cz\/wp-content\/uploads\/2018\/04\/zapa3.jpg);min-height:500px;\" data-bg-srcset=\"https:\/\/www.mpm-quality.cz\/wp-content\/uploads\/2018\/04\/zapa3.jpg 1920w, https:\/\/www.mpm-quality.cz\/wp-content\/uploads\/2018\/04\/zapa3-300x200.jpg 300w, https:\/\/www.mpm-quality.cz\/wp-content\/uploads\/2018\/04\/zapa3-768x512.jpg 768w, https:\/\/www.mpm-quality.cz\/wp-content\/uploads\/2018\/04\/zapa3-1024x683.jpg 1024w, https:\/\/www.mpm-quality.cz\/wp-content\/uploads\/2018\/04\/zapa3-81x54.jpg 81w\"><div class=\"img-border\"><\/div><\/div><\/div><\/div><div id=\"branding\" class=\"wpb_column hcode-column-container  col-lg-5 col-md-5 hidden-sm hidden-xs col-xs-mobile-fullwidth col-sm-12 text-center\" style=\" padding: 80px 5% 0px 5%;\"><div class=\"vc-column-innner-wrapper\"><h1 class=\"section-title  no-margin black-text no-padding\" style=\"font-weight:500 !important;;\">BRANDING<\/h1><p><span class=\"text-small black-text text-uppercase letter-spacing-3\">BRANDING TERM\u00c9KEK AZ \u00d6N C\u00c9G\u00c9NEK<\/span><\/p>\n<p class=\"text-med black-text\" style=\"text-align: justify;\">A rekl\u00e1m\u00fcgyn\u00f6ks\u00e9g szerves r\u00e9szei k\u00f6z\u00e9 tartoznak a megfelel\u0151 technol\u00f3giai berendez\u00e9sek is, amelyekkel log\u00f3kat vagy m\u00e1s grafikai elemeket tudunk elhelyezni k\u00fcl\u00f6nb\u00f6z\u0151 anyag\u00fa term\u00e9kekre - tamponnyomtat\u00e1s, l\u00e9zergrav\u00edroz\u00e1s, dombornyom\u00e1s, h\u00edmz\u00e9s,matrica ragaszt\u00e1s, UV nyomtat\u00e1s..stb.<\/p>\n<p style=\"margin-bottom: 0px;\"><a class=\"inner-link tlacitko_web highlight-button-dark btn-medium button btn\" href=\"https:\/\/www.mpm-reklama.cz\/hu\/informace\/szolgaltatasaink\" target=\"_blank\" rel=\"noopener\">T\u00d6BBET BRANDING<\/a><\/p>\n<\/div><\/div><div class=\"wpb_column hcode-column-container  col-lg-5 hidden-lg col-md-5 hidden-md col-xs-mobile-fullwidth col-sm-12 text-center\" style=\" padding: 30px 5%;;\"><div class=\"vc-column-innner-wrapper\"><h1 class=\"section-title  no-margin black-text no-padding\" style=\"font-weight:500 !important;;\">BRANDING<\/h1><p><span class=\"text-small black-text text-uppercase letter-spacing-3\">BRANDING TERM\u00c9KEK AZ \u00d6N C\u00c9G\u00c9NEK<\/span><\/p>\n<p class=\"text-med black-text\" style=\"text-align: justify;\">A rekl\u00e1m\u00fcgyn\u00f6ks\u00e9g szerves r\u00e9szei k\u00f6z\u00e9 tartoznak a megfelel\u0151 technol\u00f3giai berendez\u00e9sek is, amelyekkel log\u00f3kat vagy m\u00e1s grafikai elemeket tudunk elhelyezni k\u00fcl\u00f6nb\u00f6z\u0151 anyag\u00fa term\u00e9kekre - tamponnyomtat\u00e1s, l\u00e9zergrav\u00edroz\u00e1s, dombornyom\u00e1s, h\u00edmz\u00e9s,matrica ragaszt\u00e1s, UV nyomtat\u00e1s..stb.<\/p>\n<p style=\"margin-bottom: 0px;\"><a class=\"inner-link tlacitko_web highlight-button-dark btn-medium button btn\" href=\"https:\/\/www.mpm-reklama.cz\/hu\/informace\/szolgaltatasaink\" target=\"_blank\" rel=\"noopener\">T\u00d6BBET BRANDING<\/a><\/p>\n<\/div><\/div><div class=\"wpb_column hcode-column-container  hidden-lg hidden-md col-xs-mobile-fullwidth col-sm-12 no-padding sm-padding-five-lr xs-padding-five-lr\"><div class=\"vc-column-innner-wrapper\"><div  class=\"cover-background  min-height-450 ramecek bg-image-srcset\" style=\"background-image:url(https:\/\/www.mpm-quality.cz\/wp-content\/uploads\/2018\/04\/zapa3.jpg);min-height:600px;\" data-bg-srcset=\"https:\/\/www.mpm-quality.cz\/wp-content\/uploads\/2018\/04\/zapa3.jpg 1920w, https:\/\/www.mpm-quality.cz\/wp-content\/uploads\/2018\/04\/zapa3-300x200.jpg 300w, https:\/\/www.mpm-quality.cz\/wp-content\/uploads\/2018\/04\/zapa3-768x512.jpg 768w, https:\/\/www.mpm-quality.cz\/wp-content\/uploads\/2018\/04\/zapa3-1024x683.jpg 1024w, https:\/\/www.mpm-quality.cz\/wp-content\/uploads\/2018\/04\/zapa3-81x54.jpg 81w\"><div class=\"img-border\"><\/div><\/div><\/div><\/div><\/div><\/div><\/section><section class=\"  no-padding\" ><div class=\"container-fluid\"><div class=\"row\"><div class=\"wpb_column hcode-column-container  hidden-lg hidden-md col-xs-mobile-fullwidth col-sm-12\"><div class=\"vc-column-innner-wrapper\">[vc_empty_space height=\"4rem\"]<\/div><\/div><\/div><\/div><\/section><section class=\" vc_custom_1526887554849  no-padding\"  style=\" background-color:#e4e4e4; \"><div class=\"container-fluid\"><div class=\"row\"><div class=\"wpb_column hcode-column-container  col-xs-mobile-fullwidth col-sm-12 text-center\"><div class=\"vc-column-innner-wrapper\"><h3 class=\"section-title  no-margin black-text no-padding\" style=\"font-weight:400 !important;;line-height:1.3 !important;\">A k\u00f6vetkz\u0151 embl\u00e9m\u00e1z\u00e1si technik\u00e1kat alkalmazzuk<\/h3><\/div><\/div><\/div><\/div><\/section><section class=\"  wow fadeIn xs-no-padding-bottom\"  style=\" padding: 2.5rem 0 2rem 0;\"><div class=\"container\"><div class=\"row\"><div class=\"wpb_column hcode-column-container  col-xs-mobile-fullwidth\"><div class=\"vc-column-innner-wrapper\"><div class=\"feature-owl position-relative\"><div class=\"container\"><div class=\"row\"><div id=\"approach-slider\" class=\"owl-carousel owl-theme bottom-pagination black-cursor dot-pagination dark-navigation dark-pagination\"><div class=\"item margin-ten no-margin-top\"><div class=\"text-center margin-four wow fadeIn \" ><img loading=\"lazy\" decoding=\"async\" alt=\"\" sizes=\"(max-width: 80px) 100vw, 80px\" src=\"https:\/\/www.mpm-quality.cz\/wp-content\/uploads\/2018\/04\/potisk_tamponem.jpg\" width=\"80\" height=\"80\"  class=\"icon-image medium-icon no-margin-bottom \" \/><h5 class=\"black-text margin-ten no-margin-bottom xs-margin-top-five\" >Tamponnyom\u00e1s<\/h5><span class=\"approach-details feature-owlslide-content light-gray-text2\" style=\"color:#000000;\"><a href=\"https:\/\/www.mpm-reklama.cz\/hu\/informace\/tamponnyomas\" target=\"_blank\" rel=\"noopener\"><span style=\"text-transform: none;\">m\u0171anyag -\u00e9s k\u00fcl\u00f6nb\u00f6z\u0151 anyag\u00fa term\u00e9kek nyomtat\u00e1sa (goly\u00f3stollak,\u00f3r\u00e1k,sz\u00e1mol\u00f3g\u00e9pek,napt\u00e1rak,\u00e9breszt\u0151\u00f3r\u00e1k)<\/span><\/a><\/span><\/div><\/div><div class=\"item margin-ten no-margin-top\"><div class=\"text-center margin-four wow fadeIn \" ><img loading=\"lazy\" decoding=\"async\" alt=\"\" sizes=\"(max-width: 80px) 100vw, 80px\" src=\"https:\/\/www.mpm-quality.cz\/wp-content\/uploads\/2018\/04\/gravirovani_laser.jpg\" width=\"80\" height=\"80\"  class=\"icon-image medium-icon no-margin-bottom \" \/><h5 class=\"black-text margin-ten no-margin-bottom xs-margin-top-five\" >L\u00e9zergrav\u00edroz\u00e1s<\/h5><span class=\"approach-details feature-owlslide-content light-gray-text2\" style=\"color:#000000;\"><a href=\"https:\/\/www.mpm-reklama.cz\/hu\/informace\/lezergravirozas\" target=\"_blank\" rel=\"noopener\"><span style=\"text-transform: none;\">f\u00e9m term\u00e9kek fel\u00fcletkezel\u00e9se (goly\u00f3stollak,\u00f3r\u00e1k,rekl\u00e1m term\u00e9kek)<\/span><\/a><\/span><\/div><\/div><div class=\"item margin-ten no-margin-top\"><div class=\"text-center margin-four wow fadeIn \" ><img loading=\"lazy\" decoding=\"async\" alt=\"\" sizes=\"(max-width: 80px) 100vw, 80px\" src=\"https:\/\/www.mpm-quality.cz\/wp-content\/uploads\/2018\/04\/uv_tisk.jpg\" width=\"80\" height=\"80\"  class=\"icon-image medium-icon no-margin-bottom \" \/><h5 class=\"black-text margin-ten no-margin-bottom xs-margin-top-five\" >UV nyomtat\u00e1s<\/h5><span class=\"approach-details feature-owlslide-content light-gray-text2\" style=\"color:#000000;\"><a href=\"https:\/\/www.mpm-reklama.cz\/hu\/informace\/uv-nyomtatas\" target=\"_blank\" rel=\"noopener\"><span style=\"text-transform: none;\">term\u00e9kek sz\u00e9les sk\u00e1l\u00e1j\u00e1nak nyomtat\u00e1sa digit\u00e1lis technol\u00f3gi\u00e1val,melynek l\u00e9nyege a fest\u00e9k megk\u00f6t\u00e9se UV f\u00e9ny seg\u00edts\u00e9g\u00e9vel<\/span><\/a><\/span><\/div><\/div><div class=\"item margin-ten no-margin-top\"><div class=\"text-center margin-four wow fadeIn \" ><img loading=\"lazy\" decoding=\"async\" alt=\"\" sizes=\"(max-width: 80px) 100vw, 80px\" src=\"https:\/\/www.mpm-quality.cz\/wp-content\/uploads\/2018\/04\/sitotisk.jpg\" width=\"80\" height=\"80\"  class=\"icon-image medium-icon no-margin-bottom \" \/><h5 class=\"black-text margin-ten no-margin-bottom xs-margin-top-five\" >Szitanyom\u00e1s<\/h5><span class=\"approach-details feature-owlslide-content light-gray-text2\" style=\"color:#000000;\"><a href=\"https:\/\/www.mpm-reklama.cz\/hu\/informace\/szitanyomas\" target=\"_blank\" rel=\"noopener\"><span style=\"text-transform: none;\">textil term\u00e9kek nyomtat\u00e1sa (p\u00f3l\u00f3k,baseball sapk\u00e1k,eserny\u0151k) a fest\u00e9ket k\u00f6zvetlen\u00fcl a textilanyagra nyomjuk egy keretre fesz\u00edtett szitasz\u00f6veten kereszt\u00fcl<\/span><\/a><\/span><\/div><\/div><div class=\"item margin-ten no-margin-top\"><div class=\"text-center margin-four wow fadeIn \" ><img loading=\"lazy\" decoding=\"async\" alt=\"\" sizes=\"(max-width: 80px) 100vw, 80px\" src=\"https:\/\/www.mpm-quality.cz\/wp-content\/uploads\/2018\/04\/razba.jpg\" width=\"80\" height=\"80\"  class=\"icon-image medium-icon no-margin-bottom \" \/><h5 class=\"black-text margin-ten no-margin-bottom xs-margin-top-five\" >Dombornyom\u00e1s<\/h5><span class=\"approach-details feature-owlslide-content light-gray-text2\" style=\"color:#000000;\"><a href=\"https:\/\/www.mpm-reklama.cz\/hu\/informace\/dombornyomas\" target=\"_blank\" rel=\"noopener\"><span style=\"text-transform: none;\">ezt a technol\u00f3gi\u00e1t b\u0151r vagy m\u0171b\u0151r term\u00e9kekn\u00e9l alkalmazzuk<\/span><\/a><\/span><\/div><\/div><div class=\"item margin-ten no-margin-top\"><div class=\"text-center margin-four wow fadeIn \" ><img loading=\"lazy\" decoding=\"async\" alt=\"\" sizes=\"(max-width: 80px) 100vw, 80px\" src=\"https:\/\/www.mpm-quality.cz\/wp-content\/uploads\/2018\/04\/piskovani.jpg\" width=\"80\" height=\"80\"  class=\"icon-image medium-icon no-margin-bottom \" \/><h5 class=\"black-text margin-ten no-margin-bottom xs-margin-top-five\" >Homoksz\u00f3r\u00e1s<\/h5><span class=\"approach-details feature-owlslide-content light-gray-text2\" style=\"color:#000000;\"><a href=\"https:\/\/www.mpm-reklama.cz\/hu\/informace\/homokszoras\" target=\"_blank\" rel=\"noopener\"><span style=\"text-transform: none;\">az \u00fcveg- \u00e9s f\u00e9m t\u00e1rgyakban (poharak, palackok) fel\u00fcletkezel\u0151 technol\u00f3gi\u00e1ja<\/span><\/a><\/span><\/div><\/div><div class=\"item margin-ten no-margin-top\"><div class=\"text-center margin-four wow fadeIn \" ><img loading=\"lazy\" decoding=\"async\" alt=\"\" srcset=\"https:\/\/www.mpm-quality.cz\/wp-content\/uploads\/2018\/04\/sublimacni_tisk.jpg 109w, https:\/\/www.mpm-quality.cz\/wp-content\/uploads\/2018\/04\/sublimacni_tisk-81x59.jpg 81w\" sizes=\"(max-width: 109px) 100vw, 109px\" src=\"https:\/\/www.mpm-quality.cz\/wp-content\/uploads\/2018\/04\/sublimacni_tisk.jpg\" width=\"109\" height=\"80\"  class=\"icon-image medium-icon no-margin-bottom \" \/><h5 class=\"black-text margin-ten no-margin-bottom xs-margin-top-five\" >Szublim\u00e1ci\u00f3<\/h5><span class=\"approach-details feature-owlslide-content light-gray-text2\" style=\"color:#000000;\"><a href=\"https:\/\/www.mpm-reklama.cz\/hu\/informace\/szublimacio\" target=\"_blank\" rel=\"noopener\"><span style=\"text-transform: none;\">b\u00f6gr\u00e9k,ker\u00e1mia \u00e9s egy\u00e9b h\u0151\u00e1ll\u00f3 term\u00e9kek nyomtat\u00e1sa<\/span><\/a><\/span><\/div><\/div><div class=\"item margin-ten no-margin-top\"><div class=\"text-center margin-four wow fadeIn \" ><img loading=\"lazy\" decoding=\"async\" alt=\"\" sizes=\"(max-width: 80px) 100vw, 80px\" src=\"https:\/\/www.mpm-quality.cz\/wp-content\/uploads\/2018\/04\/vysivka.jpg\" width=\"80\" height=\"80\"  class=\"icon-image medium-icon no-margin-bottom \" \/><h5 class=\"black-text margin-ten no-margin-bottom xs-margin-top-five\" >H\u00edmz\u00e9s<\/h5><span class=\"approach-details feature-owlslide-content light-gray-text2\" style=\"color:#000000;\"><a href=\"https:\/\/www.mpm-reklama.cz\/hu\/informace\/himzes\" target=\"_blank\" rel=\"noopener\"><span style=\"text-transform: none;\">k\u00fcl\u00f6nb\u00f6z\u0151 textil term\u00e9kek (p\u00f3l\u00f3k,sapk\u00e1k,hajp\u00e1ntok,kab\u00e1tok,t\u00f6r\u00f6lk\u00f6z\u0151k) log\u00f3z\u00e1s\u00e1ra alkalmas<\/span><\/a><\/span><\/div><\/div><div class=\"item margin-ten no-margin-top\"><div class=\"text-center margin-four wow fadeIn \" ><img loading=\"lazy\" decoding=\"async\" alt=\"\" sizes=\"(max-width: 80px) 100vw, 80px\" src=\"https:\/\/www.mpm-quality.cz\/wp-content\/uploads\/2018\/04\/transferovy_tisk.jpg\" width=\"80\" height=\"80\"  class=\"icon-image medium-icon no-margin-bottom \" \/><h5 class=\"black-text margin-ten no-margin-bottom xs-margin-top-five\" >Transzfernyom\u00e1s<\/h5><span class=\"approach-details feature-owlslide-content light-gray-text2\" style=\"color:#000000;\"><a href=\"https:\/\/www.mpm-reklama.cz\/hu\/informace\/transzfernyomas\" target=\"_blank\" rel=\"noopener\"><span style=\"text-transform: none;\">nem szabv\u00e1nyos textilanyagok nyomtat\u00e1sa, \u00f6sszetett sz\u00ednes mot\u00edvumok nyomtat\u00e1sa vagy egyenetlen helyen t\u00f6rt\u00e9n\u0151 nyomtat\u00e1s<\/span><\/a><\/span><\/div><\/div><div class=\"item margin-ten no-margin-top\"><div class=\"text-center margin-four wow fadeIn \" ><img loading=\"lazy\" decoding=\"async\" alt=\"\" sizes=\"(max-width: 80px) 100vw, 80px\" src=\"https:\/\/www.mpm-quality.cz\/wp-content\/uploads\/2018\/04\/vymena_ciferniku.jpg\" width=\"80\" height=\"80\"  class=\"icon-image medium-icon no-margin-bottom \" \/><h5 class=\"black-text margin-ten no-margin-bottom xs-margin-top-five\" >\u00d3ralap cser\u00e9je \u00e9s gy\u00e1rt\u00e1sa<\/h5><span class=\"approach-details feature-owlslide-content light-gray-text2\" style=\"color:#000000;\"><a href=\"https:\/\/www.mpm-reklama.cz\/hu\/informace\/oralap-csere\" target=\"_blank\" rel=\"noopener\"><span style=\"text-transform: none;\">k\u00fcl\u00f6nb\u00f6z\u0151 fali\u00f3r\u00e1k,kar\u00f3r\u00e1k,\u00e9breszt\u0151\u00f3r\u00e1k \u00f3ralapj\u00e1nak cser\u00e9je egyedi grafik\u00e1val<\/span><\/a><\/span><\/div><\/div><div class=\"item margin-ten no-margin-top\"><div class=\"text-center margin-four wow fadeIn \" ><img loading=\"lazy\" decoding=\"async\" alt=\"\" sizes=\"(max-width: 80px) 100vw, 80px\" src=\"https:\/\/www.mpm-quality.cz\/wp-content\/uploads\/2019\/06\/3D-samolepka-icon.jpg\" width=\"80\" height=\"80\"  class=\"icon-image medium-icon no-margin-bottom \" \/><h5 class=\"black-text margin-ten no-margin-bottom xs-margin-top-five\" >3D matrica<\/h5><span class=\"approach-details feature-owlslide-content light-gray-text2\" style=\"color:#000000;\"><a href=\"https:\/\/www.mpm-reklama.cz\/hu\/informace\/3d-matrica\" target=\"_blank\" rel=\"noopener\"><span style=\"text-transform: none;\">az epoxigyanta bevonat\u00fa matric\u00e1k rendk\u00edv\u00fcl rugalmasak \u00e9s 3D-s hat\u00e1st biztos\u00edtanak a nyomtatott fel\u00fcleten<\/span><\/a><\/span><\/div><\/div><\/div><\/div><\/div><div class=\"feature_nav\"><a class=\"prev left carousel-control\"><img loading=\"lazy\" decoding=\"async\" alt=\"\" src=\"https:\/\/www.mpm-quality.cz\/wp-content\/plugins\/hcode-addons\/hcode-shortcodes\/images\/arrow-pre-white-bg.png\" width=\"96\" height=\"96\" ><\/a><a class=\"next right carousel-control\"><img loading=\"lazy\" decoding=\"async\" alt=\"\" src=\"https:\/\/www.mpm-quality.cz\/wp-content\/plugins\/hcode-addons\/hcode-shortcodes\/images\/arrow-next-white-bg.png\" width=\"96\" height=\"96\" ><\/a><\/div><\/div>        <script type=\"text\/javascript\">jQuery(document).ready(function () { jQuery(\"#approach-slider\").owlCarousel({ pagination: false,autoPlay: false,stopOnHover: false, items: 3,itemsDesktop: [1200,3],itemsTablet: [991,2],itemsMobile: [700,1], }); });<\/script>\n        <\/div><\/div><\/div><\/div><\/section>","protected":false},"excerpt":{"rendered":"<p>GRAFIKAI ST\u00daDI\u00d3 \u00a0\u00a0\u00a0\u00a0\u00a0| \u00a0\u00a0\u00a0\u00a0\u00a0BRANDING GRAFIKAI ST\u00daDI\u00d3 \u00a0\u00a0\u00a0|\u00a0 \u00a0 BRANDING [vc_empty_space height=&#8221;10px&#8221;] \u00a0E-SHOP MPM REKL\u00c1M \u00a0\u00a0\u00a0\u00a0\u00a0\u00a0 \u00a0 \u00a0\u00a0 \u00a0E-SHOP EMPEN \u00a0E-SHOP\u00a0 \u00a0 \u00a0\u00a0 \u00a0E-SHOP GRAFIKAI ST\u00daDI\u00d3EGYEDI ST\u00cdLUS TERVEZ\u00c9SE \u00c9S NYOMTAT\u00c1SA Az MPM-QUALITY saj\u00e1t rekl\u00e1m\u00fcgyn\u00f6ks\u00e9g\u00e9n kereszt\u00fcl sz\u00e9lesk\u00f6r\u0171 rekl\u00e1m szolg\u00e1ltat\u00e1sokat ny\u00fajt. A rekl\u00e1m\u00fcgyn\u00f6ks\u00e9g alapja a grafikai st\u00fadi\u00f3, ahol az \u00fcgyfelek ig\u00e9nyeinek megfelel\u0151en k\u00e9sz\u00fclnek a grafik\u00e1k ill.l\u00e1tv\u00e1nytervek, amelyek az [&hellip;]<\/p>\n","protected":false},"author":3,"featured_media":0,"parent":0,"menu_order":0,"comment_status":"closed","ping_status":"closed","template":"","meta":{"footnotes":""},"_links":{"self":[{"href":"https:\/\/www.mpm-quality.cz\/hu\/wp-json\/wp\/v2\/pages\/20832"}],"collection":[{"href":"https:\/\/www.mpm-quality.cz\/hu\/wp-json\/wp\/v2\/pages"}],"about":[{"href":"https:\/\/www.mpm-quality.cz\/hu\/wp-json\/wp\/v2\/types\/page"}],"author":[{"embeddable":true,"href":"https:\/\/www.mpm-quality.cz\/hu\/wp-json\/wp\/v2\/users\/3"}],"replies":[{"embeddable":true,"href":"https:\/\/www.mpm-quality.cz\/hu\/wp-json\/wp\/v2\/comments?post=20832"}],"version-history":[{"count":13,"href":"https:\/\/www.mpm-quality.cz\/hu\/wp-json\/wp\/v2\/pages\/20832\/revisions"}],"predecessor-version":[{"id":21884,"href":"https:\/\/www.mpm-quality.cz\/hu\/wp-json\/wp\/v2\/pages\/20832\/revisions\/21884"}],"wp:attachment":[{"href":"https:\/\/www.mpm-quality.cz\/hu\/wp-json\/wp\/v2\/media?parent=20832"}],"curies":[{"name":"wp","href":"https:\/\/api.w.org\/{rel}","templated":true}]}}