{"id":20873,"date":"2018-06-18T14:28:34","date_gmt":"2018-06-18T12:28:34","guid":{"rendered":"https:\/\/www.mpm-quality.cz\/?page_id=20873"},"modified":"2026-02-09T11:09:31","modified_gmt":"2026-02-09T09:09:31","slug":"gepek-es-anyagok","status":"publish","type":"page","link":"https:\/\/www.mpm-quality.cz\/hu\/gepek-es-anyagok\/","title":{"rendered":"G\u00e9pek \u00e9s anyagok"},"content":{"rendered":"<section class=\"  padding-one-tb\"  style=\"  \"><div class=\"container-fluid\"><div class=\"row\"><div id=\"sunward\" class=\"wpb_column hcode-column-container  hidden-sm hidden-xs col-xs-mobile-fullwidth col-sm-12 text-center center-col\"><div class=\"vc-column-innner-wrapper\"><div  class=\" menu-kategorie2  \" ><div class=\"letter-spacing-2\">\n<p><a href=\"https:\/\/www.mpm-quality.cz\/hu\/gepek-es-anyagok\/#sunward\">SUNWARD<\/a> \u00a0\u00a0\u00a0\u00a0\u00a0|\u00a0\u00a0\u00a0\u00a0 <a href=\"https:\/\/www.mpm-quality.cz\/hu\/gepek-es-anyagok\/#mozaik\">MOZAIK<\/a> \u00a0\u00a0\u00a0\u00a0\u00a0<\/p>\n<\/div><\/div><\/div><\/div><\/div><\/section><section class=\"  no-padding\"  style=\"  \"><div class=\"container-fluid\"><div class=\"row\"><div id=\"sunward2\" class=\"wpb_column hcode-column-container  hidden-lg hidden-md col-xs-mobile-fullwidth col-sm-12 text-center center-col\"><div class=\"vc-column-innner-wrapper\"><div  class=\" menu-kategorie2  \" ><div class=\"letter-spacing-2\"><a href=\"https:\/\/www.mpm-quality.cz\/hu\/gepek-es-anyagok\/#sunward2\">SUNWARD<\/a>\u00a0 \u00a0 |\u00a0 \u00a0<a href=\"https:\/\/www.mpm-quality.cz\/hu\/gepek-es-anyagok\/#mozaik2\">MOZAIK<\/a><\/div>\n<\/div><\/div><\/div><\/div><\/div><\/section><section class=\"  sm-margin-top-20px xs-margin-top-20px no-padding sm-no-padding xs-no-padding\"  style=\"  \"><div class=\"container-fluid\"><div class=\"row\"><div class=\"wpb_column hcode-column-container  col-lg-5 col-md-6 hidden-sm hidden-xs col-xs-mobile-fullwidth col-sm-12 text-center\" style=\" padding: 70px 5% 0px 5%;\"><div class=\"vc-column-innner-wrapper\"><h1 class=\"section-title  no-margin black-text no-padding\" style=\"font-weight:500 !important;;\">SUNWARD<\/h1><p><span class=\"text-small black-text text-uppercase letter-spacing-3\">\u00c9P\u00cdTKEZ\u00c9SI G\u00c9PEK ELD\u00c1SA,SZERVIZEL\u00c9SE \u00c9S K\u00d6LCS\u00d6NZ\u00c9SE<\/span><\/p>\n<p class=\"text-med black-text\" style=\"text-align: justify;\">Az MPM-QUALITY v.o.s a Sunward m\u00e1rka kiz\u00e1r\u00f3lagos import\u0151re \u00e9s forgalmaz\u00f3ja. Teljesk\u00f6r\u0171 szolg\u00e1ltat\u00e1st ny\u00fajtunk \u00fcgyfeleinknek a g\u00e9pek \u00e9s p\u00f3talkatr\u00e9szek \u00e9rt\u00e9kes\u00edt\u00e9s\u00e9vel,garanci\u00e1lis \u00e9s j\u00f3t\u00e1ll\u00e1s ut\u00e1ni szervizel\u00e9ssel, szak\u00e9rt\u0151i m\u0171szaki tan\u00e1csad\u00e1ssal kapcsolatban. A g\u00e9pk \u00e9s berendez\u00e9sek sz\u00e1ll\u00edt\u00e1s\u00e1t kiv\u00e1l\u00f3 min\u00f5s\u00e9g \u00e9s j\u00f3 \u00e1r jellemzi.<\/p>\n<p style=\"margin-bottom: 0px;\"><a class=\"inner-link tlacitko_web highlight-button-dark btn-medium button btn\" href=\"http:\/\/www.sunward.cz\/\" target=\"_blank\" rel=\"noopener\">Weboldal megtekint\u00e9se<\/a><\/p>\n<div id=mozaik class=\"  \" ><\/div><\/div><\/div><div class=\"wpb_column hcode-column-container  col-lg-5 hidden-lg col-md-6 hidden-md col-xs-mobile-fullwidth col-sm-12 text-center\" style=\" padding: 30px 5%;\"><div class=\"vc-column-innner-wrapper\"><h1 class=\"section-title  no-margin black-text no-padding\" style=\"font-weight:500 !important;;\">SUNWARD<\/h1><p><span class=\"text-small black-text text-uppercase letter-spacing-3\">\u00c9P\u00cdTKEZ\u00c9SI G\u00c9PEK ELD\u00c1SA,SZERVIZEL\u00c9SE \u00c9S K\u00d6LCS\u00d6NZ\u00c9SE<\/span><\/p>\n<p class=\"text-med black-text\" style=\"text-align: justify;\">Az MPM-QUALITY v.o.s a Sunward m\u00e1rka kiz\u00e1r\u00f3lagos import\u0151re \u00e9s forgalmaz\u00f3ja. Teljesk\u00f6r\u0171 szolg\u00e1ltat\u00e1st ny\u00fajtunk \u00fcgyfeleinknek a g\u00e9pek \u00e9s p\u00f3talkatr\u00e9szek \u00e9rt\u00e9kes\u00edt\u00e9s\u00e9vel,garanci\u00e1lis \u00e9s j\u00f3t\u00e1ll\u00e1s ut\u00e1ni szervizel\u00e9ssel, szak\u00e9rt\u0151i m\u0171szaki tan\u00e1csad\u00e1ssal kapcsolatban. A g\u00e9pk \u00e9s berendez\u00e9sek sz\u00e1ll\u00edt\u00e1s\u00e1t kiv\u00e1l\u00f3 min\u00f5s\u00e9g \u00e9s j\u00f3 \u00e1r jellemzi.<\/p>\n<p style=\"margin-bottom: 0px;\"><a class=\"inner-link tlacitko_web highlight-button-dark btn-medium button btn\" href=\"http:\/\/www.sunward.cz\/\" target=\"_blank\" rel=\"noopener\">Weboldal megtekint\u00e9se<\/a><\/p>\n<\/div><\/div><div class=\"wpb_column hcode-column-container  col-lg-7 col-md-6 col-xs-mobile-fullwidth col-sm-12 no-padding sm-padding-five-lr xs-padding-five-lr\"><div class=\"vc-column-innner-wrapper\"><div  class=\"cover-background  min-height-450 bg-image-srcset\" style=\"background-image:url(https:\/\/www.mpm-quality.cz\/wp-content\/uploads\/2018\/04\/stroje_materialy.jpg);min-height:500px;\" data-bg-srcset=\"https:\/\/www.mpm-quality.cz\/wp-content\/uploads\/2018\/04\/stroje_materialy.jpg 1920w, https:\/\/www.mpm-quality.cz\/wp-content\/uploads\/2018\/04\/stroje_materialy-300x200.jpg 300w, https:\/\/www.mpm-quality.cz\/wp-content\/uploads\/2018\/04\/stroje_materialy-768x512.jpg 768w, https:\/\/www.mpm-quality.cz\/wp-content\/uploads\/2018\/04\/stroje_materialy-1024x683.jpg 1024w, https:\/\/www.mpm-quality.cz\/wp-content\/uploads\/2018\/04\/stroje_materialy-81x54.jpg 81w\"><div class=\"img-border\"><\/div><\/div><div id=mozaik2 class=\"  \" ><\/div><\/div><\/div><\/div><\/div><\/section><section class=\"  sm-margin-top-20px xs-margin-top-20px no-padding sm-no-padding xs-no-padding\"  style=\"  \"><div class=\"container-fluid\"><div class=\"row\"><div class=\"wpb_column hcode-column-container  col-lg-7 col-md-6 hidden-sm hidden-xs col-xs-mobile-fullwidth col-sm-12 no-padding\"><div class=\"vc-column-innner-wrapper\"><div  class=\"cover-background  min-height-450 bg-image-srcset\" style=\"background-image:url(https:\/\/www.mpm-quality.cz\/wp-content\/uploads\/2018\/03\/mozaika.jpg);min-height:550px;\" data-bg-srcset=\"https:\/\/www.mpm-quality.cz\/wp-content\/uploads\/2018\/03\/mozaika.jpg 950w, https:\/\/www.mpm-quality.cz\/wp-content\/uploads\/2018\/03\/mozaika-300x200.jpg 300w, https:\/\/www.mpm-quality.cz\/wp-content\/uploads\/2018\/03\/mozaika-768x512.jpg 768w, https:\/\/www.mpm-quality.cz\/wp-content\/uploads\/2018\/03\/mozaika-81x54.jpg 81w\"><div class=\"img-border\"><\/div><\/div><div id=lenix_laser class=\"  \" ><\/div><\/div><\/div><div class=\"wpb_column hcode-column-container  col-lg-5 col-md-6 hidden-md hidden-sm hidden-xs col-xs-mobile-fullwidth col-sm-12 text-center\" style=\" padding: 60px 5% 0px 5%;\"><div class=\"vc-column-innner-wrapper\"><h1 class=\"section-title  no-margin black-text no-padding\" style=\"font-weight:500 !important;;\">MOZAIK<\/h1><p><span class=\"text-small black-text text-uppercase letter-spacing-3\">\u00c9P\u00cdTKEZ\u00c9SI ANYAGOK DIV\u00cdZI\u00d3JA<\/span><\/p>\n<p class=\"text-med black-text\" style=\"text-align: justify;\">Az 1993-ban alap\u00edtott MPM-QUALITY, v.o.s sz\u00e1mos ter\u00fcleten fokozatosan b\u0151v\u00edtette k\u00edn\u00e1lat\u00e1t export, import, termel\u00e9s \u00e9s az \u00e1ruforgalmaz\u00e1s ter\u00e9n .A kereskedelmi h\u00e1l\u00f3zat fejleszt\u00e9s\u00e9nek r\u00e9szek\u00e9nt az \u00e9p\u00edt\u0151anyagok sz\u00e9les v\u00e1laszt\u00e9k\u00e1t k\u00edn\u00e1ljuk,term\u00e9szetes k\u0151, pala, m\u00e1rv\u00e1ny \u00e9s m\u00e1s hasonl\u00f3 term\u00e9kekb\u0151l is import\u0151r lett.<\/p>\n<p class=\"text-med black-text\" style=\"text-align: justify;\">\u00dcvegmozaik \u00e9rt\u00e9kes\u00edt\u00e9s\u00e9vel is foglalkozunk,versenyk\u00e9pes \u00e1ron \u00e9s j\u00f3 min\u0151s\u00e9gben k\u00edn\u00e1ljuk, bele\u00e9rtve a sz\u00e1ll\u00edt\u00e1si hat\u00e1rid\u0151ket \u00e9s a magas k\u00e9szletet. Ezek az anyagok egyre n\u00e9pszer\u0171bbek \u00e9s alkalmaz\u00e1suk magas szint\u0171.<\/p>\n<p style=\"margin-bottom: 0px;\"><a class=\"inner-link tlacitko_web highlight-button-dark btn-medium button btn\" href=\"http:\/\/www.mozaika-mpm.cz\/\" target=\"_blank\" rel=\"noopener\">Weboldal megtekint\u00e9se<\/a><\/p>\n<\/div><\/div><div class=\"wpb_column hcode-column-container  col-lg-5 hidden-lg col-md-6 col-xs-mobile-fullwidth col-sm-12 text-center\" style=\" padding: 30px 5%;\"><div class=\"vc-column-innner-wrapper\"><h1 class=\"section-title  no-margin black-text no-padding\" style=\"font-weight:500 !important;;\">MOZAIK<\/h1><p><span class=\"text-small black-text text-uppercase letter-spacing-3\">\u00c9P\u00cdTKEZ\u00c9SI ANYAGOK DIV\u00cdZI\u00d3JA<\/span><\/p>\n<p class=\"text-med black-text\" style=\"text-align: justify;\">Az 1993-ban alap\u00edtott MPM-QUALITY, v.o.s sz\u00e1mos ter\u00fcleten fokozatosan b\u0151v\u00edtette k\u00edn\u00e1lat\u00e1t export, import, termel\u00e9s \u00e9s az \u00e1ruforgalmaz\u00e1s ter\u00e9n .A kereskedelmi h\u00e1l\u00f3zat fejleszt\u00e9s\u00e9nek r\u00e9szek\u00e9nt az \u00e9p\u00edt\u0151anyagok sz\u00e9les v\u00e1laszt\u00e9k\u00e1t k\u00edn\u00e1ljuk,term\u00e9szetes k\u0151, pala, m\u00e1rv\u00e1ny \u00e9s m\u00e1s hasonl\u00f3 term\u00e9kekb\u0151l is import\u0151r lett.<\/p>\n<p class=\"text-med black-text\" style=\"text-align: justify;\">\u00dcvegmozaik \u00e9rt\u00e9kes\u00edt\u00e9s\u00e9vel is foglalkozunk,versenyk\u00e9pes \u00e1ron \u00e9s j\u00f3 min\u0151s\u00e9gben k\u00edn\u00e1ljuk, bele\u00e9rtve a sz\u00e1ll\u00edt\u00e1si hat\u00e1rid\u0151ket \u00e9s a magas k\u00e9szletet. Ezek az anyagok egyre n\u00e9pszer\u0171bbek \u00e9s alkalmaz\u00e1suk magas szint\u0171.<\/p>\n<p style=\"margin-bottom: 0px;\"><a class=\"inner-link tlacitko_web highlight-button-dark btn-medium button btn\" href=\"http:\/\/www.mozaika-mpm.cz\/\" target=\"_blank\" rel=\"noopener\">Weboldal megtekint\u00e9se<\/a><\/p>\n<\/div><\/div><div class=\"wpb_column hcode-column-container  hidden-lg hidden-md col-xs-mobile-fullwidth col-sm-12 no-padding sm-padding-five-lr xs-padding-five-lr\"><div class=\"vc-column-innner-wrapper\"><div  class=\"cover-background  min-height-450 ramecek bg-image-srcset\" style=\"background-image:url(https:\/\/www.mpm-quality.cz\/wp-content\/uploads\/2018\/03\/mozaika.jpg);min-height:550px;\" data-bg-srcset=\"https:\/\/www.mpm-quality.cz\/wp-content\/uploads\/2018\/03\/mozaika.jpg 950w, https:\/\/www.mpm-quality.cz\/wp-content\/uploads\/2018\/03\/mozaika-300x200.jpg 300w, https:\/\/www.mpm-quality.cz\/wp-content\/uploads\/2018\/03\/mozaika-768x512.jpg 768w, https:\/\/www.mpm-quality.cz\/wp-content\/uploads\/2018\/03\/mozaika-81x54.jpg 81w\"><div class=\"img-border\"><\/div><\/div><div id=lenix_laser2 class=\"  \" ><\/div><\/div><\/div><\/div><\/div><\/section><section class=\"  no-padding\" ><div class=\"container-fluid\"><div class=\"row\"><div class=\"wpb_column hcode-column-container  hidden-lg hidden-md col-xs-mobile-fullwidth col-sm-12\"><div class=\"vc-column-innner-wrapper\">[vc_empty_space height=\"4rem\"]<\/div><\/div><\/div><\/div><\/section>\r\n\r\n<\/div>","protected":false},"excerpt":{"rendered":"<p>SUNWARD \u00a0\u00a0\u00a0\u00a0\u00a0|\u00a0\u00a0\u00a0\u00a0 MOZAIK \u00a0\u00a0\u00a0\u00a0\u00a0 SUNWARD\u00a0 \u00a0 |\u00a0 \u00a0MOZAIK SUNWARD\u00c9P\u00cdTKEZ\u00c9SI G\u00c9PEK ELD\u00c1SA,SZERVIZEL\u00c9SE \u00c9S K\u00d6LCS\u00d6NZ\u00c9SE Az MPM-QUALITY v.o.s a Sunward m\u00e1rka kiz\u00e1r\u00f3lagos import\u0151re \u00e9s forgalmaz\u00f3ja. Teljesk\u00f6r\u0171 szolg\u00e1ltat\u00e1st ny\u00fajtunk \u00fcgyfeleinknek a g\u00e9pek \u00e9s p\u00f3talkatr\u00e9szek \u00e9rt\u00e9kes\u00edt\u00e9s\u00e9vel,garanci\u00e1lis \u00e9s j\u00f3t\u00e1ll\u00e1s ut\u00e1ni szervizel\u00e9ssel, szak\u00e9rt\u0151i m\u0171szaki tan\u00e1csad\u00e1ssal kapcsolatban. A g\u00e9pk \u00e9s berendez\u00e9sek sz\u00e1ll\u00edt\u00e1s\u00e1t kiv\u00e1l\u00f3 min\u00f5s\u00e9g \u00e9s j\u00f3 \u00e1r jellemzi. Weboldal megtekint\u00e9se SUNWARD\u00c9P\u00cdTKEZ\u00c9SI G\u00c9PEK [&hellip;]<\/p>\n","protected":false},"author":3,"featured_media":0,"parent":0,"menu_order":0,"comment_status":"closed","ping_status":"closed","template":"","meta":{"footnotes":""},"_links":{"self":[{"href":"https:\/\/www.mpm-quality.cz\/hu\/wp-json\/wp\/v2\/pages\/20873"}],"collection":[{"href":"https:\/\/www.mpm-quality.cz\/hu\/wp-json\/wp\/v2\/pages"}],"about":[{"href":"https:\/\/www.mpm-quality.cz\/hu\/wp-json\/wp\/v2\/types\/page"}],"author":[{"embeddable":true,"href":"https:\/\/www.mpm-quality.cz\/hu\/wp-json\/wp\/v2\/users\/3"}],"replies":[{"embeddable":true,"href":"https:\/\/www.mpm-quality.cz\/hu\/wp-json\/wp\/v2\/comments?post=20873"}],"version-history":[{"count":14,"href":"https:\/\/www.mpm-quality.cz\/hu\/wp-json\/wp\/v2\/pages\/20873\/revisions"}],"predecessor-version":[{"id":24702,"href":"https:\/\/www.mpm-quality.cz\/hu\/wp-json\/wp\/v2\/pages\/20873\/revisions\/24702"}],"wp:attachment":[{"href":"https:\/\/www.mpm-quality.cz\/hu\/wp-json\/wp\/v2\/media?parent=20873"}],"curies":[{"name":"wp","href":"https:\/\/api.w.org\/{rel}","templated":true}]}}