{"id":19990,"date":"2018-05-14T13:05:55","date_gmt":"2018-05-14T12:05:55","guid":{"rendered":"https:\/\/beta.mpm-quality.cz\/?page_id=19990"},"modified":"2026-02-07T10:48:42","modified_gmt":"2026-02-07T08:48:42","slug":"o-nas","status":"publish","type":"page","link":"https:\/\/www.mpm-quality.cz\/pl\/o-nas\/","title":{"rendered":"O nas"},"content":{"rendered":"<section class=\" vc_custom_1575970496314  no-padding\" ><div class=\"container\"><div class=\"row\"><div class=\"wpb_column hcode-column-container  col-xs-mobile-fullwidth col-sm-12 text-center\"><div class=\"vc-column-innner-wrapper\"><h1 class=\"section-title  black-text no-padding\" style=\"font-weight:500 !important;;\">TRADYCJA I ELEGANCJA<\/h1><\/div><\/div><\/div><\/div><\/section><section class=\"  row-equal-height row-content-middle no-padding sm-no-padding xs-no-padding\" ><div class=\"container\"><div class=\"row\"><div class=\"wpb_column hcode-column-container  col-lg-6 col-md-6 col-xs-mobile-fullwidth col-sm-12\"><div class=\"vc-column-innner-wrapper\"><h2 class=\"section-title  black-text no-padding\" style=\" margin: 0 0 22px 0;font-weight:500 !important;;\">ZA\u0141O\u017bENIA<\/h2><p class=\"text-med black-text\" style=\"text-align: justify; font-size: 15px; margin-bottom: 0px;\">Firma MPM-Quality rozpocz\u0119\u0142a swoj\u0105 dzia\u0142alno\u015b\u0107 w 1993 r. i od samego pocz\u0105tku zajmowa\u0142a si\u0119 importem, dystrybucj\u0105 i sprzeda\u017c\u0105 ca\u0142ego asortymentu zegarmistrzowskiego. Ju\u017c w pierwszych latach firma MPM-Quality zdoby\u0142a przedstawicielstwo du\u017cej ilo\u015bci marek. Celem by\u0142o poszerzenie i wzbogacenie oferty rynkowej.<\/p>\n[vc_empty_space height=\"1rem\"][vc_single_image image=\"22906\" img_size=\"500x100\" alignment=\"center\"][vc_empty_space height=\"1.5rem\"]<h2 class=\"section-title  black-text no-padding\" style=\" margin: 0 0 22px 0;font-weight:500 !important;;\">W\u0141ASNA MARKA<\/h2><p class=\"text-med black-text\" style=\"text-align: justify; font-size: 15px; margin-bottom: 0px;\">Pocz\u0105tkiem 1994 r. w ramach nowej filozofii firmy zosta\u0142a stworzona nowa marka pod t\u0105 sam\u0105 nazw\u0105 MPM-Quality. Dzi\u0119ki po\u0142\u0105czeniu designu, jako\u015b\u0107i i cenowej przyst\u0119pno\u015bci marka ta zacz\u0119\u0142a by\u0107 rozpoznawalna na rynku.<\/p>\n<\/div><\/div><div class=\"wpb_column hcode-column-container  col-lg-6 col-md-6 hidden-sm hidden-xs col-xs-mobile-fullwidth col-sm-12\"><div class=\"vc-column-innner-wrapper\">[vc_single_image image=\"22890\" img_size=\"500x500\" alignment=\"center\"]<\/div><\/div><div class=\"wpb_column hcode-column-container  col-lg-6 hidden-lg col-md-6 hidden-md col-xs-mobile-fullwidth col-sm-12\"><div class=\"vc-column-innner-wrapper\">[vc_empty_space height=\"30px\"][vc_single_image image=\"22894\" img_size=\"full\" alignment=\"center\"]<\/div><\/div><\/div><\/div><\/section><section class=\"  no-padding\" ><div class=\"container\"><div class=\"row\"><div class=\"wpb_column hcode-column-container  hidden-md hidden-sm hidden-xs col-xs-mobile-fullwidth col-sm-12\"><div class=\"vc-column-innner-wrapper\">[vc_empty_space height=\"5rem\"]<\/div><\/div><div class=\"wpb_column hcode-column-container  hidden-lg col-xs-mobile-fullwidth col-sm-12\"><div class=\"vc-column-innner-wrapper\">[vc_empty_space height=\"3rem\"]<\/div><\/div><\/div><\/div><\/section><section class=\"  row-equal-height row-content-middle no-padding sm-no-padding xs-no-padding\" ><div class=\"container\"><div class=\"row\"><div class=\"wpb_column hcode-column-container  hidden-sm hidden-xs col-xs-mobile-fullwidth col-sm-6\"><div class=\"vc-column-innner-wrapper\">[vc_single_image image=\"22882\" img_size=\"500x500\" alignment=\"center\"]<\/div><\/div><div class=\"wpb_column hcode-column-container  col-lg-6 col-md-6 col-xs-mobile-fullwidth col-sm-12\"><div class=\"vc-column-innner-wrapper\"><h2 class=\"section-title  black-text no-padding\" style=\" margin: 0 0 22px 0;font-weight:500 !important;;\">ZAGRANICZNE ODDZIA\u0141Y<\/h2><p class=\"text-med black-text\" style=\"text-align: justify; font-size: 15px;\">W ramach rozwoju firma zacz\u0119\u0142a otwiera\u0107 oddzia\u0142y r\u00f3wnie\u017c w s\u0105siednich pa\u0144stwach. Na S\u0142owacji rozpocz\u0119\u0142a dzia\u0142alno\u015b\u0107 MPM-Quality s.r.o z siedzib\u0105 w Trenczinie, nast\u0119pnie w Polsce MPM-Quality Sp. z o. o. z siedzib\u0105 w Bielsku-Bia\u0142ej i w 2010 r. na W\u0119grzech MPM-Quality Hft z siedzib\u0105 w Komarom.<\/p>\n[vc_empty_space height=\"1.5rem\"]<h2 class=\"section-title  black-text no-padding\" style=\" margin: 0 0 22px 0;font-weight:500 !important;;\">US\u0141UGI<\/h2><p class=\"text-med black-text\" style=\"text-align: justify; font-size: 15px;\">Ka\u017cdego roku MPM-QUALITY d\u0105\u017cy do poszerzenia swojej oferty produkt\u00f3w i us\u0142ug, aby kompleksowa i szeroka gama produkt\u00f3w by\u0142a atrakcyjna dla sta\u0142ych klient\u00f3w i dociera\u0142a tak\u017ce do nowych. Wszystkie nasze dzia\u0142ania id\u0105 w kierunku podwy\u017cszenia komfortu obs\u0142ugi klienta ze szczeg\u00f3ln\u0105 uwag\u0105 na przyjazn\u0105 i profesjonaln\u0105 obs\u0142ug\u0119.<\/p>\n<p class=\"text-med black-text\" style=\"text-align: justify; font-size: 15px; margin-bottom: 0px;\">Staramy si\u0119 spe\u0142nia\u0107 oczekiwania wszystkich naszych klient\u00f3w na ka\u017cdym etapie realizacji zam\u00f3wienia. Stabilna pozycja rynkowa w po\u0142\u0105czeniu z regularnym szkoleniem pracownik\u00f3w jest gwarancj\u0105 jako\u015bci produkt\u00f3w i \u015bwiadczonych us\u0142ug.<\/p>\n<\/div><\/div><div class=\"wpb_column hcode-column-container  hidden-lg hidden-md col-xs-mobile-fullwidth col-sm-12\"><div class=\"vc-column-innner-wrapper\">[vc_empty_space height=\"30px\"][vc_single_image image=\"22882\" img_size=\"full\" alignment=\"center\"]<\/div><\/div><\/div><\/div><\/section><section class=\"  no-padding\" ><div class=\"container\"><div class=\"row\"><div class=\"wpb_column hcode-column-container  hidden-md hidden-sm hidden-xs col-xs-mobile-fullwidth col-sm-12\"><div class=\"vc-column-innner-wrapper\">[vc_empty_space height=\"5rem\"]<\/div><\/div><div class=\"wpb_column hcode-column-container  hidden-lg col-xs-mobile-fullwidth col-sm-12\"><div class=\"vc-column-innner-wrapper\">[vc_empty_space height=\"3rem\"]<\/div><\/div><\/div><\/div><\/section><section class=\" vc_custom_1526367306158  row-equal-height row-content-middle no-padding sm-no-padding xs-no-padding\" ><div class=\"container\"><div class=\"row\"><div class=\"wpb_column hcode-column-container  col-lg-6 col-md-6 col-xs-mobile-fullwidth col-sm-12\"><div class=\"vc-column-innner-wrapper\"><h2 class=\"section-title  black-text no-padding\" style=\" margin: 0 0 22px 0;font-weight:500 !important;;\">POSZERZANIE OFERTY<\/h2><p class=\"text-med black-text\" style=\"text-align: justify; font-size: 15px;\">W czasie trwania naszej dzia\u0142alno\u015bci poszerzyli\u015bmy nasz asortyment i zdobyli\u015bmy du\u017ce do\u015bwiadczenie. Obecnie <strong>dysponujemy magazynem<\/strong> o powierzchni ponad <strong>4000 m\u00b2<\/strong>, kt\u00f3ry oferuje wi\u0119cej ni\u017c <strong>3500 produkt\u00f3w<\/strong>. Nasza oferta jest stale urozmaicana zgodnie z wymaganiami klienta. Dostarczamy towary na terenie ca\u0142ej Polski, Czech, S\u0142owacji, W\u0119gier. oraz kraj\u00f3w UE do wszystkich ma\u0142ych odbiorc\u00f3w, hurtownik\u00f3w i instytucji pa\u0144stwowych.<\/p>\n<p class=\"text-med black-text\" style=\"text-align: justify; font-size: 15px; margin-bottom: 10px;\">Wraz z dynamicznym wzrostem i wi\u0119kszym do\u015bwiadczeniem na rynku europejskim firma poszerzy\u0142a si\u0119 o kolejne dzia\u0142y. Powiekszj\u0105cy si\u0119 asortyment towar\u00f3w i nowe rodzaje us\u0142ug spowodowa\u0142y stworzenie w firmie MPM-Quality kilku dzia\u0142\u00f3w.<\/p>\n<table style=\"border: 0px;\">\n<tbody>\n<tr>\n<td style=\"border: 0px; padding-bottom: 0px;\" width=\"60%\">\n<ul class=\"text-med black-text\" style=\"margin-bottom: 0px; padding-left: 30px;\">\n<li><a href=\"https:\/\/prim-hodinky.cz\/pl\/\" target=\"_blank\" rel=\"noopener\"><strong>Towary zegarmistrzowskie<\/strong><\/a><br \/>\n(<a href=\"https:\/\/eshop.prim-hodinky.cz\/pl\/\" target=\"_blank\" rel=\"noopener\">PRIM<\/a>, <a href=\"https:\/\/www.mpm-time.cz\/pl\/\" target=\"_blank\" rel=\"noopener\">MPM-Quality<\/a>)<\/li>\n<li><a href=\"https:\/\/eshop.prim-hodinky.cz\/pl\/dodatki\/prim_stal\/\" target=\"_blank\" rel=\"noopener\"><strong>Bi\u017cuteria ze stali nierdzewnej<\/strong><\/a> (PRIM Steel)<\/li>\n<li><a href=\"https:\/\/www.mpm-reklama.cz\/pl\" target=\"_blank\" rel=\"noopener\"><strong>Gad\u017cety reklamowe<\/strong><\/a><\/li>\n<li><strong>Studio graficzne<\/strong><\/li>\n<li><a href=\"https:\/\/www.mpm-reklama.cz\/pl\/kategorie\/empen-2\" target=\"_blank\" rel=\"noopener\"><strong>Artyku\u0142y biurowe i szkolne<\/strong><\/a> (Empen)<\/li>\n<\/ul>\n<\/td>\n<td style=\"border: 0px; padding-bottom: 0px;\" width=\"5%\"><\/td>\n<td style=\"border: 0px; padding-bottom: 0px;\" width=\"35%\">\n<p class=\"text-med black-text\" style=\"text-align: justify; margin-bottom: 0px;\"><strong>Gastronomia:<\/strong><\/p>\n<ul class=\"text-med black-text\" style=\"margin-bottom: 0px;\">\n<li><a href=\"https:\/\/www.troyer.cz\/\" target=\"_blank\" rel=\"noopener\"><strong>Hotel Troyer<\/strong><\/a><\/li>\n<li><a href=\"http:\/\/www.skipark-grun.cz\/\" target=\"_blank\" rel=\"noopener\"><strong>Ski Park Gru\u0148<\/strong><\/a><\/li>\n<li><a href=\"http:\/\/www.raztoka.cz\/\" target=\"_blank\" rel=\"noopener\"><strong>Hotel R\u00e1ztoka<\/strong><\/a><\/li>\n<li><a href=\"https:\/\/www.pustevny.cz\/pl\/\" target=\"_blank\" rel=\"noopener\"><strong>Pustevny<\/strong><\/a><\/li>\n<\/ul>\n<\/td>\n<\/tr>\n<\/tbody>\n<\/table>\n<\/div><\/div><div class=\"wpb_column hcode-column-container  col-lg-6 col-md-6 hidden-sm hidden-xs col-xs-mobile-fullwidth col-sm-12\"><div class=\"vc-column-innner-wrapper\">[vc_single_image image=\"21458\" img_size=\"500x500\" alignment=\"center\"]<\/div><\/div><div class=\"wpb_column hcode-column-container  col-lg-6 hidden-lg col-md-6 hidden-md col-xs-mobile-fullwidth col-sm-12\"><div class=\"vc-column-innner-wrapper\">[vc_empty_space height=\"30px\"][vc_single_image image=\"21458\" img_size=\"full\" alignment=\"center\"]<\/div><\/div><\/div><\/div><\/section>","protected":false},"excerpt":{"rendered":"<p>TRADYCJA I ELEGANCJAZA\u0141O\u017bENIAFirma MPM-Quality rozpocz\u0119\u0142a swoj\u0105 dzia\u0142alno\u015b\u0107 w 1993 r. i od samego pocz\u0105tku zajmowa\u0142a si\u0119 importem, dystrybucj\u0105 i sprzeda\u017c\u0105 ca\u0142ego asortymentu zegarmistrzowskiego. Ju\u017c w pierwszych latach firma MPM-Quality zdoby\u0142a przedstawicielstwo du\u017cej ilo\u015bci marek. Celem by\u0142o poszerzenie i wzbogacenie oferty rynkowej. [vc_empty_space height=&#8221;1rem&#8221;][vc_single_image image=&#8221;22906&#8243; img_size=&#8221;500&#215;100&#8243; alignment=&#8221;center&#8221;][vc_empty_space height=&#8221;1.5rem&#8221;]W\u0141ASNA MARKAPocz\u0105tkiem 1994 r. w ramach nowej filozofii firmy [&hellip;]<\/p>\n","protected":false},"author":3,"featured_media":0,"parent":0,"menu_order":0,"comment_status":"closed","ping_status":"closed","template":"","meta":{"footnotes":""},"_links":{"self":[{"href":"https:\/\/www.mpm-quality.cz\/pl\/wp-json\/wp\/v2\/pages\/19990"}],"collection":[{"href":"https:\/\/www.mpm-quality.cz\/pl\/wp-json\/wp\/v2\/pages"}],"about":[{"href":"https:\/\/www.mpm-quality.cz\/pl\/wp-json\/wp\/v2\/types\/page"}],"author":[{"embeddable":true,"href":"https:\/\/www.mpm-quality.cz\/pl\/wp-json\/wp\/v2\/users\/3"}],"replies":[{"embeddable":true,"href":"https:\/\/www.mpm-quality.cz\/pl\/wp-json\/wp\/v2\/comments?post=19990"}],"version-history":[{"count":14,"href":"https:\/\/www.mpm-quality.cz\/pl\/wp-json\/wp\/v2\/pages\/19990\/revisions"}],"predecessor-version":[{"id":24659,"href":"https:\/\/www.mpm-quality.cz\/pl\/wp-json\/wp\/v2\/pages\/19990\/revisions\/24659"}],"wp:attachment":[{"href":"https:\/\/www.mpm-quality.cz\/pl\/wp-json\/wp\/v2\/media?parent=19990"}],"curies":[{"name":"wp","href":"https:\/\/api.w.org\/{rel}","templated":true}]}}