{"id":20093,"date":"2018-05-16T08:13:20","date_gmt":"2018-05-16T07:13:20","guid":{"rendered":"https:\/\/beta.mpm-quality.cz\/?page_id=20093"},"modified":"2024-07-25T14:56:26","modified_gmt":"2024-07-25T12:56:26","slug":"kontakty","status":"publish","type":"page","link":"https:\/\/www.mpm-quality.cz\/pl\/kontakty\/","title":{"rendered":"Kontakty"},"content":{"rendered":"<section class=\" vc_custom_1520339012655 \" ><div class=\"wpb_column hcode-column-container  col-xs-mobile-fullwidth col-sm-12 no-padding\"><div class=\"vc-column-innner-wrapper\">[vc_gmaps link=\"#E-8_JTNDaWZyYW1lJTIwc3JjJTNEJTIyaHR0cHMlM0ElMkYlMkZ3d3cuZ29vZ2xlLmNvbSUyRm1hcHMlMkZlbWJlZCUzRnBiJTNEJTIxMW0xNCUyMTFtOCUyMTFtMyUyMTFkMTAyOTkuNDYyOTY2MTg5MzU4JTIxMmQxOS4wMzg4NjE5JTIxM2Q0OS44MDczOTE3JTIxM20yJTIxMWkxMDI0JTIxMmk3NjglMjE0ZjEzLjElMjEzbTMlMjExbTIlMjExczB4MCUyNTNBMHgyMWUyYmNmNmJiM2YwMTg5JTIxMnNNUE0tUXVhbGl0eSUyQlNwLiUyQnolMkJvLm8uJTJCRCUyNUM1JTI1ODJ1Z29waXN5JTI1MkMlMkJhcnR5a3UlMjVDNSUyNTgyeSUyQnJla2xhbW93ZSUyNTJDJTJCemVnYXJ5JTIxNWUwJTIxM20yJTIxMXNjcyUyMTJzY3olMjE0djE1MTg0Mzc2MDM3OTAlMjIlMjB3aWR0aCUzRCUyMjYwMCUyMiUyMGhlaWdodCUzRCUyMjQ1MCUyMiUyMGZyYW1lYm9yZGVyJTNEJTIyMCUyMiUyMHN0eWxlJTNEJTIyYm9yZGVyJTNBMCUyMiUyMGFsbG93ZnVsbHNjcmVlbiUzRSUzQyUyRmlmcmFtZSUzRQ==\" css=\".vc_custom_1529310955613{padding-right: 0px !important;padding-left: 0px !important;}\"]<\/div><\/div><\/section><section class=\" vc_custom_1529313031063  row-equal-height row-content-middle no-padding xs-padding-lr-15px\"  style=\"  \"><div class=\"container\"><div class=\"row\"><div class=\"wpb_column hcode-column-container  col-lg-7 col-md-7 col-xs-mobile-fullwidth col-sm-12 sm-padding-five xs-padding-eight\" style=\" padding: 50px; background:#f6f6f6;\"><div class=\"vc-column-innner-wrapper\"><h2 class=\"text-large letter-spacing-2 text-uppercase agency-title  margin-eight-bottom\" style=\"font-size:24px !important;font-weight:500 !important;;\">Skontaktuj si\u0119 z nami<\/h2>\n<div class=\"wpcf7 no-js\" id=\"wpcf7-f20577-o1\" lang=\"cs-CZ\" dir=\"ltr\">\n<div class=\"screen-reader-response\"><p role=\"status\" aria-live=\"polite\" aria-atomic=\"true\"><\/p> <ul><\/ul><\/div>\n<form action=\"\/pl\/wp-json\/wp\/v2\/pages\/20093#wpcf7-f20577-o1\" method=\"post\" class=\"wpcf7-form init\" aria-label=\"Kontaktn\u00ed formul\u00e1\u0159\" novalidate=\"novalidate\" data-status=\"init\">\n<div style=\"display: none;\">\n<input type=\"hidden\" name=\"_wpcf7\" value=\"20577\" \/>\n<input type=\"hidden\" name=\"_wpcf7_version\" value=\"5.8.5\" \/>\n<input type=\"hidden\" name=\"_wpcf7_locale\" value=\"cs_CZ\" \/>\n<input type=\"hidden\" name=\"_wpcf7_unit_tag\" value=\"wpcf7-f20577-o1\" \/>\n<input type=\"hidden\" name=\"_wpcf7_container_post\" value=\"0\" \/>\n<input type=\"hidden\" name=\"_wpcf7_posted_data_hash\" value=\"\" \/>\n<input type=\"hidden\" name=\"_wpcf7_recaptcha_response\" value=\"\" \/>\n<\/div>\n<p style=\"margin-bottom: 0px;\"><span class=\"wpcf7-form-control-wrap\" data-name=\"your-name\"><input size=\"40\" class=\"wpcf7-form-control wpcf7-text wpcf7-validates-as-required\" aria-required=\"true\" aria-invalid=\"false\" placeholder=\"IMI\u0118\" value=\"\" type=\"text\" name=\"your-name\" \/><\/span><br \/>\n<span class=\"wpcf7-form-control-wrap\" data-name=\"your-email\"><input size=\"40\" class=\"wpcf7-form-control wpcf7-email wpcf7-validates-as-required wpcf7-text wpcf7-validates-as-email\" aria-required=\"true\" aria-invalid=\"false\" placeholder=\"E-MAIL\" value=\"\" type=\"email\" name=\"your-email\" \/><\/span><br \/>\n<span class=\"wpcf7-form-control-wrap\" data-name=\"your-subject\"><input size=\"40\" class=\"wpcf7-form-control wpcf7-text wpcf7-validates-as-required\" aria-required=\"true\" aria-invalid=\"false\" placeholder=\"PRZEDMIOT\" value=\"\" type=\"text\" name=\"your-subject\" \/><\/span><br \/>\n<span class=\"wpcf7-form-control-wrap\" data-name=\"your-message\"><textarea cols=\"40\" rows=\"4\" class=\"wpcf7-form-control wpcf7-textarea wpcf7-validates-as-required\" aria-required=\"true\" aria-invalid=\"false\" placeholder=\"WIADOMO\u015a\u0106\" name=\"your-message\"><\/textarea><\/span>\n<\/p>\n<p style=\"margin: -10px 0 20px; font-size: 13px;\">Przesy\u0142aj\u0105c zapytanie, wyra\u017casz zgod\u0119 na <a href=\"\/pl\/ochrona-danych-osobowych\/\"><strong>przetwarzanie swoich danych osobowych<\/strong><\/a>.\n<\/p>\n<div style=\"width=\"100%;\">\n\t<div style=\"display: inline-block; float: left; margin-bottom: 22px;\">\n\t\t<p><input class=\"wpcf7-form-control wpcf7-submit has-spinner tlacitko_web highlight-button-dark btn-medium button btn\" type=\"submit\" value=\"WYS\u0141A\u0106\" \/>\n\t\t<\/p>\n\t<\/div>\n\t<div style=\"display: inline-block; float: right;\">\n\t\n\t<\/div>\n\t<div style=\"clear: both;\">\n\t<\/div>\n<\/div><div class=\"wpcf7-response-output\" aria-hidden=\"true\"><\/div>\n<\/form>\n<\/div>\n<\/div><\/div><div class=\"wpb_column hcode-column-container vc_custom_1529313214389  adresa col-lg-5 col-md-5 col-xs-mobile-fullwidth col-sm-12 sm-padding-five xs-padding-eight\" style=\" padding: 0px 50px 0px 0px;\"><div class=\"vc-column-innner-wrapper\"><div class=\"agency2-onepage adresa_sidlo\"><span><i class=\"fa fa-map-marker\" style=\"color:#000000 !important\"><\/i><\/span><strong  style=\"color:#000000 !important\">Siedziba firmy<\/strong><div><p style=\"color: black;\">MPM-Quality Sp. z o. o.<br \/>\nKarpacka 24<br \/>\n43-300 Bielsko-Bia\u0142a<\/p>\n<\/div><\/div><div class=\"agency2-onepage adresa_mail\"><span><i class=\"fa fa-envelope-o\" style=\"color:#000000 !important\"><\/i><\/span><strong  style=\"color:#000000 !important\">E-mail<\/strong><div><p><a style=\"color: black;\" href=\"mailto:biznes@mpm-quality.com\">biznes@mpm-quality.com<\/a><\/p>\n<\/div><\/div><div class=\"agency2-onepage adresa_tel\"><span><i class=\"fa fa-phone\" style=\"color:#000000 !important\"><\/i><\/span><strong  style=\"color:#000000 !important\">Telefon<\/strong><div><p style=\"color: black;\">+48 33 822 70 08, +48 33 811 50 27<br \/>\nfaks: +48 33 812 45 21<\/p>\n<\/div><\/div><div class=\"agency2-onepage adresa_ic\"><span><i class=\"fa fa-list-alt\" style=\"color:#000000 !important\"><\/i><\/span><strong  style=\"color:#000000 !important\">Regon: 072851710<\/strong><div><p style=\"color: black;\">NIP: 547-19-71-970<br \/>\nS\u0105d Rejonowy w Bielsku-Bia\u0142ej<br \/>\nKapita\u0142 Zak\u0142adowy 200 000,00 z\u0142<br \/>\nKRS: 0000150675<\/p>\n<\/div><\/div><\/div><\/div><\/div><\/div><\/section><section class=\" vc_custom_1525342329234  no-padding\"  style=\"  \"><div class=\"container\"><div class=\"row\"><div class=\"wpb_column hcode-column-container  col-xs-mobile-fullwidth col-sm-12 text-center\"><div class=\"vc-column-innner-wrapper\"><h2 class=\"section-title  no-padding\" style=\"font-size:24px !important;font-weight:500 !important;;\">Kontakty zagraniczne<\/h2><\/div><\/div><\/div><\/div><\/section><section class=\" vc_custom_1529306441479  no-padding\"  style=\"  \"><div class=\"container\"><div class=\"row\"><div class=\"wpb_column hcode-column-container  col-lg-4 col-md-4 col-xs-mobile-fullwidth col-sm-6 text-center padding-lr-15px sm-padding-lr-15px xs-padding-lr-15px\"><div class=\"vc-column-innner-wrapper\"><h3 class=\"section-title  black-text padding-one-bottom\" style=\"font-size:18px !important;font-weight:500 !important;;\">Czechy<\/h3><p class=\"text-med black-text\" style=\"margin-bottom: 12px;\">P\u0159\u00edborsk\u00e1 1473, 738 02 Fr\u00fddek-M\u00edstek<\/p>\n<p style=\"margin-bottom: 10px;\"><iframe loading=\"lazy\" style=\"border: 1px solid #e5e5e5;\" src=\"https:\/\/www.google.com\/maps\/embed?pb=!1m14!1m8!1m3!1d10328.564984110983!2d18.331231!3d49.670478!3m2!1i1024!2i768!4f13.1!3m3!1m2!1s0x0%3A0xcd945b943a8a8c96!2sMPM-QUALITY+v.o.s.!5e0!3m2!1scs!2scz!4v1520258046744\" width=\"300\" height=\"273\" frameborder=\"0\" allowfullscreen=\"allowfullscreen\"><\/iframe><\/p>\n<div  class=\" adresy_zahr_bez  \" ><p><strong><a href=\"mailto:mpm@mpm-quality.cz\">mpm@mpm-quality.cz<\/a><\/strong><br \/>\ntel.: +420 558 441 170<\/p>\n<\/div><\/div><\/div><div class=\"wpb_column hcode-column-container  col-lg-4 col-md-4 col-xs-mobile-fullwidth col-sm-6 text-center padding-lr-15px sm-padding-lr-15px xs-padding-lr-15px\"><div class=\"vc-column-innner-wrapper\"><h3 class=\"section-title  black-text padding-one-bottom\" style=\"font-size:18px !important;font-weight:500 !important;;\">S\u0142owacja<\/h3><p class=\"text-med black-text\" style=\"margin-bottom: 12px;\">Legion\u00e1rska 618, 911 01 Tren\u010d\u00edn<\/p>\n<p style=\"margin-bottom: 10px;\"><iframe loading=\"lazy\" style=\"border: 1px solid #e5e5e5; margin-bottom: 0px;\" src=\"https:\/\/www.google.com\/maps\/embed?pb=!1m18!1m12!1m3!1d2623.577611517626!2d18.03255331587314!3d48.8853282067633!2m3!1f0!2f0!3f0!3m2!1i1024!2i768!4f13.1!3m3!1m2!1s0x4714a18209eeb9f5%3A0xf0d25c6bf27c6781!2sMPM+QUALITY+s.r.o.!5e0!3m2!1scs!2scz!4v1518437318518\" width=\"300\" height=\"273\" frameborder=\"0\" allowfullscreen=\"allowfullscreen\"><\/iframe><\/p>\n<div  class=\" adresy_zahr_bez  \" ><p><strong><a href=\"mailto:obchod@mpm-quality.sk\">obchod@mpm-quality.sk<\/a><\/strong><br \/>\ntel.\/faks: +421 32 658 75 73, +421 32 640 05 32<\/p>\n<\/div><\/div><\/div><div class=\"wpb_column hcode-column-container  col-lg-4 col-md-4 col-xs-mobile-fullwidth col-sm-6 text-center padding-lr-15px sm-padding-lr-15px xs-padding-lr-15px\"><div class=\"vc-column-innner-wrapper\"><h3 class=\"section-title  black-text padding-one-bottom\" style=\"font-size:18px !important;font-weight:500 !important;;\">Wegry<\/h3><p class=\"text-med black-text\" style=\"margin-bottom: 12px;\">2900 Kom\u00e1rom, Jedlik \u00c1nyos utca 8<\/p>\n<p><iframe loading=\"lazy\" style=\"border: 0;\" src=\"https:\/\/www.google.com\/maps\/embed?pb=!1m18!1m12!1m3!1d2682.98781633107!2d18.119642833537966!3d47.742891112645665!2m3!1f0!2f0!3f0!3m2!1i1024!2i768!4f13.1!3m3!1m2!1s0x476bb2b32d226625%3A0x803f6eef3afe682!2zS29tw6Fyb20sIEplZGxpayDDgW55b3MgdS4gOCwgMjkwMCBNYcSPYXJza28!5e0!3m2!1scs!2scz!4v1672830943592!5m2!1scs!2scz\" width=\"300\" height=\"273\" allowfullscreen=\"allowfullscreen\"><\/iframe><\/p>\n<div  class=\" adresy_zahr_bez  \" ><p><strong><a href=\"mailto:uzlet@mpm-quality.hu\">uzlet@mpm-quality.hu<\/a><\/strong><br \/>\ntel.\/faks: +36 34 340 137<\/p>\n<\/div><\/div><\/div><\/div><\/div><\/section>","protected":false},"excerpt":{"rendered":"<p>[vc_gmaps link=&#8221;#E-8_JTNDaWZyYW1lJTIwc3JjJTNEJTIyaHR0cHMlM0ElMkYlMkZ3d3cuZ29vZ2xlLmNvbSUyRm1hcHMlMkZlbWJlZCUzRnBiJTNEJTIxMW0xNCUyMTFtOCUyMTFtMyUyMTFkMTAyOTkuNDYyOTY2MTg5MzU4JTIxMmQxOS4wMzg4NjE5JTIxM2Q0OS44MDczOTE3JTIxM20yJTIxMWkxMDI0JTIxMmk3NjglMjE0ZjEzLjElMjEzbTMlMjExbTIlMjExczB4MCUyNTNBMHgyMWUyYmNmNmJiM2YwMTg5JTIxMnNNUE0tUXVhbGl0eSUyQlNwLiUyQnolMkJvLm8uJTJCRCUyNUM1JTI1ODJ1Z29waXN5JTI1MkMlMkJhcnR5a3UlMjVDNSUyNTgyeSUyQnJla2xhbW93ZSUyNTJDJTJCemVnYXJ5JTIxNWUwJTIxM20yJTIxMXNjcyUyMTJzY3olMjE0djE1MTg0Mzc2MDM3OTAlMjIlMjB3aWR0aCUzRCUyMjYwMCUyMiUyMGhlaWdodCUzRCUyMjQ1MCUyMiUyMGZyYW1lYm9yZGVyJTNEJTIyMCUyMiUyMHN0eWxlJTNEJTIyYm9yZGVyJTNBMCUyMiUyMGFsbG93ZnVsbHNjcmVlbiUzRSUzQyUyRmlmcmFtZSUzRQ==&#8221; css=&#8221;.vc_custom_1529310955613{padding-right: 0px !important;padding-left: 0px !important;}&#8221;]Skontaktuj si\u0119 z nami Przesy\u0142aj\u0105c zapytanie, wyra\u017casz zgod\u0119 na przetwarzanie swoich danych osobowych.<\/p>\n","protected":false},"author":3,"featured_media":0,"parent":0,"menu_order":0,"comment_status":"closed","ping_status":"closed","template":"","meta":{"footnotes":""},"_links":{"self":[{"href":"https:\/\/www.mpm-quality.cz\/pl\/wp-json\/wp\/v2\/pages\/20093"}],"collection":[{"href":"https:\/\/www.mpm-quality.cz\/pl\/wp-json\/wp\/v2\/pages"}],"about":[{"href":"https:\/\/www.mpm-quality.cz\/pl\/wp-json\/wp\/v2\/types\/page"}],"author":[{"embeddable":true,"href":"https:\/\/www.mpm-quality.cz\/pl\/wp-json\/wp\/v2\/users\/3"}],"replies":[{"embeddable":true,"href":"https:\/\/www.mpm-quality.cz\/pl\/wp-json\/wp\/v2\/comments?post=20093"}],"version-history":[{"count":15,"href":"https:\/\/www.mpm-quality.cz\/pl\/wp-json\/wp\/v2\/pages\/20093\/revisions"}],"predecessor-version":[{"id":23746,"href":"https:\/\/www.mpm-quality.cz\/pl\/wp-json\/wp\/v2\/pages\/20093\/revisions\/23746"}],"wp:attachment":[{"href":"https:\/\/www.mpm-quality.cz\/pl\/wp-json\/wp\/v2\/media?parent=20093"}],"curies":[{"name":"wp","href":"https:\/\/api.w.org\/{rel}","templated":true}]}}