{"id":20132,"date":"2018-05-16T13:20:49","date_gmt":"2018-05-16T12:20:49","guid":{"rendered":"https:\/\/beta.mpm-quality.cz\/?page_id=20132"},"modified":"2025-01-06T15:47:14","modified_gmt":"2025-01-06T13:47:14","slug":"maszyny-i-materialy","status":"publish","type":"page","link":"https:\/\/www.mpm-quality.cz\/pl\/maszyny-i-materialy\/","title":{"rendered":"Maszyny i materia\u0142y"},"content":{"rendered":"<section class=\"  padding-one-tb\"  style=\"  \"><div class=\"container-fluid\"><div class=\"row\"><div id=\"sunward\" class=\"wpb_column hcode-column-container  hidden-sm hidden-xs col-xs-mobile-fullwidth col-sm-12 text-center center-col\"><div class=\"vc-column-innner-wrapper\"><div  class=\" menu-kategorie2  \" ><div class=\"letter-spacing-2\">\n<p><a href=\"\/pl\/maszyny-i-materialy\/#sunward\">SUNWARD<\/a> \u00a0\u00a0\u00a0\u00a0\u00a0|\u00a0\u00a0\u00a0\u00a0 <a href=\"\/pl\/maszyny-i-materialy\/#mozaika\">MOZAIKA<\/a><\/p>\n<\/div><\/div><\/div><\/div><\/div><\/section><section class=\"  no-padding\"  style=\"  \"><div class=\"container-fluid\"><div class=\"row\"><div id=\"sunward2\" class=\"wpb_column hcode-column-container  hidden-lg hidden-md col-xs-mobile-fullwidth col-sm-12 text-center center-col\"><div class=\"vc-column-innner-wrapper\"><div  class=\" menu-kategorie2  \" ><div class=\"letter-spacing-2\"><a href=\"\/pl\/maszyny-i-materialy\/#sunward2\">SUNWARD<\/a>\u00a0 \u00a0 |\u00a0 \u00a0<a href=\"\/pl\/maszyny-i-materialy\/#mozaika2\">MOZAIKA<\/a><\/div>\n<\/div><\/div><\/div><\/div><\/div><\/section><section class=\"  sm-margin-top-20px xs-margin-top-20px no-padding sm-no-padding xs-no-padding\"  style=\"  \"><div class=\"container-fluid\"><div class=\"row\"><div class=\"wpb_column hcode-column-container  col-lg-5 col-md-6 hidden-sm hidden-xs col-xs-mobile-fullwidth col-sm-12 text-center\" style=\" padding: 70px 5% 0px 5%;\"><div class=\"vc-column-innner-wrapper\"><h1 class=\"section-title  no-margin black-text no-padding\" style=\"font-weight:500 !important;;\">SUNWARD<\/h1><p><span class=\"text-small black-text text-uppercase letter-spacing-3\">SPRZEDA\u017b, SERWIS I WYPO\u017bYCZALNIA MASZYN BUDOWLANYCH<\/span><\/p>\n<p class=\"text-med black-text\" style=\"text-align: justify;\">MPM-QUALITY, a. s. jest wy\u0142\u0105cznym importerem i dystrybutorem technologii budowlanej i ziemskiej Sunward. Zapewniamy naszym klientom kompleksowe us\u0142ugi w zakresie sprzeda\u017cy maszyn i cz\u0119\u015bci zamiennych, serwisu gwarancyjnego i pogwarancyjnego oraz fachowego doradztwa technicznego. Dostawy maszyn i urz\u0105dze\u0144 s\u0105 wspierane przez doskona\u0142y stosunek jako\u015bci do ceny.<\/p>\n<p style=\"margin-bottom: 0px;\"><a class=\"inner-link tlacitko_web highlight-button-dark btn-medium button btn\" href=\"http:\/\/www.sunward.cz\/\" target=\"_blank\" rel=\"noopener\">Odwied\u017a stron\u0119<\/a><\/p>\n<div id=mozaika class=\"  \" ><\/div><\/div><\/div><div class=\"wpb_column hcode-column-container  col-lg-5 hidden-lg col-md-6 hidden-md col-xs-mobile-fullwidth col-sm-12 text-center\" style=\" padding: 30px 5%;\"><div class=\"vc-column-innner-wrapper\"><h1 class=\"section-title  no-margin black-text no-padding\" style=\"font-weight:500 !important;;\">SUNWARD<\/h1><p><span class=\"text-small black-text text-uppercase letter-spacing-3\">SPRZEDA\u017b, SERWIS I WYPO\u017bYCZALNIA MASZYN BUDOWLANYCH<\/span><\/p>\n<p class=\"text-med black-text\" style=\"text-align: justify;\">MPM-QUALITY, v. o. s. jest wy\u0142\u0105cznym importerem i dystrybutorem technologii budowlanej i ziemskiej Sunward. Zapewniamy naszym klientom kompleksowe us\u0142ugi w zakresie sprzeda\u017cy maszyn i cz\u0119\u015bci zamiennych, serwisu gwarancyjnego i pogwarancyjnego oraz fachowego doradztwa technicznego. Dostawy maszyn i urz\u0105dze\u0144 s\u0105 wspierane przez doskona\u0142y stosunek jako\u015bci do ceny.<\/p>\n<p style=\"margin-bottom: 0px;\"><a class=\"inner-link tlacitko_web highlight-button-dark btn-medium button btn\" href=\"http:\/\/www.sunward.cz\/\" target=\"_blank\" rel=\"noopener\">Odwied\u017a stron\u0119<\/a><\/p>\n<\/div><\/div><div class=\"wpb_column hcode-column-container  col-lg-7 col-md-6 col-xs-mobile-fullwidth col-sm-12 no-padding sm-padding-five-lr xs-padding-five-lr\"><div class=\"vc-column-innner-wrapper\"><div  class=\"cover-background  min-height-450 bg-image-srcset\" style=\"background-image:url(https:\/\/www.mpm-quality.cz\/wp-content\/uploads\/2018\/04\/stroje_materialy.jpg);min-height:500px;\" data-bg-srcset=\"https:\/\/www.mpm-quality.cz\/wp-content\/uploads\/2018\/04\/stroje_materialy.jpg 1920w, https:\/\/www.mpm-quality.cz\/wp-content\/uploads\/2018\/04\/stroje_materialy-300x200.jpg 300w, https:\/\/www.mpm-quality.cz\/wp-content\/uploads\/2018\/04\/stroje_materialy-768x512.jpg 768w, https:\/\/www.mpm-quality.cz\/wp-content\/uploads\/2018\/04\/stroje_materialy-1024x683.jpg 1024w, https:\/\/www.mpm-quality.cz\/wp-content\/uploads\/2018\/04\/stroje_materialy-81x54.jpg 81w\"><div class=\"img-border\"><\/div><\/div><div id=mozaika2 class=\"  \" ><\/div><\/div><\/div><\/div><\/div><\/section><section class=\"  sm-margin-top-20px xs-margin-top-20px no-padding sm-no-padding xs-no-padding\"  style=\"  \"><div class=\"container-fluid\"><div class=\"row\"><div class=\"wpb_column hcode-column-container  col-lg-7 col-md-6 hidden-sm hidden-xs col-xs-mobile-fullwidth col-sm-12 no-padding\"><div class=\"vc-column-innner-wrapper\"><div  class=\"cover-background  min-height-450 bg-image-srcset\" style=\"background-image:url(https:\/\/www.mpm-quality.cz\/wp-content\/uploads\/2023\/12\/L1390598-min.webp);min-height:550px;\" data-bg-srcset=\"https:\/\/www.mpm-quality.cz\/wp-content\/uploads\/2023\/12\/L1390598-min.webp 8026w, https:\/\/www.mpm-quality.cz\/wp-content\/uploads\/2023\/12\/L1390598-min-300x200.webp 300w, https:\/\/www.mpm-quality.cz\/wp-content\/uploads\/2023\/12\/L1390598-min-1024x683.webp 1024w, https:\/\/www.mpm-quality.cz\/wp-content\/uploads\/2023\/12\/L1390598-min-768x513.webp 768w, https:\/\/www.mpm-quality.cz\/wp-content\/uploads\/2023\/12\/L1390598-min-1536x1025.webp 1536w, https:\/\/www.mpm-quality.cz\/wp-content\/uploads\/2023\/12\/L1390598-min-81x54.webp 81w\"><div class=\"img-border\"><\/div><\/div><div id=lenix_laser class=\"  \" ><\/div><\/div><\/div><div class=\"wpb_column hcode-column-container  col-lg-5 col-md-6 hidden-md hidden-sm hidden-xs col-xs-mobile-fullwidth col-sm-12 text-center\" style=\" padding: 60px 5% 0px 5%;\"><div class=\"vc-column-innner-wrapper\"><h1 class=\"section-title  no-margin black-text no-padding\" style=\"font-weight:500 !important;;\">MOZAIKA<\/h1><p><span class=\"text-small black-text text-uppercase letter-spacing-3\">DZIA\u0141 MATERIA\u0141\u00d3W BUDOWLANYCH<\/span><\/p>\n<p class=\"text-med black-text\" style=\"text-align: justify;\">MPM-QUALITY stopniowo ugruntowa\u0142a swoj\u0105 pozycj\u0119 w wielu dziedzinach eksportu, importu, produkcji i dystrybucji towar\u00f3w. W ramach rozwoju sieci handlowej sta\u0142a si\u0119 r\u00f3wnie\u017c importerem szerokiej gamy materia\u0142\u00f3w budowlanych, w szczeg\u00f3lno\u015bci kamienia naturalnego, \u0142upk\u00f3w, marmuru i innych towar\u00f3w.<\/p>\n<p class=\"text-med black-text\" style=\"text-align: justify;\">Uzyska\u0142a r\u00f3wnie\u017c przedstawicielstwo sprzeda\u017cy mozaiki szklanej w wielu rodzajach i konkurencyjnych cenach. Oferuje standardowe terminy dostaw i wysoki poziom zapas\u00f3w. Materia\u0142y te staj\u0105 si\u0119 coraz popularniejsze.<\/p>\n<p style=\"margin-bottom: 0px;\"><a class=\"inner-link tlacitko_web highlight-button-dark btn-medium button btn\" href=\"http:\/\/www.mozaika-mpm.cz\/\" target=\"_blank\" rel=\"noopener\">Odwied\u017a stron\u0119<\/a><\/p>\n<\/div><\/div><div class=\"wpb_column hcode-column-container  col-lg-5 hidden-lg col-md-6 col-xs-mobile-fullwidth col-sm-12 text-center\" style=\" padding: 30px 5%;\"><div class=\"vc-column-innner-wrapper\"><h1 class=\"section-title  no-margin black-text no-padding\" style=\"font-weight:500 !important;;\">MOZAIKA<\/h1><p><span class=\"text-small black-text text-uppercase letter-spacing-3\">DZIA\u0141 MATERIA\u0141\u00d3W BUDOWLANYCH<\/span><\/p>\n<p class=\"text-med black-text\" style=\"text-align: justify;\">MPM-QUALITY stopniowo ugruntowa\u0142a swoj\u0105 pozycj\u0119 w wielu dziedzinach eksportu, importu, produkcji i dystrybucji towar\u00f3w. W ramach rozwoju sieci handlowej sta\u0142a si\u0119 r\u00f3wnie\u017c importerem szerokiej gamy materia\u0142\u00f3w budowlanych, w szczeg\u00f3lno\u015bci kamienia naturalnego, \u0142upk\u00f3w, marmuru i innych towar\u00f3w.<\/p>\n<p class=\"text-med black-text\" style=\"text-align: justify;\">Uzyska\u0142a r\u00f3wnie\u017c przedstawicielstwo sprzeda\u017cy mozaiki szklanej w wielu rodzajach i konkurencyjnych cenach. Oferuje standardowe terminy dostaw i wysoki poziom zapas\u00f3w. Materia\u0142y te staj\u0105 si\u0119 coraz popularniejsze.<\/p>\n<p style=\"margin-bottom: 0px;\"><a class=\"inner-link tlacitko_web highlight-button-dark btn-medium button btn\" href=\"http:\/\/www.mozaika-mpm.cz\/\" target=\"_blank\" rel=\"noopener\">Odwied\u017a stron\u0119<\/a><\/p>\n<\/div><\/div><div class=\"wpb_column hcode-column-container  hidden-lg hidden-md col-xs-mobile-fullwidth col-sm-12 no-padding sm-padding-five-lr xs-padding-five-lr\"><div class=\"vc-column-innner-wrapper\"><div  class=\"cover-background  min-height-450 ramecek bg-image-srcset\" style=\"background-image:url(https:\/\/www.mpm-quality.cz\/wp-content\/uploads\/2018\/03\/mozaika.jpg);min-height:550px;\" data-bg-srcset=\"https:\/\/www.mpm-quality.cz\/wp-content\/uploads\/2018\/03\/mozaika.jpg 950w, https:\/\/www.mpm-quality.cz\/wp-content\/uploads\/2018\/03\/mozaika-300x200.jpg 300w, https:\/\/www.mpm-quality.cz\/wp-content\/uploads\/2018\/03\/mozaika-768x512.jpg 768w, https:\/\/www.mpm-quality.cz\/wp-content\/uploads\/2018\/03\/mozaika-81x54.jpg 81w\"><div class=\"img-border\"><\/div><\/div><div id=lenix_laser2 class=\"  \" ><\/div><\/div><\/div><\/div><\/div><\/section><section class=\"  no-padding\" ><div class=\"container-fluid\"><div class=\"row\"><div class=\"wpb_column hcode-column-container  hidden-lg hidden-md col-xs-mobile-fullwidth col-sm-12\"><div class=\"vc-column-innner-wrapper\">[vc_empty_space height=\"4rem\"]<\/div><\/div><\/div><\/div><\/section><section  ><div class=\"container\"><div class=\"row\"><div class=\"wpb_column hcode-column-container  col-xs-mobile-fullwidth\"><div class=\"vc-column-innner-wrapper\"><\/div>\n<\/div><\/div><\/div><\/div><\/section>","protected":false},"excerpt":{"rendered":"<p>SUNWARD \u00a0\u00a0\u00a0\u00a0\u00a0|\u00a0\u00a0\u00a0\u00a0 MOZAIKA SUNWARD\u00a0 \u00a0 |\u00a0 \u00a0MOZAIKA SUNWARDSPRZEDA\u017b, SERWIS I WYPO\u017bYCZALNIA MASZYN BUDOWLANYCH MPM-QUALITY, a. s. jest wy\u0142\u0105cznym importerem i dystrybutorem technologii budowlanej i ziemskiej Sunward. Zapewniamy naszym klientom kompleksowe us\u0142ugi w zakresie sprzeda\u017cy maszyn i cz\u0119\u015bci zamiennych, serwisu gwarancyjnego i pogwarancyjnego oraz fachowego doradztwa technicznego. Dostawy maszyn i urz\u0105dze\u0144 s\u0105 wspierane przez doskona\u0142y stosunek [&hellip;]<\/p>\n","protected":false},"author":3,"featured_media":0,"parent":0,"menu_order":0,"comment_status":"closed","ping_status":"closed","template":"","meta":{"footnotes":""},"_links":{"self":[{"href":"https:\/\/www.mpm-quality.cz\/pl\/wp-json\/wp\/v2\/pages\/20132"}],"collection":[{"href":"https:\/\/www.mpm-quality.cz\/pl\/wp-json\/wp\/v2\/pages"}],"about":[{"href":"https:\/\/www.mpm-quality.cz\/pl\/wp-json\/wp\/v2\/types\/page"}],"author":[{"embeddable":true,"href":"https:\/\/www.mpm-quality.cz\/pl\/wp-json\/wp\/v2\/users\/3"}],"replies":[{"embeddable":true,"href":"https:\/\/www.mpm-quality.cz\/pl\/wp-json\/wp\/v2\/comments?post=20132"}],"version-history":[{"count":12,"href":"https:\/\/www.mpm-quality.cz\/pl\/wp-json\/wp\/v2\/pages\/20132\/revisions"}],"predecessor-version":[{"id":23797,"href":"https:\/\/www.mpm-quality.cz\/pl\/wp-json\/wp\/v2\/pages\/20132\/revisions\/23797"}],"wp:attachment":[{"href":"https:\/\/www.mpm-quality.cz\/pl\/wp-json\/wp\/v2\/media?parent=20132"}],"curies":[{"name":"wp","href":"https:\/\/api.w.org\/{rel}","templated":true}]}}