{"id":20219,"date":"2018-05-21T08:43:53","date_gmt":"2018-05-21T07:43:53","guid":{"rendered":"https:\/\/beta.mpm-quality.cz\/?page_id=20219"},"modified":"2025-01-06T15:46:18","modified_gmt":"2025-01-06T13:46:18","slug":"uslugi-reklamowe","status":"publish","type":"page","link":"https:\/\/www.mpm-quality.cz\/pl\/uslugi-reklamowe\/","title":{"rendered":"Us\u0142ugi reklamowe"},"content":{"rendered":"<section class=\" vc_custom_1529489868395  no-padding\"  style=\"  \"><div class=\"container-fluid\"><div class=\"row\"><div class=\"wpb_column hcode-column-container  hidden-sm hidden-xs col-xs-mobile-fullwidth col-sm-12 text-center center-col\"><div class=\"vc-column-innner-wrapper\"><div  class=\" menu-kategorie2  \" ><div class=\"letter-spacing-2\"><a href=\"\/pl\/uslugi-reklamowe\/#studio_graficzne\">STUDIO GRAFICZNE<\/a> \u00a0\u00a0\u00a0\u00a0\u00a0| \u00a0\u00a0\u00a0\u00a0\u00a0<a href=\"\/pl\/uslugi-reklamowe\/#branding\">BRANDING<\/a><\/div>\n<\/div><\/div><\/div><\/div><\/div><\/section><section class=\"  no-padding\"  style=\"  \"><div class=\"container-fluid\"><div class=\"row\"><div class=\"wpb_column hcode-column-container  hidden-lg hidden-md col-xs-mobile-fullwidth col-sm-12 text-center center-col\"><div class=\"vc-column-innner-wrapper\"><div  class=\" menu-kategorie2  \" ><div class=\"letter-spacing-2\"><a href=\"\/pl\/uslugi-reklamowe\/#studio_graficzne2\">STUDIO GRAFICZNE<\/a> \u00a0\u00a0\u00a0|\u00a0 \u00a0 <a href=\"\/pl\/uslugi-reklamowe\/#branding2\">BRANDING<\/a><\/div>\n<\/div>[vc_empty_space height=\"10px\"]<\/div><\/div><\/div><\/div><\/section><section class=\"  xs-no-margin no-padding\"  style=\" margin: 10px 0px 15px 0px;  \"><div class=\"container-fluid\"><div class=\"row\"><div id=\"studio_graficzne\" class=\"wpb_column hcode-column-container  hidden-sm hidden-xs col-xs-mobile-fullwidth col-sm-12 text-center center-col\"><div class=\"vc-column-innner-wrapper\"><div  class=\" menu-kategorie2  \" ><div class=\"letter-spacing-2\"><a href=\"https:\/\/www.mpm-reklama.cz\/pl\" target=\"_blank\" rel=\"noopener\"><img decoding=\"async\" src=\"https:\/\/www.mpm-quality.cz\/wp-content\/uploads\/2018\/06\/mpm_reklama_logo_2.jpg\" alt=\"eshop prim\" width=\"75px\" \/> \u00a0E-SHOP MPM REKLAMA<\/a> \u00a0\u00a0\u00a0\u00a0\u00a0\u00a0 \u00a0 \u00a0\u00a0<a href=\"https:\/\/www.mpm-reklama.cz\/pl\/kategorie\/empen-2\" target=\"_blank\" rel=\"noopener\"><img decoding=\"async\" src=\"https:\/\/www.mpm-quality.cz\/wp-content\/uploads\/2018\/06\/empen_logo_2.png\" alt=\"eshop mpm hodinky\" width=\"75px\" \/> \u00a0E-SHOP EMPEN<\/a><\/div>\n<\/div><\/div><\/div><\/div><\/div><\/section><section class=\"  no-padding\"  style=\"  \"><div class=\"container\"><div class=\"row\"><div id=\"studio_graficzne2\" class=\"wpb_column hcode-column-container  hidden-lg hidden-md col-xs-mobile-fullwidth col-sm-12 text-center center-col\"><div class=\"vc-column-innner-wrapper\"><div  class=\" menu-kategorie2  \" ><div class=\"letter-spacing-2\"><a href=\"https:\/\/www.mpm-reklama.cz\/pl\" target=\"_blank\" rel=\"noopener\"><img decoding=\"async\" src=\"https:\/\/www.mpm-quality.cz\/wp-content\/uploads\/2018\/06\/mpm_reklama_logo_2.jpg\" alt=\"eshop prim\" width=\"75px\" \/> \u00a0E-SHOP<\/a>\u00a0 \u00a0 \u00a0\u00a0<a href=\"https:\/\/www.mpm-reklama.cz\/pl\/kategorie\/empen-2\" target=\"_blank\" rel=\"noopener\"><img decoding=\"async\" src=\"https:\/\/www.mpm-quality.cz\/wp-content\/uploads\/2018\/06\/empen_logo_2.png\" alt=\"eshop mpm hodinky\" width=\"75px\" \/> \u00a0E-SHOP<\/a><\/div>\n<\/div><\/div><\/div><\/div><\/div><\/section><section class=\"  no-padding sm-no-padding xs-no-padding\" ><div class=\"container-fluid\"><div class=\"row\"><div class=\"wpb_column hcode-column-container  col-lg-6 hidden-lg col-md-7 col-xs-mobile-fullwidth col-sm-12 text-center\" style=\" padding: 50px 5% 0px;\"><div class=\"vc-column-innner-wrapper\"><h1 class=\"section-title  no-margin black-text no-padding\" style=\"font-weight:500 !important;;\">STUDIO GRAFICZNE<\/h1><p><span class=\"text-small black-text text-uppercase letter-spacing-3\">PROJEKTOWANIE I DRUKOWANIE DLA TWOJEGO STYLU<\/span><\/p>\n<p class=\"text-med black-text\" style=\"text-align: justify;\">MPM-QUALITY, v. o. s. \u015bwiadczy us\u0142ugi reklamowe za po\u015brednictwem w\u0142asnej agencji reklamowej. Podstawowym elementem agencji reklamowej jest przede wszystkim studio graficzne, w kt\u00f3rym zgodnie z wymaganiami klienta tworzone s\u0105 projekty graficzne i podgl\u0105dy, kt\u00f3re po zatwierdzeniu przez klienta b\u0119d\u0105 podstaw\u0105 do dalszej obr\u00f3bki, w szczeg\u00f3lno\u015bci do tworzenia r\u00f3\u017cnego rodzaju nadruk\u00f3w artyku\u0142\u00f3w promocyjnych. Tre\u015bci\u0105 tych projekt\u00f3w graficznych mog\u0105 by\u0107 na przyk\u0142ad logo, symbole, obrazy lub inne elementy graficzne.<\/p>\n<p class=\"text-med black-text\" style=\"text-align: justify;\">Staramy si\u0119 kszta\u0142towa\u0107 nasz zesp\u00f3\u0142 tak, aby sk\u0142ada\u0142 si\u0119 on z r\u00f3\u017cnorodnych osobowo\u015bci i wierzymy, \u017ce ich realizacja najlepiej spe\u0142ni Pa\u0144stwa wymagania. Prosz\u0119 zapozna\u0107 si\u0119 z nasz\u0105 ofert\u0105 poszczeg\u00f3lnych kategorii us\u0142ug naszego studia graficznego lub skontaktowa\u0107 si\u0119 z nami, podaj\u0105c konkretn\u0105 pro\u015bb\u0119.<\/p>\n<\/div><\/div><div class=\"wpb_column hcode-column-container  col-lg-6 col-md-7 hidden-md hidden-sm hidden-xs col-xs-mobile-fullwidth col-sm-12 text-center\" style=\" padding: 50px 5% 0px 5%;\"><div class=\"vc-column-innner-wrapper\"><h1 class=\"section-title  no-margin black-text no-padding\" style=\"font-weight:500 !important;;\">STUDIO GRAFICZNE<\/h1><p><span class=\"text-small black-text text-uppercase letter-spacing-3\">PROJEKTOWANIE I DRUKOWANIE DLA TWOJEGO STYLU<\/span><\/p>\n<p class=\"text-med black-text\" style=\"text-align: justify;\">MPM-QUALITY, a. s. \u015bwiadczy us\u0142ugi reklamowe za po\u015brednictwem w\u0142asnej agencji reklamowej. Podstawowym elementem agencji reklamowej jest przede wszystkim studio graficzne, w kt\u00f3rym zgodnie z wymaganiami klienta tworzone s\u0105 projekty graficzne i podgl\u0105dy, kt\u00f3re po zatwierdzeniu przez klienta b\u0119d\u0105 podstaw\u0105 do dalszej obr\u00f3bki, w szczeg\u00f3lno\u015bci do tworzenia r\u00f3\u017cnego rodzaju nadruk\u00f3w artyku\u0142\u00f3w promocyjnych. Tre\u015bci\u0105 tych projekt\u00f3w graficznych mog\u0105 by\u0107 na przyk\u0142ad logo, symbole, obrazy lub inne elementy graficzne.<\/p>\n<p class=\"text-med black-text\" style=\"text-align: justify;\">Staramy si\u0119 kszta\u0142towa\u0107 nasz zesp\u00f3\u0142 tak, aby sk\u0142ada\u0142 si\u0119 on z r\u00f3\u017cnorodnych osobowo\u015bci i wierzymy, \u017ce ich realizacja najlepiej spe\u0142ni Pa\u0144stwa wymagania. Prosz\u0119 zapozna\u0107 si\u0119 z nasz\u0105 ofert\u0105 poszczeg\u00f3lnych kategorii us\u0142ug naszego studia graficznego lub skontaktowa\u0107 si\u0119 z nami, podaj\u0105c konkretn\u0105 pro\u015bb\u0119.<\/p>\n<\/div><\/div><div class=\"wpb_column hcode-column-container  col-lg-6 col-md-5 col-xs-mobile-fullwidth col-sm-12 no-padding sm-padding-five-lr xs-padding-five-lr\"><div class=\"vc-column-innner-wrapper\"><div  class=\"cover-background  min-height-450 bg-image-srcset\" style=\"background-image:url(https:\/\/www.mpm-quality.cz\/wp-content\/uploads\/2018\/04\/TYM.jpg);min-height:550px;\" data-bg-srcset=\"https:\/\/www.mpm-quality.cz\/wp-content\/uploads\/2018\/04\/TYM.jpg 1000w, https:\/\/www.mpm-quality.cz\/wp-content\/uploads\/2018\/04\/TYM-150x150.jpg 150w, https:\/\/www.mpm-quality.cz\/wp-content\/uploads\/2018\/04\/TYM-300x300.jpg 300w, https:\/\/www.mpm-quality.cz\/wp-content\/uploads\/2018\/04\/TYM-768x768.jpg 768w, https:\/\/www.mpm-quality.cz\/wp-content\/uploads\/2018\/04\/TYM-81x81.jpg 81w\"><div class=\"img-border\"><\/div><\/div><\/div><\/div><\/div><\/div><\/section><section class=\"  no-padding\" ><div class=\"container-fluid\"><div class=\"row\"><div class=\"wpb_column hcode-column-container  hidden-lg hidden-md col-xs-mobile-fullwidth col-sm-12\"><div class=\"vc-column-innner-wrapper\">[vc_empty_space height=\"4rem\"]<\/div><\/div><\/div><\/div><\/section><section class=\" vc_custom_1526887516894  no-padding\"  style=\" background-color:#e4e4e4; \"><div class=\"container-fluid\"><div class=\"row\"><div class=\"wpb_column hcode-column-container  col-xs-mobile-fullwidth col-sm-12 text-center\"><div class=\"vc-column-innner-wrapper\"><h3 class=\"section-title  no-margin black-text no-padding\" style=\"font-weight:400 !important;;line-height:1.3 !important;\">TWORZYMY GRAFIK\u0118, LOGOTYPY I KORPORACYJNY DESIGN, MATERIA\u0141Y DRUKOWANE I PROJEKTOWANIE ETYKIET PRODUKTU<\/h3><div id=branding2 class=\"  \" ><\/div><\/div><\/div><\/div><\/div><\/section><section class=\"  position-relative sm-margin-top-20px xs-margin-top-20px no-padding sm-no-padding xs-no-padding\"  style=\"  \"><div class=\"container-fluid\"><div class=\"row\"><div class=\"wpb_column hcode-column-container  col-lg-7 col-md-7 hidden-sm hidden-xs col-xs-mobile-fullwidth col-sm-12 no-padding\"><div class=\"vc-column-innner-wrapper\"><div  class=\"cover-background  min-height-450 ramecek bg-image-srcset\" style=\"background-image:url(https:\/\/www.mpm-quality.cz\/wp-content\/uploads\/2018\/04\/zapa3.jpg);min-height:500px;\" data-bg-srcset=\"https:\/\/www.mpm-quality.cz\/wp-content\/uploads\/2018\/04\/zapa3.jpg 1920w, https:\/\/www.mpm-quality.cz\/wp-content\/uploads\/2018\/04\/zapa3-300x200.jpg 300w, https:\/\/www.mpm-quality.cz\/wp-content\/uploads\/2018\/04\/zapa3-768x512.jpg 768w, https:\/\/www.mpm-quality.cz\/wp-content\/uploads\/2018\/04\/zapa3-1024x683.jpg 1024w, https:\/\/www.mpm-quality.cz\/wp-content\/uploads\/2018\/04\/zapa3-81x54.jpg 81w\"><div class=\"img-border\"><\/div><\/div><\/div><\/div><div id=\"branding\" class=\"wpb_column hcode-column-container  col-lg-5 col-md-5 hidden-sm hidden-xs col-xs-mobile-fullwidth col-sm-12 text-center\" style=\" padding: 80px 5% 0px 5%;;\"><div class=\"vc-column-innner-wrapper\"><h1 class=\"section-title  no-margin black-text no-padding\" style=\"font-weight:500 !important;;\">BRANDING<\/h1><p><span class=\"text-small black-text text-uppercase letter-spacing-3\">BRANDING GAD\u017bET\u00d3W DLA PA\u0143STWA REKLAMY<\/span><\/p>\n<p class=\"text-med black-text\" style=\"text-align: justify;\">Integraln\u0105 cz\u0119\u015bci\u0105 agencji reklamowej jest r\u00f3wnie\u017c odpowiednie wyposa\u017cenie technologiczne do umieszczania logo lub innych element\u00f3w graficznych na materia\u0142ach reklamowych z u\u017cyciem druku tamponowego, grawerowania laserowego, wyt\u0142aczania, haftu, folii, nalepki, druku UV itp.<\/p>\n<p style=\"margin-bottom: 0px;\"><a class=\"inner-link tlacitko_web highlight-button-dark btn-medium button btn\" href=\"https:\/\/www.mpm-reklama.cz\/pl\/informace\/o-uslugach\" target=\"_blank\" rel=\"noopener\">WI\u0118CEJ O BRANDINGU<\/a><\/p>\n<\/div><\/div><div class=\"wpb_column hcode-column-container  col-lg-5 hidden-lg col-md-5 hidden-md col-xs-mobile-fullwidth col-sm-12 text-center\" style=\" padding: 30px 5%;;\"><div class=\"vc-column-innner-wrapper\"><h1 class=\"section-title  no-margin black-text no-padding\" style=\"font-weight:500 !important;;\">BRANDING<\/h1><p><span class=\"text-small black-text text-uppercase letter-spacing-3\">BRANDING GAD\u017bET\u00d3W DLA PA\u0143STWA REKLAMY<\/span><\/p>\n<p class=\"text-med black-text\" style=\"text-align: justify;\">Integraln\u0105 cz\u0119\u015bci\u0105 agencji reklamowej jest r\u00f3wnie\u017c odpowiednie wyposa\u017cenie technologiczne do umieszczania logo lub innych element\u00f3w graficznych na materia\u0142ach reklamowych z u\u017cyciem druku tamponowego, grawerowania laserowego, wyt\u0142aczania, haftu, folii, nalepki, druku UV itp.<\/p>\n<p style=\"margin-bottom: 0px;\"><a class=\"inner-link tlacitko_web highlight-button-dark btn-medium button btn\" href=\"https:\/\/www.mpm-reklama.cz\/pl\/informace\/o-uslugach\" target=\"_blank\" rel=\"noopener\">WI\u0118CEJ O BRANDINGU<\/a><\/p>\n<\/div><\/div><div class=\"wpb_column hcode-column-container  hidden-lg hidden-md col-xs-mobile-fullwidth col-sm-12 no-padding sm-padding-five-lr xs-padding-five-lr\"><div class=\"vc-column-innner-wrapper\"><div  class=\"cover-background  min-height-450 ramecek bg-image-srcset\" style=\"background-image:url(https:\/\/www.mpm-quality.cz\/wp-content\/uploads\/2018\/04\/zapa3.jpg);min-height:600px;\" data-bg-srcset=\"https:\/\/www.mpm-quality.cz\/wp-content\/uploads\/2018\/04\/zapa3.jpg 1920w, https:\/\/www.mpm-quality.cz\/wp-content\/uploads\/2018\/04\/zapa3-300x200.jpg 300w, https:\/\/www.mpm-quality.cz\/wp-content\/uploads\/2018\/04\/zapa3-768x512.jpg 768w, https:\/\/www.mpm-quality.cz\/wp-content\/uploads\/2018\/04\/zapa3-1024x683.jpg 1024w, https:\/\/www.mpm-quality.cz\/wp-content\/uploads\/2018\/04\/zapa3-81x54.jpg 81w\"><div class=\"img-border\"><\/div><\/div><\/div><\/div><\/div><\/div><\/section><section class=\"  no-padding\" ><div class=\"container-fluid\"><div class=\"row\"><div class=\"wpb_column hcode-column-container  hidden-lg hidden-md col-xs-mobile-fullwidth col-sm-12\"><div class=\"vc-column-innner-wrapper\">[vc_empty_space height=\"4rem\"]<\/div><\/div><\/div><\/div><\/section><section class=\" vc_custom_1526887554849  no-padding\"  style=\" background-color:#e4e4e4; \"><div class=\"container-fluid\"><div class=\"row\"><div class=\"wpb_column hcode-column-container  col-xs-mobile-fullwidth col-sm-12 text-center\"><div class=\"vc-column-innner-wrapper\"><h3 class=\"section-title  no-margin black-text no-padding\" style=\"font-weight:400 !important;;line-height:1.3 !important;\">OFERUJEMY NAST\u0118PUJ\u0104CE METODY ZNAKOWANIA ARTYKU\u0141\u00d3W REKLAMOWYCH<\/h3><\/div><\/div><\/div><\/div><\/section><section class=\"  wow fadeIn xs-no-padding-bottom\"  style=\" padding: 2.5rem 0 2rem 0;\"><div class=\"container\"><div class=\"row\"><div class=\"wpb_column hcode-column-container  col-xs-mobile-fullwidth\"><div class=\"vc-column-innner-wrapper\"><div class=\"feature-owl position-relative\"><div class=\"container\"><div class=\"row\"><div id=\"approach-slider\" class=\"owl-carousel owl-theme bottom-pagination black-cursor dot-pagination dark-navigation dark-pagination\"><div class=\"item margin-ten no-margin-top\"><div class=\"text-center margin-four wow fadeIn \" ><img loading=\"lazy\" decoding=\"async\" alt=\"\" sizes=\"(max-width: 80px) 100vw, 80px\" src=\"https:\/\/www.mpm-quality.cz\/wp-content\/uploads\/2018\/04\/potisk_tamponem.jpg\" width=\"80\" height=\"80\"  class=\"icon-image medium-icon no-margin-bottom \" \/><h5 class=\"black-text margin-ten no-margin-bottom xs-margin-top-five\" >Druk tamponowy<\/h5><span class=\"approach-details feature-owlslide-content light-gray-text2\" style=\"color:#000000;\"><a href=\"https:\/\/www.mpm-reklama.cz\/pl\/informace\/druk-tamponowy\" target=\"_blank\" rel=\"noopener\"><span style=\"text-transform: none;\">nadruk gad\u017cet\u00f3w reklamowych z plastiku lub innych materia\u0142ow (d\u0142ugopisy, kalkulatory, budziki, kalendarze)<\/span><\/a><\/span><\/div><\/div><div class=\"item margin-ten no-margin-top\"><div class=\"text-center margin-four wow fadeIn \" ><img loading=\"lazy\" decoding=\"async\" alt=\"\" sizes=\"(max-width: 80px) 100vw, 80px\" src=\"https:\/\/www.mpm-quality.cz\/wp-content\/uploads\/2018\/04\/gravirovani_laser.jpg\" width=\"80\" height=\"80\"  class=\"icon-image medium-icon no-margin-bottom \" \/><h5 class=\"black-text margin-ten no-margin-bottom xs-margin-top-five\" >Grawerowanie<\/h5><span class=\"approach-details feature-owlslide-content light-gray-text2\" style=\"color:#000000;\"><a href=\"https:\/\/www.mpm-reklama.cz\/pl\/informace\/grawerowanie-laserowe\" target=\"_blank\" rel=\"noopener\"><span style=\"text-transform: none;\">grawerowanie metalowych przedmiot\u00f3w (d\u0142ugopisy, zegarki, mankiety)<\/span><\/a><\/span><\/div><\/div><div class=\"item margin-ten no-margin-top\"><div class=\"text-center margin-four wow fadeIn \" ><img loading=\"lazy\" decoding=\"async\" alt=\"\" sizes=\"(max-width: 80px) 100vw, 80px\" src=\"https:\/\/www.mpm-quality.cz\/wp-content\/uploads\/2018\/04\/uv_tisk.jpg\" width=\"80\" height=\"80\"  class=\"icon-image medium-icon no-margin-bottom \" \/><h5 class=\"black-text margin-ten no-margin-bottom xs-margin-top-five\" >UV druk<\/h5><span class=\"approach-details feature-owlslide-content light-gray-text2\" style=\"color:#000000;\"><a href=\"https:\/\/www.mpm-reklama.cz\/pl\/informace\/uv-druk\" target=\"_blank\" rel=\"noopener\"><span style=\"text-transform: none;\">drukowanie r\u00f3\u017cnych produkt\u00f3w przy u\u017cyciu druku cyfrowego opartego na utwardzaniu atramentem \u015bwiat\u0142em UV<\/span><\/a><\/span><\/div><\/div><div class=\"item margin-ten no-margin-top\"><div class=\"text-center margin-four wow fadeIn \" ><img loading=\"lazy\" decoding=\"async\" alt=\"\" sizes=\"(max-width: 80px) 100vw, 80px\" src=\"https:\/\/www.mpm-quality.cz\/wp-content\/uploads\/2018\/04\/sitotisk.jpg\" width=\"80\" height=\"80\"  class=\"icon-image medium-icon no-margin-bottom \" \/><h5 class=\"black-text margin-ten no-margin-bottom xs-margin-top-five\" >Sitodruk<\/h5><span class=\"approach-details feature-owlslide-content light-gray-text2\" style=\"color:#000000;\"><a href=\"https:\/\/www.mpm-reklama.cz\/pl\/informace\/sitodruk\" target=\"_blank\" rel=\"noopener\"><span style=\"text-transform: none;\">druk na tekstyliach (t-shirty, czapki, parasole) wt\u0142aczanie farby poprzez szablon<\/span><\/a><\/span><\/div><\/div><div class=\"item margin-ten no-margin-top\"><div class=\"text-center margin-four wow fadeIn \" ><img loading=\"lazy\" decoding=\"async\" alt=\"\" sizes=\"(max-width: 80px) 100vw, 80px\" src=\"https:\/\/www.mpm-quality.cz\/wp-content\/uploads\/2018\/04\/razba.jpg\" width=\"80\" height=\"80\"  class=\"icon-image medium-icon no-margin-bottom \" \/><h5 class=\"black-text margin-ten no-margin-bottom xs-margin-top-five\" >T\u0142oczenie<\/h5><span class=\"approach-details feature-owlslide-content light-gray-text2\" style=\"color:#000000;\"><a href=\"https:\/\/www.mpm-reklama.cz\/pl\/informace\/tloczenie\" target=\"_blank\" rel=\"noopener\"><span style=\"text-transform: none;\">technologia u\u017cywana przy znakowaniu przedmiot\u00f3w ze sk\u00f3ry, lub eko-sk\u00f3ry przy u\u017cyciu piecz\u0119ci<\/span><\/a><\/span><\/div><\/div><div class=\"item margin-ten no-margin-top\"><div class=\"text-center margin-four wow fadeIn \" ><img loading=\"lazy\" decoding=\"async\" alt=\"\" sizes=\"(max-width: 80px) 100vw, 80px\" src=\"https:\/\/www.mpm-quality.cz\/wp-content\/uploads\/2018\/04\/piskovani.jpg\" width=\"80\" height=\"80\"  class=\"icon-image medium-icon no-margin-bottom \" \/><h5 class=\"black-text margin-ten no-margin-bottom xs-margin-top-five\" >Piaskowanie<\/h5><span class=\"approach-details feature-owlslide-content light-gray-text2\" style=\"color:#000000;\"><a href=\"https:\/\/www.mpm-reklama.cz\/pl\/informace\/piaskowanie\" target=\"_blank\" rel=\"noopener\"><span style=\"text-transform: none;\">technologia obr\u00f3bki powierzchni na szkle i metalu (szklanki, butelki)<\/span><\/a><\/span><\/div><\/div><div class=\"item margin-ten no-margin-top\"><div class=\"text-center margin-four wow fadeIn \" ><img loading=\"lazy\" decoding=\"async\" alt=\"\" srcset=\"https:\/\/www.mpm-quality.cz\/wp-content\/uploads\/2018\/04\/sublimacni_tisk.jpg 109w, https:\/\/www.mpm-quality.cz\/wp-content\/uploads\/2018\/04\/sublimacni_tisk-81x59.jpg 81w\" sizes=\"(max-width: 109px) 100vw, 109px\" src=\"https:\/\/www.mpm-quality.cz\/wp-content\/uploads\/2018\/04\/sublimacni_tisk.jpg\" width=\"109\" height=\"80\"  class=\"icon-image medium-icon no-margin-bottom \" \/><h5 class=\"black-text margin-ten no-margin-bottom xs-margin-top-five\" >Sublimacja<\/h5><span class=\"approach-details feature-owlslide-content light-gray-text2\" style=\"color:#000000;\"><a href=\"https:\/\/www.mpm-reklama.cz\/pl\/informace\/sublimacja\" target=\"_blank\" rel=\"noopener\"><span style=\"text-transform: none;\">druk kubk\u00f3w, ceramiki lub innych przedmiot\u00f3w z materia\u0142\u00f3w odpornych na wysokie temperatury<\/span><\/a><\/span><\/div><\/div><div class=\"item margin-ten no-margin-top\"><div class=\"text-center margin-four wow fadeIn \" ><img loading=\"lazy\" decoding=\"async\" alt=\"\" sizes=\"(max-width: 80px) 100vw, 80px\" src=\"https:\/\/www.mpm-quality.cz\/wp-content\/uploads\/2018\/04\/vysivka.jpg\" width=\"80\" height=\"80\"  class=\"icon-image medium-icon no-margin-bottom \" \/><h5 class=\"black-text margin-ten no-margin-bottom xs-margin-top-five\" >Haft<\/h5><span class=\"approach-details feature-owlslide-content light-gray-text2\" style=\"color:#000000;\"><a href=\"https:\/\/www.mpm-reklama.cz\/pl\/informace\/haft\" target=\"_blank\" rel=\"noopener\"><span style=\"text-transform: none;\">u\u017cywany na r\u00f3\u017cnych materia\u0142ach tekstylnych (T-shirt, r\u0119czniki, kurtki)<\/span><\/a><\/span><\/div><\/div><div class=\"item margin-ten no-margin-top\"><div class=\"text-center margin-four wow fadeIn \" ><img loading=\"lazy\" decoding=\"async\" alt=\"\" sizes=\"(max-width: 80px) 100vw, 80px\" src=\"https:\/\/www.mpm-quality.cz\/wp-content\/uploads\/2018\/04\/transferovy_tisk.jpg\" width=\"80\" height=\"80\"  class=\"icon-image medium-icon no-margin-bottom \" \/><h5 class=\"black-text margin-ten no-margin-bottom xs-margin-top-five\" >Druk transferowy<\/h5><span class=\"approach-details feature-owlslide-content light-gray-text2\" style=\"color:#000000;\"><a href=\"https:\/\/www.mpm-reklama.cz\/pl\/informace\/transfer-3\" target=\"_blank\" rel=\"noopener\"><span style=\"text-transform: none;\">drukowanie niestandardowych materia\u0142\u00f3w tekstylnych i skomplikowanych, pe\u0142nokolorowych motyw\u00f3w<\/span><\/a><\/span><\/div><\/div><div class=\"item margin-ten no-margin-top\"><div class=\"text-center margin-four wow fadeIn \" ><img loading=\"lazy\" decoding=\"async\" alt=\"\" sizes=\"(max-width: 80px) 100vw, 80px\" src=\"https:\/\/www.mpm-quality.cz\/wp-content\/uploads\/2018\/04\/vymena_ciferniku.jpg\" width=\"80\" height=\"80\"  class=\"icon-image medium-icon no-margin-bottom \" \/><h5 class=\"black-text margin-ten no-margin-bottom xs-margin-top-five\" >Wymiana tarczy<\/h5><span class=\"approach-details feature-owlslide-content light-gray-text2\" style=\"color:#000000;\"><a href=\"https:\/\/www.mpm-reklama.cz\/pl\/informace\/wymiana-tarczy\" target=\"_blank\" rel=\"noopener\"><span style=\"text-transform: none;\">przy wybranych modelach zegark\u00f3w, zegar\u00f3w i budzik\u00f3w oferujemy mo\u017cliwo\u015b\u0107 wymiany tarczy z w\u0142asn\u0105 grafik\u0105<\/span><\/a><\/span><\/div><\/div><div class=\"item margin-ten no-margin-top\"><div class=\"text-center margin-four wow fadeIn \" ><img loading=\"lazy\" decoding=\"async\" alt=\"\" sizes=\"(max-width: 80px) 100vw, 80px\" src=\"https:\/\/www.mpm-quality.cz\/wp-content\/uploads\/2019\/06\/3D-samolepka-icon.jpg\" width=\"80\" height=\"80\"  class=\"icon-image medium-icon no-margin-bottom \" \/><h5 class=\"black-text margin-ten no-margin-bottom xs-margin-top-five\" >Naklejka 3D<\/h5><span class=\"approach-details feature-owlslide-content light-gray-text2\" style=\"color:#000000;\"><a href=\"https:\/\/www.mpm-reklama.cz\/pl\/informace\/naklejka-3d\" target=\"_blank\" rel=\"noopener\"><span style=\"text-transform: none;\">nalepki pokryte \u017cywic\u0105 epoksydow\u0105 s\u0105 niezwykle elastyczne i zapewniaj\u0105 tr\u00f3jwymiarowy efekt<\/span><\/a><\/span><\/div><\/div><\/div><\/div><\/div><div class=\"feature_nav\"><a class=\"prev left carousel-control\"><img loading=\"lazy\" decoding=\"async\" alt=\"\" src=\"https:\/\/www.mpm-quality.cz\/wp-content\/plugins\/hcode-addons\/hcode-shortcodes\/images\/arrow-pre-white-bg.png\" width=\"96\" height=\"96\" ><\/a><a class=\"next right carousel-control\"><img loading=\"lazy\" decoding=\"async\" alt=\"\" src=\"https:\/\/www.mpm-quality.cz\/wp-content\/plugins\/hcode-addons\/hcode-shortcodes\/images\/arrow-next-white-bg.png\" width=\"96\" height=\"96\" ><\/a><\/div><\/div>        <script type=\"text\/javascript\">jQuery(document).ready(function () { jQuery(\"#approach-slider\").owlCarousel({ pagination: false,autoPlay: false,stopOnHover: false, items: 4,itemsDesktop: [1200,4],itemsTablet: [991,3],itemsMobile: [700,1], }); });<\/script>\n        <\/div><\/div><\/div><\/div><\/section>","protected":false},"excerpt":{"rendered":"<p>STUDIO GRAFICZNE \u00a0\u00a0\u00a0\u00a0\u00a0| \u00a0\u00a0\u00a0\u00a0\u00a0BRANDING STUDIO GRAFICZNE \u00a0\u00a0\u00a0|\u00a0 \u00a0 BRANDING [vc_empty_space height=&#8221;10px&#8221;] \u00a0E-SHOP MPM REKLAMA \u00a0\u00a0\u00a0\u00a0\u00a0\u00a0 \u00a0 \u00a0\u00a0 \u00a0E-SHOP EMPEN \u00a0E-SHOP\u00a0 \u00a0 \u00a0\u00a0 \u00a0E-SHOP STUDIO GRAFICZNEPROJEKTOWANIE I DRUKOWANIE DLA TWOJEGO STYLU MPM-QUALITY, v. o. s. \u015bwiadczy us\u0142ugi reklamowe za po\u015brednictwem w\u0142asnej agencji reklamowej. Podstawowym elementem agencji reklamowej jest przede wszystkim studio graficzne, w kt\u00f3rym zgodnie z [&hellip;]<\/p>\n","protected":false},"author":3,"featured_media":0,"parent":0,"menu_order":0,"comment_status":"closed","ping_status":"closed","template":"","meta":{"footnotes":""},"_links":{"self":[{"href":"https:\/\/www.mpm-quality.cz\/pl\/wp-json\/wp\/v2\/pages\/20219"}],"collection":[{"href":"https:\/\/www.mpm-quality.cz\/pl\/wp-json\/wp\/v2\/pages"}],"about":[{"href":"https:\/\/www.mpm-quality.cz\/pl\/wp-json\/wp\/v2\/types\/page"}],"author":[{"embeddable":true,"href":"https:\/\/www.mpm-quality.cz\/pl\/wp-json\/wp\/v2\/users\/3"}],"replies":[{"embeddable":true,"href":"https:\/\/www.mpm-quality.cz\/pl\/wp-json\/wp\/v2\/comments?post=20219"}],"version-history":[{"count":12,"href":"https:\/\/www.mpm-quality.cz\/pl\/wp-json\/wp\/v2\/pages\/20219\/revisions"}],"predecessor-version":[{"id":23796,"href":"https:\/\/www.mpm-quality.cz\/pl\/wp-json\/wp\/v2\/pages\/20219\/revisions\/23796"}],"wp:attachment":[{"href":"https:\/\/www.mpm-quality.cz\/pl\/wp-json\/wp\/v2\/media?parent=20219"}],"curies":[{"name":"wp","href":"https:\/\/api.w.org\/{rel}","templated":true}]}}