{"id":20261,"date":"2018-05-22T08:29:57","date_gmt":"2018-05-22T07:29:57","guid":{"rendered":"https:\/\/beta.mpm-quality.cz\/?page_id=20261"},"modified":"2019-12-05T11:34:44","modified_gmt":"2019-12-05T09:34:44","slug":"reklama-i-biuro","status":"publish","type":"page","link":"https:\/\/www.mpm-quality.cz\/pl\/reklama-i-biuro\/","title":{"rendered":"Reklama i biuro"},"content":{"rendered":"<section class=\" vc_custom_1529489868395  no-padding\"  style=\"  \"><div class=\"container-fluid\"><div class=\"row\"><div class=\"wpb_column hcode-column-container  hidden-sm hidden-xs col-xs-mobile-fullwidth col-sm-12 text-center center-col\"><div class=\"vc-column-innner-wrapper\"><div  class=\" menu-kategorie2  \" ><div class=\"letter-spacing-2\"><a href=\"\/pl\/reklama-i-biuro\/#mpm_reklama\">MPM REKLAMA<\/a> \u00a0\u00a0\u00a0\u00a0\u00a0|\u00a0 \u00a0 \u00a0\u00a0<a href=\"\/pl\/reklama-i-biuro\/#kalendarze_terminarze\">KALENDARZE I TERMINARZE<\/a> \u00a0\u00a0\u00a0\u00a0\u00a0|\u00a0\u00a0\u00a0\u00a0\u00a0 <a href=\"\/pl\/reklama-i-biuro\/#empen\">EMPEN<\/a><\/div>\n<\/div><\/div><\/div><\/div><\/div><\/section><section class=\"  no-padding\"  style=\"  \"><div class=\"container-fluid\"><div class=\"row\"><div class=\"wpb_column hcode-column-container  hidden-lg hidden-md col-xs-mobile-fullwidth col-sm-12 text-center center-col\"><div class=\"vc-column-innner-wrapper\"><div  class=\" menu-kategorie2  \" ><div class=\"letter-spacing-2\"><a href=\"\/pl\/reklama-i-biuro\/#mpm_reklama\">MPM REKLAMA<\/a> \u00a0\u00a0\u00a0|\u00a0 \u00a0\u00a0<a href=\"\/pl\/reklama-i-biuro\/#kalendarze_terminarze\">KALENDARZE I TERMINARZE<\/a> \u00a0\u00a0\u00a0|\u00a0\u00a0\u00a0 <a href=\"\/pl\/reklama-i-biuro\/#empen2\">EMPEN<\/a><\/div>\n<\/div>[vc_empty_space height=\"10px\"]<\/div><\/div><\/div><\/div><\/section><section class=\"  xs-no-margin no-padding\"  style=\" margin: 10px 0px 15px 0px;  \"><div class=\"container-fluid\"><div class=\"row\"><div class=\"wpb_column hcode-column-container  hidden-sm hidden-xs col-xs-mobile-fullwidth col-sm-12 text-center center-col\"><div class=\"vc-column-innner-wrapper\"><div  class=\" menu-kategorie2  \" ><div class=\"letter-spacing-2\"><a href=\"https:\/\/www.mpm-reklama.cz\/pl\" target=\"_blank\" rel=\"noopener\"><img decoding=\"async\" src=\"https:\/\/www.mpm-quality.cz\/wp-content\/uploads\/2018\/06\/mpm_reklama_logo_2.jpg\" alt=\"eshop prim\" width=\"75px\" \/> \u00a0E-SHOP MPM REKLAMA<\/a> \u00a0\u00a0\u00a0\u00a0\u00a0\u00a0 \u00a0 \u00a0\u00a0<a href=\"https:\/\/www.mpm-reklama.cz\/pl\/kategorie\/empen-2\" target=\"_blank\" rel=\"noopener\"><img decoding=\"async\" src=\"https:\/\/www.mpm-quality.cz\/wp-content\/uploads\/2018\/06\/empen_logo_2.png\" alt=\"eshop mpm hodinky\" width=\"75px\" \/> \u00a0E-SHOP EMPEN<\/a><\/div>\n<\/div><\/div><\/div><\/div><\/div><\/section><section class=\"  no-padding\"  style=\"  \"><div class=\"container\"><div class=\"row\"><div class=\"wpb_column hcode-column-container  hidden-lg hidden-md col-xs-mobile-fullwidth col-sm-12 text-center center-col\"><div class=\"vc-column-innner-wrapper\"><div  class=\" menu-kategorie2  \" ><div class=\"letter-spacing-2\"><a href=\"https:\/\/www.mpm-reklama.cz\/pl\" target=\"_blank\" rel=\"noopener\"><img decoding=\"async\" src=\"https:\/\/www.mpm-quality.cz\/wp-content\/uploads\/2018\/06\/mpm_reklama_logo_2.jpg\" alt=\"eshop prim\" width=\"75px\" \/> \u00a0E-SHOP<\/a>\u00a0 \u00a0 \u00a0\u00a0<a href=\"https:\/\/www.mpm-reklama.cz\/pl\/kategorie\/empen-2\" target=\"_blank\" rel=\"noopener\"><img decoding=\"async\" src=\"https:\/\/www.mpm-quality.cz\/wp-content\/uploads\/2018\/06\/empen_logo_2.png\" alt=\"eshop mpm hodinky\" width=\"75px\" \/> \u00a0E-SHOP<\/a><\/div>\n<\/div><\/div><\/div><\/div><\/div><\/section><section class=\" vc_custom_1523012960106  no-padding\"  style=\"  \"><div class=\"container\"><div class=\"row\"><div class=\"wpb_column hcode-column-container  col-xs-mobile-fullwidth col-sm-12 text-center\"><div class=\"vc-column-innner-wrapper\"><p class=\"text-med black-text\" style=\"text-align: center; font-size: 15px;\">Od 18 lat jeste\u015bmy agencj\u0105 reklamow\u0105. Upominki reklamowe s\u0105 nasz\u0105 pasj\u0105. Oferta gadzet\u00f3w reklamaowych wynosi ponad 3500 pozycji w magazynie. Opr\u00f3cz standardowych gad\u017cet\u00f3w proponujemy Pa\u0144stwu indywidualn\u0105 ofert\u0119 3D upomink\u00f3w.<\/p>\n<p class=\"text-med black-text\" style=\"text-align: center; font-size: 15px;\">Nie chcemy by\u0107 zwyk\u0142ym dystrybutorem na rynku reklamowym. Artyku\u0142y promocyjne to nasza pasja i hobby. Specjalizujemy si\u0119 w produkcji niestandardowej reklamie 3D. Jako\u015b\u0107 jest kluczowym czynnikiem odzwierciedlaj\u0105cym wizerunek Twojej marki.<\/p>\n<\/div><\/div><\/div><\/div><\/section><section class=\"  no-padding\" ><div class=\"container\"><div class=\"row\"><div class=\"wpb_column hcode-column-container  col-lg-1 col-md-1 hidden-md hidden-sm hidden-xs col-xs-mobile-fullwidth col-sm-6\"><div class=\"vc-column-innner-wrapper\"><\/div><\/div><div class=\"wpb_column hcode-column-container  col-lg-2 col-md-offset-0 col-md-4 col-xs-mobile-fullwidth col-sm-6 text-center\"><div class=\"vc-column-innner-wrapper\"><div  class=\"work-process-sub position-relative overflow-hidden\" ><div class=\"work-process-text\"><span class=\"work-process-number font-weight-100 display-block yellow-text2\" style=\"color:#000000;\">1<\/span><span class=\"text-uppercase letter-spacing-2 font-weight-600 \"  style=\"color:#000000;\">WYB\u00d3R GAD\u017bETU<\/span><\/div><div class=\"work-process-details position-absolute display-block\"><i class=\"fa fa-shopping-cart small-icon display-block\" ><\/i><span class=\"text-small text-uppercase\"><span style=\"font-size: 10px; color: black;\">KA\u017bDY PRZEDMIOT MO\u017bE ZOSTA\u0106 NO\u015aNIKIEM REKLAMY DZI\u0118KI R\u00d3\u017bNYM METODOM NADRUKU<\/span><\/span><\/div><\/div><\/div><\/div><div class=\"wpb_column hcode-column-container  col-lg-2 col-md-4 col-xs-mobile-fullwidth col-sm-6 text-center\"><div class=\"vc-column-innner-wrapper\"><div  class=\"work-process-sub position-relative overflow-hidden cislovani\" ><div class=\"work-process-text\"><span class=\"work-process-number font-weight-100 display-block yellow-text2\" style=\"color:#000000;\">2<\/span><span class=\"text-uppercase letter-spacing-2 font-weight-600 \"  style=\"color:#000000;\">Grafika<\/span><\/div><div class=\"work-process-details position-absolute display-block\"><i class=\"fa fa-pencil-square-o small-icon display-block\" ><\/i><span class=\"text-small text-uppercase\"><span style=\"font-size: 10px; color: black;\">PO WYBORZE GAD\u017bETU REKLAMOWEGO OPRACUJEMY W NASZYM STUDIO GRAFICZNYM WIZUALIZACJ\u0118<\/span><\/span><\/div><\/div><\/div><\/div><div class=\"wpb_column hcode-column-container  col-lg-2 col-md-4 col-xs-mobile-fullwidth col-sm-6 text-center\"><div class=\"vc-column-innner-wrapper\"><div  class=\"work-process-sub position-relative overflow-hidden cislovani\" ><div class=\"work-process-text\"><span class=\"work-process-number font-weight-100 display-block yellow-text2\" style=\"color:#000000;\">3<\/span><span class=\"text-uppercase letter-spacing-2 font-weight-600 \"  style=\"color:#000000;\">Technologie<\/span><\/div><div class=\"work-process-details position-absolute display-block\"><i class=\"icon-layers small-icon display-block\" ><\/i><span class=\"text-small text-uppercase\"><span style=\"font-size: 10px; color: black;\">DZIA\u0141 HANDLOWY WE WSPO\u0141PRACY Z PRODUKCJ\u0104 POLECI PA\u0143STWU IDEALN\u0104 TECHNOLOGI\u0118 NADRUKU<\/span><\/span><\/div><\/div><\/div><\/div><div class=\"wpb_column hcode-column-container  col-lg-2 col-md-4 col-xs-mobile-fullwidth col-sm-6 text-center\"><div class=\"vc-column-innner-wrapper\"><div  class=\"work-process-sub position-relative overflow-hidden cislovani\" ><div class=\"work-process-text\"><span class=\"work-process-number font-weight-100 display-block yellow-text2\" style=\"color:#000000;\">4<\/span><span class=\"text-uppercase letter-spacing-2 font-weight-600 \"  style=\"color:#000000;\">Produkcja<\/span><\/div><div class=\"work-process-details position-absolute display-block\"><i class=\"fa fa-cogs small-icon display-block\" ><\/i><span class=\"text-small text-uppercase\"><span style=\"font-size: 10px; color: black;\">PO UZGODNIENIU METODY NADRUKU DZIA\u0141 PRODUKCJI WYKONA NADRUK WED\u0141UG WIZUALIZACJI<\/span><\/span><\/div><\/div><\/div><\/div><div class=\"wpb_column hcode-column-container  col-lg-2 col-md-4 col-xs-mobile-fullwidth col-sm-6 text-center\"><div class=\"vc-column-innner-wrapper\"><div  class=\"work-process-sub position-relative overflow-hidden cislovani\" ><div class=\"work-process-text\"><span class=\"work-process-number font-weight-100 display-block yellow-text2\" style=\"color:#000000;\">5<\/span><span class=\"text-uppercase letter-spacing-2 font-weight-600 \"  style=\"color:#000000;\">Expedycja<\/span><\/div><div class=\"work-process-details position-absolute display-block\"><i class=\"fa fa-truck small-icon display-block\" ><\/i><span class=\"text-small text-uppercase\"><span style=\"font-size: 10px; color: black;\">PO OSTATECZNEJ KONTROLI I ZAPAKOWANIU WY\u015aLEMY TOWAR NA WSAZANY PRZEZ PA\u0143STWA ADRES<\/span><\/span><\/div><\/div><\/div><\/div><\/div><\/div><\/section><section class=\" vc_custom_1526976134612  no-padding\"  style=\" background-color:#e4e4e4; \"><div class=\"container\"><div class=\"row\"><div id=\"mpm_reklama\" class=\"wpb_column hcode-column-container  col-xs-mobile-fullwidth col-sm-12 text-center\"><div class=\"vc-column-innner-wrapper\"><h3 class=\"section-title  no-margin black-text no-padding\" style=\"font-weight:400 !important;;line-height:1.3 !important;\">WASZA PREZENTACJA ROZPOCZYNA SI\u0118 U NAS<\/h3><\/div><\/div><\/div><\/div><\/section><section class=\"  sm-margin-top-20px xs-margin-top-20px no-padding sm-no-padding xs-no-padding\" ><div class=\"container-fluid\"><div class=\"row\"><div class=\"wpb_column hcode-column-container  col-lg-6 hidden-lg col-md-7 col-xs-mobile-fullwidth col-sm-12 text-center\" style=\" padding: 30px 5%;\"><div class=\"vc-column-innner-wrapper\"><h1 class=\"section-title  no-margin black-text no-padding\" style=\"font-weight:500 !important;;\">MPM REKLAMA<\/h1><p><span class=\"text-small black-text text-uppercase letter-spacing-3\">GAD\u017bETY DLA PA\u0143STWA PREZENTACJI<\/span><\/p>\n<p class=\"text-med black-text\" style=\"text-align: justify;\">Niemal wszystko jest mo\u017cliwe, by wykona\u0107 nadruk na r\u00f3\u017cnej powierzchni kubk\u00f3w, nadruk toreb, nadruk koszulek, gad\u017cet\u00f3w reklamowych. Dolo\u017cymy wszelkich stara\u0144, aby nadruk by\u0142 idealny.<\/p>\n<p class=\"text-med black-text\" style=\"text-align: justify;\">Opr\u00f3cz artyku\u0142\u00f3w promocyjnych, jeste\u015bmy w stanie zapewni\u0107 Pa\u0144stwu szeroki zakres us\u0142ug marketingowych, od wizyt\u00f3wek i druk\u00f3w, poprzez roll-upy do oklejenia smochodu i reklam \u015bwietlnych, we wsp\u00f3\u0142pracy z naszymi partnerami krajowymi i zagranicznymi. W przypadku zainteresowania ofert\u0105 prosimy o kontakt. Wierzymy, \u017ce wysoka jako\u015b\u0107 naszych us\u0142ug i produkt\u00f3w b\u0119dzie odpowiada\u0107 wizerunkowi Pa\u0144stwa marki.<\/p>\n<p class=\"text-med black-text\" style=\"text-align: justify;\">Aby uzyska\u0107 indywidualn\u0105 ofert\u0119 na wybrane artyku\u0142y promocyjne, prosz\u0119 skontaktowa\u0107 si\u0119 z naszym dzia\u0142em handlowym.<\/p>\n<a  href=\"https:\/\/www.mpm-reklama.cz\/pl\" target=\"_blank\" class=\"inner-link tlacitko_web highlight-button-dark btn-medium  button btn\"  style=\" margin: 0% 2% 2% 0%;\">E-shop<\/a><a  href=\"https:\/\/www.mpm-reklama.cz\/pl\/informace\/katalogi\" target=\"_blank\" class=\"inner-link tlacitko_web highlight-button-dark btn-medium  button btn\"  style=\" margin: 0% 2% 2% 0%;\">Katalog MPM<\/a><a  href=\"https:\/\/www.mpm-reklama.cz\/pl\/informace\/katalogi#stojaki\" target=\"_blank\" class=\"inner-link tlacitko_web highlight-button-dark btn-medium  button btn\" >Katalog stojak\u00f3w<\/a><\/div><\/div><div class=\"wpb_column hcode-column-container  col-lg-6 col-md-7 hidden-md hidden-sm hidden-xs col-xs-mobile-fullwidth col-sm-12 text-center\" style=\" padding: 50px 5% 30px 5%;\"><div class=\"vc-column-innner-wrapper\"><h1 class=\"section-title  no-margin black-text no-padding\" style=\"font-weight:500 !important;;\">MPM REKLAMA<\/h1><p><span class=\"text-small black-text text-uppercase letter-spacing-3\">GAD\u017bETY DLA PA\u0143STWA PREZENTACJI<\/span><\/p>\n<p class=\"text-med black-text\" style=\"text-align: justify;\">Niemal wszystko jest mo\u017cliwe, by wykona\u0107 nadruk na r\u00f3\u017cnej powierzchni kubk\u00f3w, nadruk toreb, nadruk koszulek, gad\u017cet\u00f3w reklamowych. Dolo\u017cymy wszelkich stara\u0144, aby nadruk by\u0142 idealny.<\/p>\n<p class=\"text-med black-text\" style=\"text-align: justify;\">Opr\u00f3cz artyku\u0142\u00f3w promocyjnych, jeste\u015bmy w stanie zapewni\u0107 Pa\u0144stwu szeroki zakres us\u0142ug marketingowych, od wizyt\u00f3wek i druk\u00f3w, poprzez roll-upy do oklejenia smochodu i reklam \u015bwietlnych, we wsp\u00f3\u0142pracy z naszymi partnerami krajowymi i zagranicznymi. W przypadku zainteresowania ofert\u0105 prosimy o kontakt. Wierzymy, \u017ce wysoka jako\u015b\u0107 naszych us\u0142ug i produkt\u00f3w b\u0119dzie odpowiada\u0107 wizerunkowi Pa\u0144stwa marki.<\/p>\n<p class=\"text-med black-text\" style=\"text-align: justify;\">Aby uzyska\u0107 indywidualn\u0105 ofert\u0119 na wybrane artyku\u0142y promocyjne, prosz\u0119 skontaktowa\u0107 si\u0119 z naszym dzia\u0142em handlowym.<\/p>\n<a  href=\"https:\/\/www.mpm-reklama.cz\/pl\" target=\"_blank\" class=\"inner-link tlacitko_web highlight-button-dark btn-medium  button btn\"  style=\" margin: 0% 2% 2% 0%;\">E-shop<\/a><a  href=\"https:\/\/www.mpm-reklama.cz\/pl\/informace\/katalogi\" target=\"_blank\" class=\"inner-link tlacitko_web highlight-button-dark btn-medium  button btn\"  style=\" margin: 0% 2% 2% 0%;\">Katalog MPM<\/a><a  href=\"https:\/\/www.mpm-reklama.cz\/pl\/informace\/katalogi#stojaki\" target=\"_blank\" class=\"inner-link tlacitko_web highlight-button-dark btn-medium  button btn\" >Katalog stojak\u00f3w<\/a><\/div><\/div><div class=\"wpb_column hcode-column-container  col-lg-6 col-md-5 col-xs-mobile-fullwidth col-sm-12 no-padding sm-padding-five-lr xs-padding-five-lr\"><div class=\"vc-column-innner-wrapper\"><div  class=\"cover-background  min-height-450 bg-image-srcset\" style=\"background-image:url(https:\/\/www.mpm-quality.cz\/wp-content\/uploads\/2018\/04\/reklamni_predmety.jpg);min-height:600px;\" data-bg-srcset=\"https:\/\/www.mpm-quality.cz\/wp-content\/uploads\/2018\/04\/reklamni_predmety.jpg 1920w, https:\/\/www.mpm-quality.cz\/wp-content\/uploads\/2018\/04\/reklamni_predmety-300x200.jpg 300w, https:\/\/www.mpm-quality.cz\/wp-content\/uploads\/2018\/04\/reklamni_predmety-768x512.jpg 768w, https:\/\/www.mpm-quality.cz\/wp-content\/uploads\/2018\/04\/reklamni_predmety-1024x683.jpg 1024w, https:\/\/www.mpm-quality.cz\/wp-content\/uploads\/2018\/04\/reklamni_predmety-81x54.jpg 81w\"><div class=\"img-border\"><\/div><\/div><div id=kalendarze_terminarze class=\"  \" ><\/div><\/div><\/div><\/div><\/div><\/section><section class=\"  sm-margin-top-20px xs-margin-top-20px no-padding sm-no-padding xs-no-padding\"  style=\"  \"><div class=\"container-fluid\"><div class=\"row\"><div class=\"wpb_column hcode-column-container  col-lg-7 col-md-6 hidden-sm hidden-xs col-xs-mobile-fullwidth col-sm-12 no-padding\"><div class=\"vc-column-innner-wrapper\"><div  class=\"cover-background  min-height-450 ramecek bg-image-srcset\" style=\"background-image:url(https:\/\/www.mpm-quality.cz\/wp-content\/uploads\/2018\/04\/kalendare_diare_3.jpg);min-height:500px;\" data-bg-srcset=\"https:\/\/www.mpm-quality.cz\/wp-content\/uploads\/2018\/04\/kalendare_diare_3.jpg 1920w, https:\/\/www.mpm-quality.cz\/wp-content\/uploads\/2018\/04\/kalendare_diare_3-300x200.jpg 300w, https:\/\/www.mpm-quality.cz\/wp-content\/uploads\/2018\/04\/kalendare_diare_3-768x512.jpg 768w, https:\/\/www.mpm-quality.cz\/wp-content\/uploads\/2018\/04\/kalendare_diare_3-1024x683.jpg 1024w, https:\/\/www.mpm-quality.cz\/wp-content\/uploads\/2018\/04\/kalendare_diare_3-81x54.jpg 81w\"><div class=\"img-border\"><\/div><\/div><\/div><\/div><div id=\"kalendare_diare\" class=\"wpb_column hcode-column-container  col-lg-5 col-md-6 hidden-sm hidden-xs col-xs-mobile-fullwidth col-sm-12 text-center\" style=\" padding: 120px 5% 0px 5%;;\"><div class=\"vc-column-innner-wrapper\"><h1 class=\"section-title  no-margin black-text no-padding\" style=\"font-weight:500 !important;;\">KALENDARZE I TERMINARZE<\/h1><p class=\"text-med black-text\" style=\"text-align: justify; margin-top: 22px; margin-bottom: 0px;\">Kalendarze i pami\u0119tniki to tradycyjnie najbardziej popularne prezenty dla partner\u00f3w i pracownik\u00f3w. W ramach naszych us\u0142ug tworzymy spersonalizowane niestandardowe terminarze i kalendarze wed\u0142ug w\u0142asnych upodoba\u0144.<\/p>\n<div id=empen class=\"  \" ><\/div><\/div><\/div><div class=\"wpb_column hcode-column-container  col-lg-5 hidden-lg col-md-6 hidden-md col-xs-mobile-fullwidth col-sm-12 text-center\" style=\" padding: 30px 5%;\"><div class=\"vc-column-innner-wrapper\"><h1 class=\"section-title  no-margin black-text no-padding\" style=\"font-weight:500 !important;;\">KALENDARZE I TERMINARZE<\/h1><p class=\"text-med black-text\" style=\"text-align: justify; margin-top: 22px; margin-bottom: 0px;\">Kalendarze i pami\u0119tniki to tradycyjnie najbardziej popularne prezenty dla partner\u00f3w i pracownik\u00f3w. W ramach naszych us\u0142ug tworzymy spersonalizowane niestandardowe terminarze i kalendarze wed\u0142ug w\u0142asnych upodoba\u0144.<\/p>\n<\/div><\/div><div class=\"wpb_column hcode-column-container  hidden-lg hidden-md col-xs-mobile-fullwidth col-sm-12 no-padding sm-padding-five-lr xs-padding-five-lr\"><div class=\"vc-column-innner-wrapper\"><div  class=\"cover-background  min-height-450 ramecek bg-image-srcset\" style=\"background-image:url(https:\/\/www.mpm-quality.cz\/wp-content\/uploads\/2018\/04\/kalendare_diare_3.jpg);min-height:600px;\" data-bg-srcset=\"https:\/\/www.mpm-quality.cz\/wp-content\/uploads\/2018\/04\/kalendare_diare_3.jpg 1920w, https:\/\/www.mpm-quality.cz\/wp-content\/uploads\/2018\/04\/kalendare_diare_3-300x200.jpg 300w, https:\/\/www.mpm-quality.cz\/wp-content\/uploads\/2018\/04\/kalendare_diare_3-768x512.jpg 768w, https:\/\/www.mpm-quality.cz\/wp-content\/uploads\/2018\/04\/kalendare_diare_3-1024x683.jpg 1024w, https:\/\/www.mpm-quality.cz\/wp-content\/uploads\/2018\/04\/kalendare_diare_3-81x54.jpg 81w\"><div class=\"img-border\"><\/div><\/div><div id=empen2 class=\"  \" ><\/div><\/div><\/div><\/div><\/div><\/section><section class=\"  sm-margin-top-20px xs-margin-top-20px no-padding sm-no-padding xs-no-padding\" ><div class=\"container-fluid\"><div class=\"row\"><div class=\"wpb_column hcode-column-container  col-lg-6 hidden-lg col-md-6 col-xs-mobile-fullwidth col-sm-12 text-center\" style=\" padding: 30px 5%;\"><div class=\"vc-column-innner-wrapper\"><h1 class=\"section-title  no-margin black-text no-padding\" style=\"font-weight:500 !important;;\">EMPEN<\/h1><p><span class=\"text-small black-text text-uppercase letter-spacing-3\">ARTYKU\u0141U BIUROWE<\/span><\/p>\n<p class=\"text-med black-text\" style=\"text-align: justify;\">Jeste\u015bmy producentem artyku\u0142\u00f3w biurowych EMPEN. Marka EMPEN znajduje si\u0119 w ofercie sklep\u00f3w i hurtowni artyku\u0142\u00f3w biurowych w Czechach, Polsce, na S\u0142owacji i na W\u0119grzech.<\/p>\n<p class=\"text-med black-text\" style=\"text-align: justify;\">Nasz asortyment obejmuje ponad 600 pozycji i nadal jest poszerzany.Pod mark\u0105 EMPEN mo\u017cna kupi\u0107 wszystko do wyposa\u017cenia biura od o\u0142\u00f3wka po kalkulator naukowy.<\/p>\n<p class=\"text-med black-text\" style=\"text-align: justify;\">Je\u015bli jeste\u015bcie Pa\u0144stwo zainteresowany dystrybucj\u0105 marki EMPEN, nie wahajcie si\u0119 skontaktowa\u0107 z naszym dzia\u0142em sprzeda\u017cy.<\/p>\n<a  href=\"https:\/\/www.mpm-reklama.cz\/pl\/kategorie\/empen-2\" target=\"_blank\" class=\"inner-link tlacitko_web highlight-button-dark btn-medium  button btn\"  style=\" margin: 0% 2% 0% 0%;\">E-shop<\/a><a  href=\"https:\/\/www.mpm-reklama.cz\/pl\/informace\/katalogi#empen\" target=\"_blank\" class=\"inner-link tlacitko_web highlight-button-dark btn-medium  button btn\" >Katalog<\/a><\/div><\/div><div class=\"wpb_column hcode-column-container  col-lg-6 col-md-6 hidden-md hidden-sm hidden-xs col-xs-mobile-fullwidth col-sm-12 text-center\" style=\" padding: 60px 5% 0px 5%;\"><div class=\"vc-column-innner-wrapper\"><h1 class=\"section-title  no-margin black-text no-padding\" style=\"font-weight:500 !important;;\">EMPEN<\/h1><p><span class=\"text-small black-text text-uppercase letter-spacing-3\">ARTYKU\u0141U BIUROWE<\/span><\/p>\n<p class=\"text-med black-text\" style=\"text-align: justify;\">Jeste\u015bmy producentem artyku\u0142\u00f3w biurowych EMPEN. Marka EMPEN znajduje si\u0119 w ofercie sklep\u00f3w i hurtowni artyku\u0142\u00f3w biurowych w Czechach, Polsce, na S\u0142owacji i na W\u0119grzech.<\/p>\n<p class=\"text-med black-text\" style=\"text-align: justify;\">Nasz asortyment obejmuje ponad 600 pozycji i nadal jest poszerzany.Pod mark\u0105 EMPEN mo\u017cna kupi\u0107 wszystko do wyposa\u017cenia biura od o\u0142\u00f3wka po kalkulator naukowy.<\/p>\n<p class=\"text-med black-text\" style=\"text-align: justify;\">Je\u015bli jeste\u015bcie Pa\u0144stwo zainteresowany dystrybucj\u0105 marki EMPEN, nie wahajcie si\u0119 skontaktowa\u0107 z naszym dzia\u0142em sprzeda\u017cy.<\/p>\n<a  href=\"https:\/\/www.mpm-reklama.cz\/pl\/kategorie\/empen-2\" target=\"_blank\" class=\"inner-link tlacitko_web highlight-button-dark btn-medium  button btn\"  style=\" margin: 0% 2% 0% 0%;\">E-shop<\/a><a  href=\"https:\/\/www.mpm-reklama.cz\/pl\/informace\/katalogi#empen\" target=\"_blank\" class=\"inner-link tlacitko_web highlight-button-dark btn-medium  button btn\" >Katalog<\/a><\/div><\/div><div class=\"wpb_column hcode-column-container  col-lg-6 col-md-6 col-xs-mobile-fullwidth col-sm-12 no-padding sm-padding-five-lr xs-padding-five-lr\"><div class=\"vc-column-innner-wrapper\"><div  class=\"cover-background  min-height-450 bg-image-srcset\" style=\"background-image:url(https:\/\/www.mpm-quality.cz\/wp-content\/uploads\/2018\/04\/empen_5.jpg);min-height:550px;\" data-bg-srcset=\"https:\/\/www.mpm-quality.cz\/wp-content\/uploads\/2018\/04\/empen_5.jpg 1920w, https:\/\/www.mpm-quality.cz\/wp-content\/uploads\/2018\/04\/empen_5-300x200.jpg 300w, https:\/\/www.mpm-quality.cz\/wp-content\/uploads\/2018\/04\/empen_5-768x512.jpg 768w, https:\/\/www.mpm-quality.cz\/wp-content\/uploads\/2018\/04\/empen_5-1024x683.jpg 1024w, https:\/\/www.mpm-quality.cz\/wp-content\/uploads\/2018\/04\/empen_5-81x54.jpg 81w\"><div class=\"img-border\"><\/div><\/div><\/div><\/div><\/div><\/div><\/section><section class=\"  no-padding\" ><div class=\"container-fluid\"><div class=\"row\"><div class=\"wpb_column hcode-column-container  hidden-lg hidden-md col-xs-mobile-fullwidth col-sm-12\"><div class=\"vc-column-innner-wrapper\">[vc_empty_space height=\"4rem\"]<\/div><\/div><\/div><\/div><\/section>","protected":false},"excerpt":{"rendered":"<p>MPM REKLAMA \u00a0\u00a0\u00a0\u00a0\u00a0|\u00a0 \u00a0 \u00a0\u00a0KALENDARZE I TERMINARZE \u00a0\u00a0\u00a0\u00a0\u00a0|\u00a0\u00a0\u00a0\u00a0\u00a0 EMPEN MPM REKLAMA \u00a0\u00a0\u00a0|\u00a0 \u00a0\u00a0KALENDARZE I TERMINARZE \u00a0\u00a0\u00a0|\u00a0\u00a0\u00a0 EMPEN [vc_empty_space height=&#8221;10px&#8221;] \u00a0E-SHOP MPM REKLAMA \u00a0\u00a0\u00a0\u00a0\u00a0\u00a0 \u00a0 \u00a0\u00a0 \u00a0E-SHOP EMPEN \u00a0E-SHOP\u00a0 \u00a0 \u00a0\u00a0 \u00a0E-SHOP Od 18 lat jeste\u015bmy agencj\u0105 reklamow\u0105. Upominki reklamowe s\u0105 nasz\u0105 pasj\u0105. Oferta gadzet\u00f3w reklamaowych wynosi ponad 3500 pozycji w magazynie. Opr\u00f3cz standardowych gad\u017cet\u00f3w proponujemy [&hellip;]<\/p>\n","protected":false},"author":3,"featured_media":0,"parent":0,"menu_order":0,"comment_status":"closed","ping_status":"closed","template":"","meta":{"footnotes":""},"_links":{"self":[{"href":"https:\/\/www.mpm-quality.cz\/pl\/wp-json\/wp\/v2\/pages\/20261"}],"collection":[{"href":"https:\/\/www.mpm-quality.cz\/pl\/wp-json\/wp\/v2\/pages"}],"about":[{"href":"https:\/\/www.mpm-quality.cz\/pl\/wp-json\/wp\/v2\/types\/page"}],"author":[{"embeddable":true,"href":"https:\/\/www.mpm-quality.cz\/pl\/wp-json\/wp\/v2\/users\/3"}],"replies":[{"embeddable":true,"href":"https:\/\/www.mpm-quality.cz\/pl\/wp-json\/wp\/v2\/comments?post=20261"}],"version-history":[{"count":11,"href":"https:\/\/www.mpm-quality.cz\/pl\/wp-json\/wp\/v2\/pages\/20261\/revisions"}],"predecessor-version":[{"id":21870,"href":"https:\/\/www.mpm-quality.cz\/pl\/wp-json\/wp\/v2\/pages\/20261\/revisions\/21870"}],"wp:attachment":[{"href":"https:\/\/www.mpm-quality.cz\/pl\/wp-json\/wp\/v2\/media?parent=20261"}],"curies":[{"name":"wp","href":"https:\/\/api.w.org\/{rel}","templated":true}]}}