{"id":20648,"date":"2018-05-29T08:35:58","date_gmt":"2018-05-29T06:35:58","guid":{"rendered":"https:\/\/www.mpm-quality.cz\/?page_id=20648"},"modified":"2018-06-25T09:35:45","modified_gmt":"2018-06-25T07:35:45","slug":"ochrona-danych-osobowych","status":"publish","type":"page","link":"https:\/\/www.mpm-quality.cz\/pl\/ochrona-danych-osobowych\/","title":{"rendered":"Ochrona danych osobowych"},"content":{"rendered":"<section class=\" vc_custom_1527242248442  no-padding\" ><div class=\"container\"><div class=\"row\"><div class=\"wpb_column hcode-column-container  gdpr col-xs-mobile-fullwidth col-sm-12\"><div class=\"vc-column-innner-wrapper\"><p style=\"text-align: justify; margin-bottom: 0px;\">Szanowni Pa\u0144stwo,<\/p>\n<p style=\"text-align: justify;\">w zwi\u0105zku z tym, \u017ce od 25 maja 2018 r. zastosowanie znajdzie Rozporz\u0105dzenie Parlamentu Europejskiego i Rady (UE) 2016\/679 z dnia 27 kwietnia 2016 r. w sprawie ochrony os\u00f3b fizycznych w zwi\u0105zku z przetwarzaniem danych osobowych i w sprawie swobodnego przep\u0142ywu takich danych oraz uchylenia dyrektywy 95\/46\/WE (og\u00f3lne rozporz\u0105dzenie o ochronie danych), zwane te\u017c dalej: RODO, niniejszym przekazujemy informacje dotycz\u0105ce Pa\u0144stwa danych osobowych, kt\u00f3re przetwarzamy. Zaznaczamy, \u017ce niniejsz\u0105 informacj\u0119 przekazujemy jedynie w celach informacyjnych. Nie jest wymagane od Pani\/Pana \u017cadne dzia\u0142anie lub kontakt z nami.<\/p>\n<h2 style=\"text-transform: none;\">I. Administrator danych osobowych<\/h2>\n<p style=\"text-align: justify;\">Administratorem Pani\/Pana danych osobowych (zwanym te\u017c dalej:\u00a0Administratorem) jest:<\/p>\n<p><strong>MPM-QUALITY Sp. z o. o.<\/strong><br \/>\nUl. Karpacka 24, 43-300 Bielsko-Bia\u0142a,<br \/>\nwpisany do Centralnej Ewidencji i Informacji o Dzia\u0142alno\u015bci Gospodarczej<br \/>\nprowadzonej przez Ministra Gospodarki, NIP: 547-19-71-970, REGON: 072851710<br \/>\nemail: <a href=\"mailto:biznes@mpm-quality.com\"><strong>biznes@mpm-quality.com<\/strong><\/a><br \/>\ntelefon: <strong>33 822-70-08<\/strong><\/p>\n<h2 style=\"text-transform: none;\">II. Informacja o pozyskaniu danych<\/h2>\n<p style=\"text-align: justify;\">Przetwarzane przez nas Pani\/Pana dane osobowe otrzymali\u015bmy od Pani\/Pana\u00a0dobrowolnie podczas zak\u0142adania konta, zapisaniu si\u0119 do newslettera, dokonania wpisu na naszej stronie b\u0105d\u017a w zwi\u0105zku z innymi dzia\u0142aniami dokonywanymi przez Pani\u0105\/Pana na naszej stronie (np. zakupem towar\u00f3w).<\/p>\n<h2 style=\"text-transform: none;\">III. Cele i podstawa prawna przetwarzania<\/h2>\n<p style=\"text-align: justify;\">Pani\/Pana dane osobowe w postaci: imienia i nazwiska, adresu zamieszkania,\u00a0adresu e-mail, nr telefonu mo\u017cemy przetwarza\u0107:<\/p>\n<ol style=\"margin-top: 0px;\">\n<li>na podstawie odr\u0119bnej zgody, tj. na podstawie art. 6 ust. 1 lit. a RODO,\u00a0w celu:\n<ul style=\"list-style-type: lower-alpha; margin-bottom: 0px;\">\n<li>umo\u017cliwienia Pani\/Panu pe\u0142nego korzystania ze wszystkich\u00a0mo\u017cliwo\u015bci naszej strony internetowej za po\u015brednictwem zarejestrowanego konta,<\/li>\n<li>umo\u017cliwienia Pani\/Panu kontaktu z naszym sklepem za pomoc\u0105\u00a0formularza kontaktowego b\u0105d\u017a inn\u0105 dost\u0119pn\u0105 na naszej stronie form\u0105 kontaktu,<\/li>\n<li>obs\u0142ugi newslettera,<\/li>\n<li>wpis\u00f3w dotycz\u0105cych oferowanych towar\u00f3w (np. recenzji towaru)<\/li>\n<\/ul>\n<\/li>\n<li>na podstawie art. 6 ust. 1 lit. b RODO w celu podj\u0119cia dzia\u0142a\u0144 przed\u00a0zawarciem umowy na \u017c\u0105danie osoby, kt\u00f3rej dane dotycz\u0105 lub wykonania umowy, kt\u00f3rej stron\u0105 jest ta osoba,<\/li>\n<li>na podstawie art. 6 ust. 1 lit. c RODO w celu wype\u0142nienia obowi\u0105zku\u00a0prawnego ci\u0105\u017c\u0105cego na Administratorze.<\/li>\n<\/ol>\n<h2 style=\"text-transform: none;\">IV. Odbiorcy danych<\/h2>\n<p style=\"text-align: justify;\">Pani\/Pana dane osobowe mo\u017cemy udost\u0119pnia\u0107 nast\u0119puj\u0105cym kategoriom\u00a0podmiot\u00f3w: firmom ksi\u0119gowym, firmom kurierskim i firmom obs\u0142uguj\u0105cym system p\u0142atno\u015bci elektronicznej Takie podmioty przetwarzaj\u0105 dane na podstawie umowy z nami i tylko zgodnie z naszymi poleceniami. Nie przekazujemy Twoich danych poza teren Polski\/UE\/Europejskiego Obszaru Gospodarczego.<\/p>\n<h2 style=\"text-transform: none;\">V. Okres przechowywania danych<\/h2>\n<ol>\n<li>Dane osobowe przetwarzane w celu zawarcia lub wykonania umowy oraz\u00a0wype\u0142nienia obowi\u0105zku prawnego Administratora b\u0119d\u0105 przechowywane przez okres obowi\u0105zywania umowy, a po jego up\u0142ywie przez okres niezb\u0119dny do:\n<ol style=\"list-style-type: none;\">\n<li>1) posprzeda\u017cowej obs\u0142ugi klient\u00f3w (np. obs\u0142ugi reklamacji),<\/li>\n<li>2) zabezpieczenia lub dochodzenia ewentualnych roszcze\u0144\u00a0przys\u0142uguj\u0105cych Administratorowi,<\/li>\n<li>3) wype\u0142nienia obowi\u0105zku prawnego Administratora (wynikaj\u0105cego np. z\u00a0przepis\u00f3w podatkowych lub rachunkowych).<\/li>\n<\/ol>\n<\/li>\n<li>Dane osobowe przetwarzane na podstawie odr\u0119bnej zgody b\u0119d\u0105\u00a0przechowywane do czasu jej odwo\u0142ania.<\/li>\n<\/ol>\n<h2 style=\"text-transform: none;\">VI. Prawa osoby, kt\u00f3rej dotycz\u0105 przetwarzane dane osobowe<\/h2>\n<p style=\"text-align: justify;\">Przys\u0142uguje Pani\/Panu prawo dost\u0119pu do swoich danych oraz otrzymania ich kopii, prawo do sprostowania (poprawiania) swoich danych, prawo do usuni\u0119cia danych (je\u017celi Pani\/Pana zdaniem nie ma podstaw do tego, aby\u015bmy przetwarzali Pani\/Pana dane, mo\u017ce Pani\/Pan za\u017c\u0105da\u0107, aby\u015bmy je usun\u0119li), prawo do ograniczenia przetwarzania danych (mo\u017ce Pani\/Pan za\u017c\u0105da\u0107, aby\u015bmy ograniczyli przetwarzanie Pani\/Pana danych osobowych wy\u0142\u0105cznie do ich przechowywania lub wykonywania uzgodnionych z Pani\u0105\/Panem dzia\u0142a\u0144, je\u017celi Pani\/Pana zdaniem mamy nieprawid\u0142owe dane na Pani\/Pana temat lub przetwarzamy je bezpodstawnie), prawo do wniesienia sprzeciwu wobec przetwarzania danych, prawo do przenoszenia danych, prawo do wniesienia skargi do organu nadzorczego (Generalnego Inspektora Ochrony Danych Osobowych, ul. Stawki 2, 00-193 Warszawa) oraz prawo do cofni\u0119cia zgody na przetwarzanie danych osobowych (ma Pani\/Pan prawo cofni\u0119cia zgody na przetwarzanie danych w dowolnym momencie; cofni\u0119cie zgody nie ma wp\u0142ywu na zgodno\u015b\u0107 z prawem przetwarzania, kt\u00f3rego dokonano na podstawie Pani\/Pana zgody przed jej cofni\u0119ciem).<\/p>\n<p style=\"text-align: justify;\">Ww. prawa mo\u017cna zrealizowa\u0107 poprzez kontakt z nami pod adresem email:\u00a0<a href=\"mailto:biznes@mpm-quality.com\"><strong>biznes@mpm-quality.com<\/strong><\/a>, pod numerem telefonu: <strong>33 822-70-08<\/strong> lub w naszej siedzibie.<\/p>\n<\/div><\/div><\/div><\/div><\/section>","protected":false},"excerpt":{"rendered":"<p>Szanowni Pa\u0144stwo, w zwi\u0105zku z tym, \u017ce od 25 maja 2018 r. zastosowanie znajdzie Rozporz\u0105dzenie Parlamentu Europejskiego i Rady (UE) 2016\/679 z dnia 27 kwietnia 2016 r. w sprawie ochrony os\u00f3b fizycznych w zwi\u0105zku z przetwarzaniem danych osobowych i w sprawie swobodnego przep\u0142ywu takich danych oraz uchylenia dyrektywy 95\/46\/WE (og\u00f3lne rozporz\u0105dzenie o ochronie danych), zwane [&hellip;]<\/p>\n","protected":false},"author":3,"featured_media":0,"parent":0,"menu_order":0,"comment_status":"closed","ping_status":"closed","template":"","meta":{"footnotes":""},"_links":{"self":[{"href":"https:\/\/www.mpm-quality.cz\/pl\/wp-json\/wp\/v2\/pages\/20648"}],"collection":[{"href":"https:\/\/www.mpm-quality.cz\/pl\/wp-json\/wp\/v2\/pages"}],"about":[{"href":"https:\/\/www.mpm-quality.cz\/pl\/wp-json\/wp\/v2\/types\/page"}],"author":[{"embeddable":true,"href":"https:\/\/www.mpm-quality.cz\/pl\/wp-json\/wp\/v2\/users\/3"}],"replies":[{"embeddable":true,"href":"https:\/\/www.mpm-quality.cz\/pl\/wp-json\/wp\/v2\/comments?post=20648"}],"version-history":[{"count":18,"href":"https:\/\/www.mpm-quality.cz\/pl\/wp-json\/wp\/v2\/pages\/20648\/revisions"}],"predecessor-version":[{"id":21061,"href":"https:\/\/www.mpm-quality.cz\/pl\/wp-json\/wp\/v2\/pages\/20648\/revisions\/21061"}],"wp:attachment":[{"href":"https:\/\/www.mpm-quality.cz\/pl\/wp-json\/wp\/v2\/media?parent=20648"}],"curies":[{"name":"wp","href":"https:\/\/api.w.org\/{rel}","templated":true}]}}