{"id":20013,"date":"2018-05-15T08:01:45","date_gmt":"2018-05-15T07:01:45","guid":{"rendered":"https:\/\/beta.mpm-quality.cz\/?page_id=20013"},"modified":"2018-05-31T14:44:01","modified_gmt":"2018-05-31T12:44:01","slug":"projekty","status":"publish","type":"page","link":"https:\/\/www.mpm-quality.cz\/sk\/projekty\/","title":{"rendered":"Projekty"},"content":{"rendered":"<section class=\"  no-padding sm-no-padding xs-no-padding\" ><div class=\"container\"><div class=\"row\"><div class=\"wpb_column hcode-column-container  hidden-xs col-xs-mobile-fullwidth col-sm-12\"><div class=\"vc-column-innner-wrapper\">[vc_empty_space height=\"3rem\"]<\/div><\/div><\/div><\/div><\/section><section class=\"  no-padding sm-no-padding xs-no-padding\" ><div class=\"container\"><div class=\"row\"><div class=\"wpb_column hcode-column-container  hidden-lg hidden-md hidden-sm col-xs-mobile-fullwidth col-sm-12\"><div class=\"vc-column-innner-wrapper\">[vc_empty_space height=\"4rem\"]<\/div><\/div><\/div><\/div><\/section><section class=\"  row-equal-height row-content-middle no-padding sm-no-padding xs-no-padding\" ><div class=\"container\"><div class=\"row\"><div class=\"wpb_column hcode-column-container  col-lg-offset-1 col-lg-5 col-md-6 hidden-sm hidden-xs col-xs-mobile-fullwidth col-sm-12\"><div class=\"vc-column-innner-wrapper\"><h1 class=\"section-title  black-text no-padding\" style=\"font-weight:500 !important;;\">MPM - QUALITY v. o. s.<\/h1><\/div><\/div><div class=\"wpb_column hcode-column-container  col-lg-5 col-md-6 hidden-sm hidden-xs col-xs-mobile-fullwidth col-sm-12 text-right\"><div class=\"vc-column-innner-wrapper\">[vc_single_image image=\"20774\" img_size=\"full\" alignment=\"right\"]<\/div><\/div><\/div><\/div><\/section><section class=\"  row-equal-height row-content-middle no-padding sm-no-padding xs-no-padding\" ><div class=\"container\"><div class=\"row\"><div class=\"wpb_column hcode-column-container  col-lg-offset-1 col-lg-5 hidden-lg col-md-6 hidden-md hidden-xs col-xs-mobile-fullwidth col-sm-6 text-center\"><div class=\"vc-column-innner-wrapper\"><h1 class=\"section-title  black-text no-padding\" style=\" margin: 0 0 22px 0;font-size:27px !important;font-weight:500 !important;;\">MPM - QUALITY v. o. s.<\/h1><\/div><\/div><div class=\"wpb_column hcode-column-container  col-lg-offset-1 col-lg-5 hidden-lg col-md-6 hidden-md hidden-sm col-xs-mobile-fullwidth col-sm-6 text-center\"><div class=\"vc-column-innner-wrapper\"><h1 class=\"section-title  black-text no-padding\" style=\" margin: 0 0 22px 0;font-weight:500 !important;;\">MPM - QUALITY v. o. s.<\/h1><\/div><\/div><div class=\"wpb_column hcode-column-container  col-lg-5 hidden-lg col-md-6 hidden-md col-xs-mobile-fullwidth col-sm-6 text-center\"><div class=\"vc-column-innner-wrapper\">[vc_single_image image=\"20774\" img_size=\"full\" alignment=\"center\" css=\".vc_custom_1527770637455{margin-bottom: 30px !important;}\"]<\/div><\/div><\/div><\/div><\/section><section class=\"  no-padding sm-no-padding xs-no-padding\" ><div class=\"container\"><div class=\"row\"><div class=\"wpb_column hcode-column-container  hidden-sm hidden-xs col-xs-mobile-fullwidth col-sm-12\"><div class=\"vc-column-innner-wrapper\">[vc_empty_space height=\"2rem\"]<\/div><\/div><\/div><\/div><\/section><section class=\" vc_custom_1524656849641  no-padding sm-no-padding xs-no-padding\" ><div class=\"container\"><div class=\"row\"><div class=\"wpb_column hcode-column-container  col-lg-10 col-md-12 col-xs-mobile-fullwidth col-sm-12 center-col\"><div class=\"vc-column-innner-wrapper\"><p class=\"text-med black-text\" style=\"text-align: justify; font-size: 15px;\">Spolo\u010dnos\u0165 MPM \u2013 QUALITY v. o. s. od 1. 2. 2017 do 30. 6. 2018 realizuje projekt s \u010d\u00edslom CZ.03.1.52\/0.0\/0.0\/16_043\/0004267 a n\u00e1zvom Realiz\u00e1cia vzdel\u00e1vac\u00edch kurzov pre zamestnancov MPM - QUALITY, v. o. s.<\/p>\n<p class=\"text-med black-text\" style=\"text-align: justify; font-size: 15px;\">Projekt si kladie za cie\u013e zv\u00fd\u0161i\u0165 schopnosti a odborn\u00fa \u00farove\u0148 zamestnancov.<\/p>\n<p class=\"text-med black-text\" style=\"text-align: justify; font-size: 15px;\">Prostredn\u00edctvom podnikov\u00e9ho vzdel\u00e1vania realizovan\u00e9ho v r\u00e1mci projektu chce firma MPM - QUALITY, v. o. s. Zv\u00fd\u0161i\u0165 odbornos\u0165 svojich zamestnancov, a t\u00fdm skvalitni\u0165 \u00farove\u0148 pon\u00fakan\u00fdch slu\u017eieb.<\/p>\n<p class=\"text-med black-text\" style=\"text-align: justify; font-size: 15px;\">Pre zamestnancov je pripraven\u00fd ucelen\u00fd syst\u00e9m vzdel\u00e1vac\u00edch aktiv\u00edt, ktor\u00fdch cie\u013eom je zv\u00fd\u0161i\u0165 \u00farove\u0148 znalost\u00ed a zru\u010dnost\u00ed zamestnancov a zabezpe\u010di\u0165 dodr\u017eiavanie ich kvalifik\u00e1ci\u00ed a kompetenci\u00ed s po\u017eiadavkami na vykon\u00e1vanej pracovnej \u010dinnosti.<\/p>\n<p class=\"text-med black-text\" style=\"text-align: justify; font-size: 15px;\">Projekt je financovan\u00fd Eur\u00f3pskou \u00faniou cez Opera\u010dn\u00fd program Zamestnanos\u0165.<\/p>\n<hr \/>\n<p class=\"text-med black-text\" style=\"text-align: justify; font-size: 15px;\">V r\u00e1mci projektu s n\u00e1zvom Realiz\u00e1cia vzdel\u00e1vac\u00edch kurzov pre zamestnancov MPM - QUALITY, v. o. s. Boli pre\u0161kolen\u00ed u\u017e v\u0161etci \u00fa\u010dastn\u00edci a to vo v\u0161etk\u00fdch pl\u00e1novan\u00fdch aktivit\u00e1ch (po\u010d\u00edta\u010dov\u00e9 kurzy, kurzy m\u00e4kk\u00fdch mana\u017e\u00e9rskych zru\u010dnost\u00ed, odborn\u00e9 technick\u00e9 kurzy a kurzy \u00fa\u010dtovn\u00e9, ekonomick\u00e9 a pr\u00e1vne).<\/p>\n<p class=\"text-med black-text\" style=\"text-align: justify; font-size: 15px; margin-bottom: 0px;\">V\u010faka vhodne zvolen\u00fdch kurzov a starostliv\u00e9mu v\u00fdberu lektorov bolo dosiahnut\u00e9 ve\u013emi kvalitnej v\u00fdu\u010dby a \u00fa\u010dastn\u00edci z\u00edskali mnoho nov\u00fdch poznatkov, ktor\u00e9 u\u017e teraz vyu\u017e\u00edvaj\u00fa vo svojej praxi.<\/p>\n<hr \/>\n<\/div><\/div><\/div><\/div><\/section>\r\n","protected":false},"excerpt":{"rendered":"<p>[vc_empty_space height=&#8220;3rem&#8220;][vc_empty_space height=&#8220;4rem&#8220;]MPM &#8211; QUALITY v. o. s.[vc_single_image image=&#8220;20774&#8243; img_size=&#8220;full&#8220; alignment=&#8220;right&#8220;]MPM &#8211; QUALITY v. o. s.MPM &#8211; QUALITY v. o. s.[vc_single_image image=&#8220;20774&#8243; img_size=&#8220;full&#8220; alignment=&#8220;center&#8220; css=&#8220;.vc_custom_1527770637455{margin-bottom: 30px !important;}&#8220;][vc_empty_space height=&#8220;2rem&#8220;]Spolo\u010dnos\u0165 MPM \u2013 QUALITY v. o. s. od 1. 2. 2017 do 30. 6. 2018 realizuje projekt s \u010d\u00edslom CZ.03.1.52\/0.0\/0.0\/16_043\/0004267 a n\u00e1zvom Realiz\u00e1cia vzdel\u00e1vac\u00edch kurzov pre zamestnancov MPM [&hellip;]<\/p>\n","protected":false},"author":3,"featured_media":0,"parent":0,"menu_order":0,"comment_status":"closed","ping_status":"closed","template":"","meta":{"footnotes":""},"_links":{"self":[{"href":"https:\/\/www.mpm-quality.cz\/sk\/wp-json\/wp\/v2\/pages\/20013"}],"collection":[{"href":"https:\/\/www.mpm-quality.cz\/sk\/wp-json\/wp\/v2\/pages"}],"about":[{"href":"https:\/\/www.mpm-quality.cz\/sk\/wp-json\/wp\/v2\/types\/page"}],"author":[{"embeddable":true,"href":"https:\/\/www.mpm-quality.cz\/sk\/wp-json\/wp\/v2\/users\/3"}],"replies":[{"embeddable":true,"href":"https:\/\/www.mpm-quality.cz\/sk\/wp-json\/wp\/v2\/comments?post=20013"}],"version-history":[{"count":8,"href":"https:\/\/www.mpm-quality.cz\/sk\/wp-json\/wp\/v2\/pages\/20013\/revisions"}],"predecessor-version":[{"id":20775,"href":"https:\/\/www.mpm-quality.cz\/sk\/wp-json\/wp\/v2\/pages\/20013\/revisions\/20775"}],"wp:attachment":[{"href":"https:\/\/www.mpm-quality.cz\/sk\/wp-json\/wp\/v2\/media?parent=20013"}],"curies":[{"name":"wp","href":"https:\/\/api.w.org\/{rel}","templated":true}]}}