{"id":20121,"date":"2018-05-16T12:30:16","date_gmt":"2018-05-16T11:30:16","guid":{"rendered":"https:\/\/beta.mpm-quality.cz\/?page_id=20121"},"modified":"2025-01-06T15:43:02","modified_gmt":"2025-01-06T13:43:02","slug":"stroje-a-materialy","status":"publish","type":"page","link":"https:\/\/www.mpm-quality.cz\/sk\/stroje-a-materialy\/","title":{"rendered":"Stroje a materi\u00e1ly"},"content":{"rendered":"<section class=\"  padding-one-tb\"  style=\"  \"><div class=\"container-fluid\"><div class=\"row\"><div id=\"sunward\" class=\"wpb_column hcode-column-container  hidden-sm hidden-xs col-xs-mobile-fullwidth col-sm-12 text-center center-col\"><div class=\"vc-column-innner-wrapper\"><div  class=\" menu-kategorie2  \" ><div class=\"letter-spacing-2\">\n<p><a href=\"\/sk\/stroje-a-materialy\/#sunward\">SUNWARD<\/a> \u00a0\u00a0\u00a0\u00a0\u00a0|\u00a0\u00a0\u00a0\u00a0 <a href=\"\/sk\/stroje-a-materialy\/#mozaika\">MOZAIKA<\/a><\/p>\n<\/div><\/div><\/div><\/div><\/div><\/section><section class=\"  no-padding\"  style=\"  \"><div class=\"container-fluid\"><div class=\"row\"><div id=\"sunward2\" class=\"wpb_column hcode-column-container  hidden-lg hidden-md col-xs-mobile-fullwidth col-sm-12 text-center center-col\"><div class=\"vc-column-innner-wrapper\"><div  class=\" menu-kategorie2  \" ><div class=\"letter-spacing-2\"><a href=\"\/sk\/stroje-a-materialy\/#sunward2\">SUNWARD<\/a>\u00a0 \u00a0 |\u00a0 \u00a0<a href=\"\/sk\/stroje-a-materialy\/#mozaika2\">MOZAIKA<\/a><\/div>\n<\/div><\/div><\/div><\/div><\/div><\/section><section class=\"  sm-margin-top-20px xs-margin-top-20px no-padding sm-no-padding xs-no-padding\"  style=\"  \"><div class=\"container-fluid\"><div class=\"row\"><div class=\"wpb_column hcode-column-container  col-lg-5 col-md-6 hidden-sm hidden-xs col-xs-mobile-fullwidth col-sm-12 text-center\" style=\" padding: 70px 5% 0px 5%;\"><div class=\"vc-column-innner-wrapper\"><h1 class=\"section-title  no-margin black-text no-padding\" style=\"font-weight:500 !important;;\">SUNWARD<\/h1><p><span class=\"text-small black-text text-uppercase letter-spacing-3\">PREDAJ, SERVIS A PO\u017dI\u010cOV\u0147A STAVEBN\u00ddCH STROJOV<\/span><\/p>\n<p class=\"text-med black-text\" style=\"text-align: justify;\">Spolo\u010dnos\u0165 MPM-QUALITY, a. s. je v\u00fdhradn\u00fdm dovozcom a distrib\u00fatorom stavebnej a zemnej techniky zna\u010dky Sunward. Pre svojich z\u00e1kazn\u00edkov zais\u0165ujeme kompletn\u00e9 slu\u017eby v oblasti predaja strojov a n\u00e1hradn\u00fdch dielov, z\u00e1ru\u010dn\u00e9ho a poz\u00e1ru\u010dn\u00e9ho servisu a odborn\u00e9ho technick\u00e9ho poradenstva. Dod\u00e1vky strojov a zariaden\u00ed s\u00fa podporovan\u00e9 vynikaj\u00facim pomerom kvality a ceny.<\/p>\n<p style=\"margin-bottom: 0px;\"><a class=\"inner-link tlacitko_web highlight-button-dark btn-medium button btn\" href=\"http:\/\/www.sunward.cz\/\" target=\"_blank\" rel=\"noopener\">Nav\u0161t\u00edvi\u0165 web<\/a><\/p>\n<div id=mozaika class=\"  \" ><\/div><\/div><\/div><div class=\"wpb_column hcode-column-container  col-lg-5 hidden-lg col-md-6 hidden-md col-xs-mobile-fullwidth col-sm-12 text-center\" style=\" padding: 30px 5%;\"><div class=\"vc-column-innner-wrapper\"><h1 class=\"section-title  no-margin black-text no-padding\" style=\"font-weight:500 !important;;\">SUNWARD<\/h1><p><span class=\"text-small black-text text-uppercase letter-spacing-3\">PREDAJ, SERVIS A PO\u017dI\u010cOV\u0147A STAVEBN\u00ddCH STROJOV<\/span><\/p>\n<p class=\"text-med black-text\" style=\"text-align: justify;\">Spolo\u010dnos\u0165 MPM-QUALITY, v. o. s. je v\u00fdhradn\u00fdm dovozcom a distrib\u00fatorom stavebnej a zemnej techniky zna\u010dky Sunward. Pre svojich z\u00e1kazn\u00edkov zais\u0165ujeme kompletn\u00e9 slu\u017eby v oblasti predaja strojov a n\u00e1hradn\u00fdch dielov, z\u00e1ru\u010dn\u00e9ho a poz\u00e1ru\u010dn\u00e9ho servisu a odborn\u00e9ho technick\u00e9ho poradenstva. Dod\u00e1vky strojov a zariaden\u00ed s\u00fa podporovan\u00e9 vynikaj\u00facim pomerom kvality a ceny.<\/p>\n<p style=\"margin-bottom: 0px;\"><a class=\"inner-link tlacitko_web highlight-button-dark btn-medium button btn\" href=\"http:\/\/www.sunward.cz\/\" target=\"_blank\" rel=\"noopener\">Nav\u0161t\u00edvi\u0165 web<\/a><\/p>\n<\/div><\/div><div class=\"wpb_column hcode-column-container  col-lg-7 col-md-6 col-xs-mobile-fullwidth col-sm-12 no-padding sm-padding-five-lr xs-padding-five-lr\"><div class=\"vc-column-innner-wrapper\"><div  class=\"cover-background  min-height-450 bg-image-srcset\" style=\"background-image:url(https:\/\/www.mpm-quality.cz\/wp-content\/uploads\/2018\/04\/stroje_materialy.jpg);min-height:500px;\" data-bg-srcset=\"https:\/\/www.mpm-quality.cz\/wp-content\/uploads\/2018\/04\/stroje_materialy.jpg 1920w, https:\/\/www.mpm-quality.cz\/wp-content\/uploads\/2018\/04\/stroje_materialy-300x200.jpg 300w, https:\/\/www.mpm-quality.cz\/wp-content\/uploads\/2018\/04\/stroje_materialy-768x512.jpg 768w, https:\/\/www.mpm-quality.cz\/wp-content\/uploads\/2018\/04\/stroje_materialy-1024x683.jpg 1024w, https:\/\/www.mpm-quality.cz\/wp-content\/uploads\/2018\/04\/stroje_materialy-81x54.jpg 81w\"><div class=\"img-border\"><\/div><\/div><div id=mozaika2 class=\"  \" ><\/div><\/div><\/div><\/div><\/div><\/section><section class=\"  sm-margin-top-20px xs-margin-top-20px no-padding sm-no-padding xs-no-padding\"  style=\"  \"><div class=\"container-fluid\"><div class=\"row\"><div class=\"wpb_column hcode-column-container  col-lg-7 col-md-6 hidden-sm hidden-xs col-xs-mobile-fullwidth col-sm-12 no-padding\"><div class=\"vc-column-innner-wrapper\"><div  class=\"cover-background  min-height-450 bg-image-srcset\" style=\"background-image:url(https:\/\/www.mpm-quality.cz\/wp-content\/uploads\/2023\/12\/L1390598-min-e1702537540375.webp);min-height:550px;\" data-bg-srcset=\"https:\/\/www.mpm-quality.cz\/wp-content\/uploads\/2023\/12\/L1390598-min-e1702537540375.webp 950w, https:\/\/www.mpm-quality.cz\/wp-content\/uploads\/2023\/12\/L1390598-min-e1702537540375-300x200.webp 300w, https:\/\/www.mpm-quality.cz\/wp-content\/uploads\/2023\/12\/L1390598-min-e1702537540375-768x513.webp 768w, https:\/\/www.mpm-quality.cz\/wp-content\/uploads\/2023\/12\/L1390598-min-e1702537540375-81x54.webp 81w\"><div class=\"img-border\"><\/div><\/div><div id=lenix_laser class=\"  \" ><\/div><\/div><\/div><div class=\"wpb_column hcode-column-container  col-lg-5 col-md-6 hidden-md hidden-sm hidden-xs col-xs-mobile-fullwidth col-sm-12 text-center\" style=\" padding: 60px 5% 0px 5%;\"><div class=\"vc-column-innner-wrapper\"><h1 class=\"section-title  no-margin black-text no-padding\" style=\"font-weight:500 !important;;\">MOZAIKA<\/h1><p><span class=\"text-small black-text text-uppercase letter-spacing-3\">DIV\u00cdZIA STAVEBN\u00ddCH MATERI\u00c1LOV<\/span><\/p>\n<p class=\"text-med black-text\" style=\"text-align: justify;\">Spolo\u010dnos\u0165 MPM-QUALITY, a. s. zalo\u017een\u00e1 v roku 1993 sa postupne presadila v mnoh\u00fdch oboroch exportu, importu, v\u00fdroby a distrib\u00facie tovaru. V r\u00e1mci rozvoja obchodnej siete sa stala okrem in\u00e9ho dovozcom ve\u013ekej \u0161k\u00e1ly stavebn\u00fdch materi\u00e1lov, predov\u0161etk\u00fdm pr\u00edrodn\u00e9ho kame\u0148a, bridlice, mramoru a \u010fal\u0161\u00edch komod\u00edt.<\/p>\n<p class=\"text-med black-text\" style=\"text-align: justify;\">\u010ealej sme z\u00edskali zast\u00fapenie predaja sklenen\u00fdch moza\u00edk v konkuren\u010dn\u00fdch cen\u00e1ch i kvalite, vr\u00e1tane \u0161tandardn\u00fdch dodac\u00edch leh\u00f4t a vysok\u00e9 skladov\u00e9 z\u00e1soby. Tieto materi\u00e1ly sa st\u00e1vaj\u00fa st\u00e1le viac popul\u00e1rnymi a na\u0161e sk\u00fasenosti s ich aplik\u00e1ciou s\u00fa na vysokej \u00farovni.<\/p>\n<p style=\"margin-bottom: 0px;\"><a class=\"inner-link tlacitko_web highlight-button-dark btn-medium button btn\" href=\"http:\/\/www.mozaika-mpm.cz\/\" target=\"_blank\" rel=\"noopener\">Nav\u0161t\u00edvi\u0165 web<\/a><\/p>\n<\/div><\/div><div class=\"wpb_column hcode-column-container  col-lg-5 hidden-lg col-md-6 col-xs-mobile-fullwidth col-sm-12 text-center\" style=\" padding: 30px 5%;\"><div class=\"vc-column-innner-wrapper\"><h1 class=\"section-title  no-margin black-text no-padding\" style=\"font-weight:500 !important;;\">MOZAIKA<\/h1><p><span class=\"text-small black-text text-uppercase letter-spacing-3\">DIV\u00cdZIA STAVEBN\u00ddCH MATERI\u00c1LOV<\/span><\/p>\n<p class=\"text-med black-text\" style=\"text-align: justify;\">Spolo\u010dnos\u0165 MPM-QUALITY, v. o. s. zalo\u017een\u00e1 v roku 1993 sa postupne presadila v mnoh\u00fdch oboroch exportu, importu, v\u00fdroby a distrib\u00facie tovaru. V r\u00e1mci rozvoja obchodnej siete sa stala okrem in\u00e9ho dovozcom ve\u013ekej \u0161k\u00e1ly stavebn\u00fdch materi\u00e1lov, predov\u0161etk\u00fdm pr\u00edrodn\u00e9ho kame\u0148a, bridlice, mramoru a \u010fal\u0161\u00edch komod\u00edt.<\/p>\n<p class=\"text-med black-text\" style=\"text-align: justify;\">\u010ealej sme z\u00edskali zast\u00fapenie predaja sklenen\u00fdch moza\u00edk v konkuren\u010dn\u00fdch cen\u00e1ch i kvalite, vr\u00e1tane \u0161tandardn\u00fdch dodac\u00edch leh\u00f4t a vysok\u00e9 skladov\u00e9 z\u00e1soby. Tieto materi\u00e1ly sa st\u00e1vaj\u00fa st\u00e1le viac popul\u00e1rnymi a na\u0161e sk\u00fasenosti s ich aplik\u00e1ciou s\u00fa na vysokej \u00farovni.<\/p>\n<p style=\"margin-bottom: 0px;\"><a class=\"inner-link tlacitko_web highlight-button-dark btn-medium button btn\" href=\"http:\/\/www.mozaika-mpm.cz\/\" target=\"_blank\" rel=\"noopener\">Nav\u0161t\u00edvi\u0165 web<\/a><\/p>\n<\/div><\/div><div class=\"wpb_column hcode-column-container  hidden-lg hidden-md col-xs-mobile-fullwidth col-sm-12 no-padding sm-padding-five-lr xs-padding-five-lr\"><div class=\"vc-column-innner-wrapper\"><div  class=\"cover-background  min-height-450 ramecek bg-image-srcset\" style=\"background-image:url(https:\/\/www.mpm-quality.cz\/wp-content\/uploads\/2018\/03\/mozaika.jpg);min-height:550px;\" data-bg-srcset=\"https:\/\/www.mpm-quality.cz\/wp-content\/uploads\/2018\/03\/mozaika.jpg 950w, https:\/\/www.mpm-quality.cz\/wp-content\/uploads\/2018\/03\/mozaika-300x200.jpg 300w, https:\/\/www.mpm-quality.cz\/wp-content\/uploads\/2018\/03\/mozaika-768x512.jpg 768w, https:\/\/www.mpm-quality.cz\/wp-content\/uploads\/2018\/03\/mozaika-81x54.jpg 81w\"><div class=\"img-border\"><\/div><\/div><div id=lenix_laser2 class=\"  \" ><\/div><\/div><\/div><\/div><\/div><\/section><section class=\"  no-padding\" ><div class=\"container-fluid\"><div class=\"row\"><div class=\"wpb_column hcode-column-container  hidden-lg hidden-md col-xs-mobile-fullwidth col-sm-12\"><div class=\"vc-column-innner-wrapper\">[vc_empty_space height=\"4rem\"]<\/div><\/div><\/div><\/div><\/section><section  ><div class=\"container\"><div class=\"row\"><div class=\"wpb_column hcode-column-container  col-xs-mobile-fullwidth\"><div class=\"vc-column-innner-wrapper\"><\/div>\n<\/div><\/div><\/div><\/div><\/section>","protected":false},"excerpt":{"rendered":"<p>SUNWARD \u00a0\u00a0\u00a0\u00a0\u00a0|\u00a0\u00a0\u00a0\u00a0 MOZAIKA SUNWARD\u00a0 \u00a0 |\u00a0 \u00a0MOZAIKA SUNWARDPREDAJ, SERVIS A PO\u017dI\u010cOV\u0147A STAVEBN\u00ddCH STROJOV Spolo\u010dnos\u0165 MPM-QUALITY, a. s. je v\u00fdhradn\u00fdm dovozcom a distrib\u00fatorom stavebnej a zemnej techniky zna\u010dky Sunward. Pre svojich z\u00e1kazn\u00edkov zais\u0165ujeme kompletn\u00e9 slu\u017eby v oblasti predaja strojov a n\u00e1hradn\u00fdch dielov, z\u00e1ru\u010dn\u00e9ho a poz\u00e1ru\u010dn\u00e9ho servisu a odborn\u00e9ho technick\u00e9ho poradenstva. Dod\u00e1vky strojov a zariaden\u00ed s\u00fa podporovan\u00e9 [&hellip;]<\/p>\n","protected":false},"author":3,"featured_media":0,"parent":0,"menu_order":0,"comment_status":"closed","ping_status":"closed","template":"","meta":{"footnotes":""},"_links":{"self":[{"href":"https:\/\/www.mpm-quality.cz\/sk\/wp-json\/wp\/v2\/pages\/20121"}],"collection":[{"href":"https:\/\/www.mpm-quality.cz\/sk\/wp-json\/wp\/v2\/pages"}],"about":[{"href":"https:\/\/www.mpm-quality.cz\/sk\/wp-json\/wp\/v2\/types\/page"}],"author":[{"embeddable":true,"href":"https:\/\/www.mpm-quality.cz\/sk\/wp-json\/wp\/v2\/users\/3"}],"replies":[{"embeddable":true,"href":"https:\/\/www.mpm-quality.cz\/sk\/wp-json\/wp\/v2\/comments?post=20121"}],"version-history":[{"count":15,"href":"https:\/\/www.mpm-quality.cz\/sk\/wp-json\/wp\/v2\/pages\/20121\/revisions"}],"predecessor-version":[{"id":23795,"href":"https:\/\/www.mpm-quality.cz\/sk\/wp-json\/wp\/v2\/pages\/20121\/revisions\/23795"}],"wp:attachment":[{"href":"https:\/\/www.mpm-quality.cz\/sk\/wp-json\/wp\/v2\/media?parent=20121"}],"curies":[{"name":"wp","href":"https:\/\/api.w.org\/{rel}","templated":true}]}}