{"id":20250,"date":"2018-05-22T06:41:14","date_gmt":"2018-05-22T05:41:14","guid":{"rendered":"https:\/\/beta.mpm-quality.cz\/?page_id=20250"},"modified":"2019-12-05T10:55:58","modified_gmt":"2019-12-05T08:55:58","slug":"reklama-a-kancelaria","status":"publish","type":"page","link":"https:\/\/www.mpm-quality.cz\/sk\/reklama-a-kancelaria\/","title":{"rendered":"Reklama a kancel\u00e1ria"},"content":{"rendered":"<section class=\" vc_custom_1529489868395  no-padding\"  style=\"  \"><div class=\"container-fluid\"><div class=\"row\"><div class=\"wpb_column hcode-column-container  hidden-sm hidden-xs col-xs-mobile-fullwidth col-sm-12 text-center center-col\"><div class=\"vc-column-innner-wrapper\"><div  class=\" menu-kategorie2  \" ><div class=\"letter-spacing-2\"><a href=\"\/sk\/reklama-a-kancelaria\/#mpm_reklama\">MPM REKLAMA<\/a> \u00a0\u00a0\u00a0\u00a0\u00a0|\u00a0 \u00a0 \u00a0\u00a0<a href=\"\/sk\/reklama-a-kancelaria\/#kalendare_diare\">KALEND\u00c1RE A DI\u00c1RE<\/a> \u00a0\u00a0\u00a0\u00a0\u00a0|\u00a0\u00a0\u00a0\u00a0\u00a0 <a href=\"\/sk\/reklama-a-kancelaria\/#empen\">EMPEN<\/a><\/div>\n<\/div><\/div><\/div><\/div><\/div><\/section><section class=\"  no-padding\"  style=\"  \"><div class=\"container-fluid\"><div class=\"row\"><div class=\"wpb_column hcode-column-container  hidden-lg hidden-md col-xs-mobile-fullwidth col-sm-12 text-center center-col\"><div class=\"vc-column-innner-wrapper\"><div  class=\" menu-kategorie2  \" ><div class=\"letter-spacing-2\"><a href=\"\/sk\/reklama-a-kancelaria\/#mpm_reklama\">MPM REKLAMA<\/a> \u00a0\u00a0\u00a0|\u00a0 \u00a0\u00a0<a href=\"\/sk\/reklama-a-kancelaria\/#kalendare_diare\">KALEND\u00c1RE A DI\u00c1RE<\/a> \u00a0\u00a0\u00a0|\u00a0\u00a0\u00a0 <a href=\"\/sk\/reklama-a-kancelaria\/#empen2\">EMPEN<\/a><\/div>\n<\/div>[vc_empty_space height=\"10px\"]<\/div><\/div><\/div><\/div><\/section><section class=\"  xs-no-margin no-padding\"  style=\" margin: 10px 0px 15px 0px;  \"><div class=\"container-fluid\"><div class=\"row\"><div class=\"wpb_column hcode-column-container  hidden-sm hidden-xs col-xs-mobile-fullwidth col-sm-12 text-center center-col\"><div class=\"vc-column-innner-wrapper\"><div  class=\" menu-kategorie2  \" ><div class=\"letter-spacing-2\"><a href=\"https:\/\/www.mpm-reklama.cz\/sk\" target=\"_blank\" rel=\"noopener\"><img decoding=\"async\" src=\"https:\/\/www.mpm-quality.cz\/wp-content\/uploads\/2018\/06\/mpm_reklama_logo_2.jpg\" alt=\"eshop prim\" width=\"75px\" \/> \u00a0E-SHOP MPM REKLAMA<\/a> \u00a0\u00a0\u00a0\u00a0\u00a0\u00a0 \u00a0 \u00a0\u00a0<a href=\"https:\/\/www.mpm-reklama.cz\/sk\/kategorie\/empen-1\" target=\"_blank\" rel=\"noopener\"><img decoding=\"async\" src=\"https:\/\/www.mpm-quality.cz\/wp-content\/uploads\/2018\/06\/empen_logo_2.png\" alt=\"eshop mpm hodinky\" width=\"75px\" \/> \u00a0E-SHOP EMPEN<\/a><\/div>\n<\/div><\/div><\/div><\/div><\/div><\/section><section class=\"  no-padding\"  style=\"  \"><div class=\"container\"><div class=\"row\"><div class=\"wpb_column hcode-column-container  hidden-lg hidden-md col-xs-mobile-fullwidth col-sm-12 text-center center-col\"><div class=\"vc-column-innner-wrapper\"><div  class=\" menu-kategorie2  \" ><div class=\"letter-spacing-2\"><a href=\"https:\/\/www.mpm-reklama.cz\/sk\" target=\"_blank\" rel=\"noopener\"><img decoding=\"async\" src=\"https:\/\/www.mpm-quality.cz\/wp-content\/uploads\/2018\/06\/mpm_reklama_logo_2.jpg\" alt=\"eshop prim\" width=\"75px\" \/> \u00a0E-SHOP<\/a>\u00a0 \u00a0 \u00a0\u00a0<a href=\"https:\/\/www.mpm-reklama.cz\/sk\/kategorie\/empen-1\" target=\"_blank\" rel=\"noopener\"><img decoding=\"async\" src=\"https:\/\/www.mpm-quality.cz\/wp-content\/uploads\/2018\/06\/empen_logo_2.png\" alt=\"eshop mpm hodinky\" width=\"75px\" \/> \u00a0E-SHOP<\/a><\/div>\n<\/div><\/div><\/div><\/div><\/div><\/section><section class=\" vc_custom_1523012960106  no-padding\"  style=\"  \"><div class=\"container\"><div class=\"row\"><div class=\"wpb_column hcode-column-container  col-xs-mobile-fullwidth col-sm-12 text-center\"><div class=\"vc-column-innner-wrapper\"><p class=\"text-med black-text\" style=\"text-align: center; font-size: 15px;\">Sme reklamn\u00e1 agent\u00fara poskytuj\u00faca marketingov\u00e9 slu\u017eby na mieru u\u017e 18 rokov. Reklamn\u00e9 dar\u010deky s\u00fa na\u0161ou v\u00e1\u0161\u0148ou. Ponuka reklamn\u00fdch predmetov zahr\u0148uje viac 3500 polo\u017eiek skladom, okrem \u0161tandardnej predmetov V\u00e1m radi pon\u00fakneme z\u00e1kazkov\u00fa v\u00fdrobu Va\u0161ej 3D propag\u00e1cie.<\/p>\n<p class=\"text-med black-text\" style=\"text-align: center; font-size: 15px;\">Nechceme by\u0165 jednoduch\u00fdm distribu\u010dnom \u010dl\u00e1nkom na trhu reklamn\u00fdch predmetov. Reklamn\u00e9 predmety s\u00fa na\u0161ou v\u00e1\u0161\u0148ou a hobby. \u0160pecializujeme sa na v\u00fdvoj a z\u00e1kazkov\u00fa v\u00fdrobu v oblasti 3D propag\u00e1cie a reklamy. Z\u00e1le\u017e\u00ed n\u00e1m na kvalite slu\u017eieb i produktov, ktor\u00e9 poskytujeme, preto\u017ee pr\u00e1ve kvalita je k\u013e\u00fa\u010dov\u00fdm faktorom, ktor\u00fd odr\u00e1\u017ea imid\u017e V\u00e1\u0161ej zna\u010dky.<\/p>\n<\/div><\/div><\/div><\/div><\/section><section class=\"  no-padding\" ><div class=\"container\"><div class=\"row\"><div class=\"wpb_column hcode-column-container  col-lg-1 col-md-1 hidden-md hidden-sm hidden-xs col-xs-mobile-fullwidth col-sm-6\"><div class=\"vc-column-innner-wrapper\"><\/div><\/div><div class=\"wpb_column hcode-column-container  col-lg-2 col-md-offset-0 col-md-4 col-xs-mobile-fullwidth col-sm-6 text-center\"><div class=\"vc-column-innner-wrapper\"><div  class=\"work-process-sub position-relative overflow-hidden\" ><div class=\"work-process-text\"><span class=\"work-process-number font-weight-100 display-block yellow-text2\" style=\"color:#000000;\">1<\/span><span class=\"text-uppercase letter-spacing-2 font-weight-600 \"  style=\"color:#000000;\">V\u00ddBER PREDMETU<\/span><\/div><div class=\"work-process-details position-absolute display-block\"><i class=\"fa fa-shopping-cart small-icon display-block\" ><\/i><span class=\"text-small text-uppercase\"><span style=\"font-size: 10px; color: black;\">KA\u017dD\u00dd PREDMET SA M\u00d4\u017dE STA\u0164 3D NOSI\u010cOM REKLAMN\u00c9HO OZN\u00c1MENIA V\u010eAKA R\u00d4ZNYM TECHNOL\u00d3GI\u00c1M POTLA\u010cE<\/span><\/span><\/div><\/div><\/div><\/div><div class=\"wpb_column hcode-column-container  col-lg-2 col-md-4 col-xs-mobile-fullwidth col-sm-6 text-center\"><div class=\"vc-column-innner-wrapper\"><div  class=\"work-process-sub position-relative overflow-hidden cislovani\" ><div class=\"work-process-text\"><span class=\"work-process-number font-weight-100 display-block yellow-text2\" style=\"color:#000000;\">2<\/span><span class=\"text-uppercase letter-spacing-2 font-weight-600 \"  style=\"color:#000000;\">Grafika<\/span><\/div><div class=\"work-process-details position-absolute display-block\"><i class=\"fa fa-pencil-square-o small-icon display-block\" ><\/i><span class=\"text-small text-uppercase\"><span style=\"font-size: 10px; color: black;\">PO V\u00ddBERE REKLAMN\u00c9HO PREDMETU SA V NA\u0160OM GRAFICKOM \u0160T\u00daDIU SPRACUJE GRAFICK\u00dd N\u00c1HLED<\/span><\/span><\/div><\/div><\/div><\/div><div class=\"wpb_column hcode-column-container  col-lg-2 col-md-4 col-xs-mobile-fullwidth col-sm-6 text-center\"><div class=\"vc-column-innner-wrapper\"><div  class=\"work-process-sub position-relative overflow-hidden cislovani\" ><div class=\"work-process-text\"><span class=\"work-process-number font-weight-100 display-block yellow-text2\" style=\"color:#000000;\">3<\/span><span class=\"text-uppercase letter-spacing-2 font-weight-600 \"  style=\"color:#000000;\">Technol\u00f3gie<\/span><\/div><div class=\"work-process-details position-absolute display-block\"><i class=\"icon-layers small-icon display-block\" ><\/i><span class=\"text-small text-uppercase\"><span style=\"font-size: 10px; color: black;\">OBCHODN\u00c9 ODDELENIE V SPOLUPR\u00c1CI S V\u00ddROBOU V\u00c1M ODPORU\u010c\u00cd VHODN\u00da TECHNOL\u00d3GIU POTLA\u010cE<\/span><\/span><\/div><\/div><\/div><\/div><div class=\"wpb_column hcode-column-container  col-lg-2 col-md-4 col-xs-mobile-fullwidth col-sm-6 text-center\"><div class=\"vc-column-innner-wrapper\"><div  class=\"work-process-sub position-relative overflow-hidden cislovani\" ><div class=\"work-process-text\"><span class=\"work-process-number font-weight-100 display-block yellow-text2\" style=\"color:#000000;\">4<\/span><span class=\"text-uppercase letter-spacing-2 font-weight-600 \"  style=\"color:#000000;\">V\u00fdroba<\/span><\/div><div class=\"work-process-details position-absolute display-block\"><i class=\"fa fa-cogs small-icon display-block\" ><\/i><span class=\"text-small text-uppercase\"><span style=\"font-size: 10px; color: black;\">POTOM JE U\u017d V\u0160ETKO V RUK\u00c1CH NA\u0160EJ V\u00ddROBY, ABY BOL KONE\u010cN\u00dd V\u00ddSLEDOK PRESNE POD\u013dA VA\u0160ICH PREDST\u00c1V<\/span><\/span><\/div><\/div><\/div><\/div><div class=\"wpb_column hcode-column-container  col-lg-2 col-md-4 col-xs-mobile-fullwidth col-sm-6 text-center\"><div class=\"vc-column-innner-wrapper\"><div  class=\"work-process-sub position-relative overflow-hidden cislovani\" ><div class=\"work-process-text\"><span class=\"work-process-number font-weight-100 display-block yellow-text2\" style=\"color:#000000;\">5<\/span><span class=\"text-uppercase letter-spacing-2 font-weight-600 \"  style=\"color:#000000;\">Exped\u00edcia<\/span><\/div><div class=\"work-process-details position-absolute display-block\"><i class=\"fa fa-truck small-icon display-block\" ><\/i><span class=\"text-small text-uppercase\"><span style=\"font-size: 10px; color: black;\">V\u00ddSTUPN\u00c1 KONTROLA A EXPED\u00cdCIA ZAIST\u00cd, ABY V\u0160ETKO V PORIADKU DOPUTOVALO NA VAMI UR\u010cEN\u00c9 MIESTO<\/span><\/span><\/div><\/div><\/div><\/div><\/div><\/div><\/section><section class=\" vc_custom_1526973112431  no-padding\"  style=\" background-color:#e4e4e4; \"><div class=\"container\"><div class=\"row\"><div id=\"mpm_reklama\" class=\"wpb_column hcode-column-container  col-xs-mobile-fullwidth col-sm-12 text-center\"><div class=\"vc-column-innner-wrapper\"><h3 class=\"section-title  no-margin black-text no-padding\" style=\"font-weight:400 !important;;line-height:1.3 !important;\">VA\u0160A ORIGIN\u00c1LNA PREZENT\u00c1CIA ZA\u010c\u00cdNA U N\u00c1S<\/h3><\/div><\/div><\/div><\/div><\/section><section class=\"  sm-margin-top-20px xs-margin-top-20px no-padding sm-no-padding xs-no-padding\" ><div class=\"container-fluid\"><div class=\"row\"><div class=\"wpb_column hcode-column-container  col-lg-6 hidden-lg col-md-7 col-xs-mobile-fullwidth col-sm-12 text-center\" style=\" padding: 30px 5%;\"><div class=\"vc-column-innner-wrapper\"><h1 class=\"section-title  no-margin black-text no-padding\" style=\"font-weight:500 !important;;\">MPM REKLAMA<\/h1><p><span class=\"text-small black-text text-uppercase letter-spacing-3\">REKLAMN\u00c9 A DAR\u010cEKOV\u00c9 PREDMETY PRE VA\u0160U PREZENT\u00c1CIU<\/span><\/p>\n<p class=\"text-med black-text\" style=\"text-align: justify;\">Takmer na v\u0161etko je mo\u017en\u00e9 si dojedna\u0165 potla\u010d s r\u00f4znou povrchovou \u00fapravou. \u010ci u\u017e sa jedn\u00e1 o reklamn\u00fa potla\u010d tri\u010diek a mik\u00edn, potla\u010d hrn\u010dekov, potla\u010d ta\u0161iek alebo ak\u00fdk\u00fa\u013evek potla\u010d dar\u010dekov\u00fdch predmetov vyjdeme v\u00e1m maxim\u00e1lne v \u00fastrety.<\/p>\n<p class=\"text-med black-text\" style=\"text-align: justify;\">Okrem reklamn\u00fdch predmetov sme V\u00e1m schopn\u00fd v spolupr\u00e1ci s na\u0161imi dom\u00e1cimi aj zahrani\u010dn\u00fdmi partnermi zabezpe\u010di\u0165 \u0161irok\u00fa \u0161k\u00e1lu marketingov\u00fdch slu\u017eieb od spracovania vizitiek a tla\u010dov\u00edn, cez roll-upy, a\u017e po polepy \u00e1ut a sveteln\u00fa reklamu. Pre nez\u00e1v\u00e4zn\u00fa ponuku n\u00e1s kontaktujte. Ver\u00edme, \u017ee vysok\u00e1 kvalita na\u0161ich slu\u017eieb aj produktov bude kore\u0161pondova\u0165 s image V\u00e1\u0161ho brandu.<\/p>\n<p class=\"text-med black-text\" style=\"text-align: justify;\">Pre individu\u00e1lnu cenov\u00fa ponuku na vybran\u00e9 reklamn\u00e9 predmety kontaktujte pros\u00edm na\u0161e oddelenie reklamn\u00fdch predmetov.<\/p>\n<a  href=\"https:\/\/www.mpm-reklama.cz\/sk\" target=\"_blank\" class=\"inner-link tlacitko_web highlight-button-dark btn-medium  button btn\"  style=\" margin: 0% 2% 2% 0%;\">E-shop<\/a><a  href=\"https:\/\/www.mpm-reklama.cz\/sk\/informace\/katalogy\" target=\"_blank\" class=\"inner-link tlacitko_web highlight-button-dark btn-medium  button btn\"  style=\" margin: 0% 2% 2% 0%;\">Katal\u00f3g MPM<\/a><a  href=\"https:\/\/www.mpm-reklama.cz\/sk\/informace\/katalogy#stojanceky\" target=\"_blank\" class=\"inner-link tlacitko_web highlight-button-dark btn-medium  button btn\" >Katal\u00f3g stojan\u010dekov<\/a><\/div><\/div><div class=\"wpb_column hcode-column-container  col-lg-6 col-md-7 hidden-md hidden-sm hidden-xs col-xs-mobile-fullwidth col-sm-12 text-center\" style=\" padding: 50px 5% 30px 5%;\"><div class=\"vc-column-innner-wrapper\"><h1 class=\"section-title  no-margin black-text no-padding\" style=\"font-weight:500 !important;;\">MPM REKLAMA<\/h1><p><span class=\"text-small black-text text-uppercase letter-spacing-3\">REKLAMN\u00c9 A DAR\u010cEKOV\u00c9 PREDMETY PRE VA\u0160U PREZENT\u00c1CIU<\/span><\/p>\n<p class=\"text-med black-text\" style=\"text-align: justify;\">Takmer na v\u0161etko je mo\u017en\u00e9 si dojedna\u0165 potla\u010d s r\u00f4znou povrchovou \u00fapravou. \u010ci u\u017e sa jedn\u00e1 o reklamn\u00fa potla\u010d tri\u010diek a mik\u00edn, potla\u010d hrn\u010dekov, potla\u010d ta\u0161iek alebo ak\u00fdk\u00fa\u013evek potla\u010d dar\u010dekov\u00fdch predmetov vyjdeme v\u00e1m maxim\u00e1lne v \u00fastrety.<\/p>\n<p class=\"text-med black-text\" style=\"text-align: justify;\">Okrem reklamn\u00fdch predmetov sme V\u00e1m schopn\u00fd v spolupr\u00e1ci s na\u0161imi dom\u00e1cimi aj zahrani\u010dn\u00fdmi partnermi zabezpe\u010di\u0165 \u0161irok\u00fa \u0161k\u00e1lu marketingov\u00fdch slu\u017eieb od spracovania vizitiek a tla\u010dov\u00edn, cez roll-upy, a\u017e po polepy \u00e1ut a sveteln\u00fa reklamu. Pre nez\u00e1v\u00e4zn\u00fa ponuku n\u00e1s kontaktujte. Ver\u00edme, \u017ee vysok\u00e1 kvalita na\u0161ich slu\u017eieb aj produktov bude kore\u0161pondova\u0165 s image V\u00e1\u0161ho brandu.<\/p>\n<p class=\"text-med black-text\" style=\"text-align: justify;\">Pre individu\u00e1lnu cenov\u00fa ponuku na vybran\u00e9 reklamn\u00e9 predmety kontaktujte pros\u00edm na\u0161e oddelenie reklamn\u00fdch predmetov.<\/p>\n<a  href=\"https:\/\/www.mpm-reklama.cz\/sk\" target=\"_blank\" class=\"inner-link tlacitko_web highlight-button-dark btn-medium  button btn\"  style=\" margin: 0% 2% 2% 0%;\">E-shop<\/a><a  href=\"https:\/\/www.mpm-reklama.cz\/sk\/informace\/katalogy\" target=\"_blank\" class=\"inner-link tlacitko_web highlight-button-dark btn-medium  button btn\"  style=\" margin: 0% 2% 2% 0%;\">Katal\u00f3g MPM<\/a><a  href=\"https:\/\/www.mpm-reklama.cz\/sk\/informace\/katalogy#stojanceky\" target=\"_blank\" class=\"inner-link tlacitko_web highlight-button-dark btn-medium  button btn\" >Katal\u00f3g stojan\u010dekov<\/a><\/div><\/div><div class=\"wpb_column hcode-column-container  col-lg-6 col-md-5 col-xs-mobile-fullwidth col-sm-12 no-padding sm-padding-five-lr xs-padding-five-lr\"><div class=\"vc-column-innner-wrapper\"><div  class=\"cover-background  min-height-450 bg-image-srcset\" style=\"background-image:url(https:\/\/www.mpm-quality.cz\/wp-content\/uploads\/2018\/04\/reklamni_predmety.jpg);min-height:600px;\" data-bg-srcset=\"https:\/\/www.mpm-quality.cz\/wp-content\/uploads\/2018\/04\/reklamni_predmety.jpg 1920w, https:\/\/www.mpm-quality.cz\/wp-content\/uploads\/2018\/04\/reklamni_predmety-300x200.jpg 300w, https:\/\/www.mpm-quality.cz\/wp-content\/uploads\/2018\/04\/reklamni_predmety-768x512.jpg 768w, https:\/\/www.mpm-quality.cz\/wp-content\/uploads\/2018\/04\/reklamni_predmety-1024x683.jpg 1024w, https:\/\/www.mpm-quality.cz\/wp-content\/uploads\/2018\/04\/reklamni_predmety-81x54.jpg 81w\"><div class=\"img-border\"><\/div><\/div><div id=kalendare_diare class=\"  \" ><\/div><\/div><\/div><\/div><\/div><\/section><section class=\"  sm-margin-top-20px xs-margin-top-20px no-padding sm-no-padding xs-no-padding\"  style=\"  \"><div class=\"container-fluid\"><div class=\"row\"><div class=\"wpb_column hcode-column-container  col-lg-7 col-md-6 hidden-sm hidden-xs col-xs-mobile-fullwidth col-sm-12 no-padding\"><div class=\"vc-column-innner-wrapper\"><div  class=\"cover-background  min-height-450 ramecek bg-image-srcset\" style=\"background-image:url(https:\/\/www.mpm-quality.cz\/wp-content\/uploads\/2018\/04\/kalendare_diare_3.jpg);min-height:500px;\" data-bg-srcset=\"https:\/\/www.mpm-quality.cz\/wp-content\/uploads\/2018\/04\/kalendare_diare_3.jpg 1920w, https:\/\/www.mpm-quality.cz\/wp-content\/uploads\/2018\/04\/kalendare_diare_3-300x200.jpg 300w, https:\/\/www.mpm-quality.cz\/wp-content\/uploads\/2018\/04\/kalendare_diare_3-768x512.jpg 768w, https:\/\/www.mpm-quality.cz\/wp-content\/uploads\/2018\/04\/kalendare_diare_3-1024x683.jpg 1024w, https:\/\/www.mpm-quality.cz\/wp-content\/uploads\/2018\/04\/kalendare_diare_3-81x54.jpg 81w\"><div class=\"img-border\"><\/div><\/div><\/div><\/div><div id=\"kalendare_diare\" class=\"wpb_column hcode-column-container  col-lg-5 col-md-6 hidden-sm hidden-xs col-xs-mobile-fullwidth col-sm-12 text-center\" style=\" padding: 150px 5% 0px 5%;;\"><div class=\"vc-column-innner-wrapper\"><h1 class=\"section-title  no-margin black-text no-padding\" style=\"font-weight:500 !important;;\">KALEND\u00c1RE A DI\u00c1RE<\/h1><p class=\"text-med black-text\" style=\"text-align: justify; margin-top: 22px; margin-bottom: 0px;\">Kalend\u00e1re a di\u00e1re tradi\u010dne b\u00fdvaj\u00fa najob\u013e\u00fabenej\u0161\u00edmi dar\u010deky pre partnerov a zamestnancov. V r\u00e1mci na\u0161ich slu\u017eieb vyr\u00e1bame personalizovan\u00e9 di\u00e1re a kalend\u00e1re na z\u00e1kazku presne pod\u013ea va\u0161ich predst\u00e1v.<\/p>\n<div id=empen class=\"  \" ><\/div><\/div><\/div><div class=\"wpb_column hcode-column-container  col-lg-5 hidden-lg col-md-6 hidden-md col-xs-mobile-fullwidth col-sm-12 text-center\" style=\" padding: 30px 5%;\"><div class=\"vc-column-innner-wrapper\"><h1 class=\"section-title  no-margin black-text no-padding\" style=\"font-weight:500 !important;;\">KALEND\u00c1RE A DI\u00c1RE<\/h1><p class=\"text-med black-text\" style=\"text-align: justify; margin-top: 22px; margin-bottom: 0px;\">Kalend\u00e1re a di\u00e1re tradi\u010dne b\u00fdvaj\u00fa najob\u013e\u00fabenej\u0161\u00edmi dar\u010deky pre partnerov a zamestnancov. V r\u00e1mci na\u0161ich slu\u017eieb vyr\u00e1bame personalizovan\u00e9 di\u00e1re a kalend\u00e1re na z\u00e1kazku presne pod\u013ea va\u0161ich predst\u00e1v.<\/p>\n<\/div><\/div><div class=\"wpb_column hcode-column-container  hidden-lg hidden-md col-xs-mobile-fullwidth col-sm-12 no-padding sm-padding-five-lr xs-padding-five-lr\"><div class=\"vc-column-innner-wrapper\"><div  class=\"cover-background  min-height-450 ramecek bg-image-srcset\" style=\"background-image:url(https:\/\/www.mpm-quality.cz\/wp-content\/uploads\/2018\/04\/kalendare_diare_3.jpg);min-height:600px;\" data-bg-srcset=\"https:\/\/www.mpm-quality.cz\/wp-content\/uploads\/2018\/04\/kalendare_diare_3.jpg 1920w, https:\/\/www.mpm-quality.cz\/wp-content\/uploads\/2018\/04\/kalendare_diare_3-300x200.jpg 300w, https:\/\/www.mpm-quality.cz\/wp-content\/uploads\/2018\/04\/kalendare_diare_3-768x512.jpg 768w, https:\/\/www.mpm-quality.cz\/wp-content\/uploads\/2018\/04\/kalendare_diare_3-1024x683.jpg 1024w, https:\/\/www.mpm-quality.cz\/wp-content\/uploads\/2018\/04\/kalendare_diare_3-81x54.jpg 81w\"><div class=\"img-border\"><\/div><\/div><div id=empen2 class=\"  \" ><\/div><\/div><\/div><\/div><\/div><\/section><section class=\"  sm-margin-top-20px xs-margin-top-20px no-padding sm-no-padding xs-no-padding\" ><div class=\"container-fluid\"><div class=\"row\"><div class=\"wpb_column hcode-column-container  col-lg-6 hidden-lg col-md-6 col-xs-mobile-fullwidth col-sm-12 text-center\" style=\" padding: 30px 5%;\"><div class=\"vc-column-innner-wrapper\"><h1 class=\"section-title  no-margin black-text no-padding\" style=\"font-weight:500 !important;;\">EMPEN<\/h1><p><span class=\"text-small black-text text-uppercase letter-spacing-3\">Kancel\u00e1rske potreby pre ka\u017edodenn\u00e9 pou\u017eitie<\/span><\/p>\n<p class=\"text-med black-text\" style=\"text-align: justify;\">Sme v\u00fdrobcom kancel\u00e1rsky potrieb EMPEN. Zna\u010dku EMPEN n\u00e1jdete v sortimente obchodov s kancel\u00e1rskym tovarom na \u00fazem\u00ed \u010ceskej republiky, Po\u013eska, Slovenska i Ma\u010farska.<\/p>\n<p class=\"text-med black-text\" style=\"text-align: justify;\">N\u00e1\u0161 sortiment zahr\u0148uje viac 600 polo\u017eiek a st\u00e1le sa rozrast\u00e1. U\u017e teraz si m\u00f4\u017eete pod zna\u010dkou EMPEN k\u00fapi\u0165 v\u0161etko potrebn\u00e9 pre \u00faspe\u0161n\u00e9 zvl\u00e1dnutie kancel\u00e1rskej operat\u00edvy od tu\u0161ky a\u017e po vedeck\u00fa kalkula\u010dku.<\/p>\n<p class=\"text-med black-text\" style=\"text-align: justify;\">Ak m\u00e1te z\u00e1ujem zaradi\u0165 sa medzi distrib\u00fatorov zna\u010dky EMPEN, nev\u00e1hajte kontaktova\u0165 na\u0161e obchodn\u00e9 oddelenie.<\/p>\n<a  href=\"https:\/\/www.mpm-reklama.cz\/sk\/kategorie\/empen-1\" target=\"_blank\" class=\"inner-link tlacitko_web highlight-button-dark btn-medium  button btn\"  style=\" margin: 0% 2% 0% 0%;\">E-shop<\/a><a  href=\"https:\/\/www.mpm-reklama.cz\/sk\/informace\/katalogy#empen\" target=\"_blank\" class=\"inner-link tlacitko_web highlight-button-dark btn-medium  button btn\" >Katal\u00f3g<\/a><\/div><\/div><div class=\"wpb_column hcode-column-container  col-lg-6 col-md-6 hidden-md hidden-sm hidden-xs col-xs-mobile-fullwidth col-sm-12 text-center\" style=\" padding: 60px 5% 0px 5%;\"><div class=\"vc-column-innner-wrapper\"><h1 class=\"section-title  no-margin black-text no-padding\" style=\"font-weight:500 !important;;\">EMPEN<\/h1><p><span class=\"text-small black-text text-uppercase letter-spacing-3\">Kancel\u00e1rske potreby pre ka\u017edodenn\u00e9 pou\u017eitie<\/span><\/p>\n<p class=\"text-med black-text\" style=\"text-align: justify;\">Sme v\u00fdrobcom kancel\u00e1rsky potrieb EMPEN. Zna\u010dku EMPEN n\u00e1jdete v sortimente obchodov s kancel\u00e1rskym tovarom na \u00fazem\u00ed \u010ceskej republiky, Po\u013eska, Slovenska i Ma\u010farska.<\/p>\n<p class=\"text-med black-text\" style=\"text-align: justify;\">N\u00e1\u0161 sortiment zahr\u0148uje viac 600 polo\u017eiek a st\u00e1le sa rozrast\u00e1. U\u017e teraz si m\u00f4\u017eete pod zna\u010dkou EMPEN k\u00fapi\u0165 v\u0161etko potrebn\u00e9 pre \u00faspe\u0161n\u00e9 zvl\u00e1dnutie kancel\u00e1rskej operat\u00edvy od tu\u0161ky a\u017e po vedeck\u00fa kalkula\u010dku.<\/p>\n<p class=\"text-med black-text\" style=\"text-align: justify;\">Ak m\u00e1te z\u00e1ujem zaradi\u0165 sa medzi distrib\u00fatorov zna\u010dky EMPEN, nev\u00e1hajte kontaktova\u0165 na\u0161e obchodn\u00e9 oddelenie.<\/p>\n<a  href=\"https:\/\/www.mpm-reklama.cz\/sk\/kategorie\/empen-1\" target=\"_blank\" class=\"inner-link tlacitko_web highlight-button-dark btn-medium  button btn\"  style=\" margin: 0% 2% 0% 0%;\">E-shop<\/a><a  href=\"https:\/\/www.mpm-reklama.cz\/sk\/informace\/katalogy#empen\" target=\"_blank\" class=\"inner-link tlacitko_web highlight-button-dark btn-medium  button btn\" >Katal\u00f3g<\/a><\/div><\/div><div class=\"wpb_column hcode-column-container  col-lg-6 col-md-6 col-xs-mobile-fullwidth col-sm-12 no-padding sm-padding-five-lr xs-padding-five-lr\"><div class=\"vc-column-innner-wrapper\"><div  class=\"cover-background  min-height-450 bg-image-srcset\" style=\"background-image:url(https:\/\/www.mpm-quality.cz\/wp-content\/uploads\/2018\/04\/empen_5.jpg);min-height:550px;\" data-bg-srcset=\"https:\/\/www.mpm-quality.cz\/wp-content\/uploads\/2018\/04\/empen_5.jpg 1920w, https:\/\/www.mpm-quality.cz\/wp-content\/uploads\/2018\/04\/empen_5-300x200.jpg 300w, https:\/\/www.mpm-quality.cz\/wp-content\/uploads\/2018\/04\/empen_5-768x512.jpg 768w, https:\/\/www.mpm-quality.cz\/wp-content\/uploads\/2018\/04\/empen_5-1024x683.jpg 1024w, https:\/\/www.mpm-quality.cz\/wp-content\/uploads\/2018\/04\/empen_5-81x54.jpg 81w\"><div class=\"img-border\"><\/div><\/div><\/div><\/div><\/div><\/div><\/section><section class=\"  no-padding\" ><div class=\"container-fluid\"><div class=\"row\"><div class=\"wpb_column hcode-column-container  hidden-lg hidden-md col-xs-mobile-fullwidth col-sm-12\"><div class=\"vc-column-innner-wrapper\">[vc_empty_space height=\"4rem\"]<\/div><\/div><\/div><\/div><\/section>","protected":false},"excerpt":{"rendered":"<p>MPM REKLAMA \u00a0\u00a0\u00a0\u00a0\u00a0|\u00a0 \u00a0 \u00a0\u00a0KALEND\u00c1RE A DI\u00c1RE \u00a0\u00a0\u00a0\u00a0\u00a0|\u00a0\u00a0\u00a0\u00a0\u00a0 EMPEN MPM REKLAMA \u00a0\u00a0\u00a0|\u00a0 \u00a0\u00a0KALEND\u00c1RE A DI\u00c1RE \u00a0\u00a0\u00a0|\u00a0\u00a0\u00a0 EMPEN [vc_empty_space height=&#8220;10px&#8220;] \u00a0E-SHOP MPM REKLAMA \u00a0\u00a0\u00a0\u00a0\u00a0\u00a0 \u00a0 \u00a0\u00a0 \u00a0E-SHOP EMPEN \u00a0E-SHOP\u00a0 \u00a0 \u00a0\u00a0 \u00a0E-SHOP Sme reklamn\u00e1 agent\u00fara poskytuj\u00faca marketingov\u00e9 slu\u017eby na mieru u\u017e 18 rokov. Reklamn\u00e9 dar\u010deky s\u00fa na\u0161ou v\u00e1\u0161\u0148ou. Ponuka reklamn\u00fdch predmetov zahr\u0148uje viac 3500 polo\u017eiek skladom, [&hellip;]<\/p>\n","protected":false},"author":3,"featured_media":0,"parent":0,"menu_order":0,"comment_status":"closed","ping_status":"closed","template":"","meta":{"footnotes":""},"_links":{"self":[{"href":"https:\/\/www.mpm-quality.cz\/sk\/wp-json\/wp\/v2\/pages\/20250"}],"collection":[{"href":"https:\/\/www.mpm-quality.cz\/sk\/wp-json\/wp\/v2\/pages"}],"about":[{"href":"https:\/\/www.mpm-quality.cz\/sk\/wp-json\/wp\/v2\/types\/page"}],"author":[{"embeddable":true,"href":"https:\/\/www.mpm-quality.cz\/sk\/wp-json\/wp\/v2\/users\/3"}],"replies":[{"embeddable":true,"href":"https:\/\/www.mpm-quality.cz\/sk\/wp-json\/wp\/v2\/comments?post=20250"}],"version-history":[{"count":12,"href":"https:\/\/www.mpm-quality.cz\/sk\/wp-json\/wp\/v2\/pages\/20250\/revisions"}],"predecessor-version":[{"id":21866,"href":"https:\/\/www.mpm-quality.cz\/sk\/wp-json\/wp\/v2\/pages\/20250\/revisions\/21866"}],"wp:attachment":[{"href":"https:\/\/www.mpm-quality.cz\/sk\/wp-json\/wp\/v2\/media?parent=20250"}],"curies":[{"name":"wp","href":"https:\/\/api.w.org\/{rel}","templated":true}]}}